{"id":2274,"date":"2024-05-16T13:46:25","date_gmt":"2024-05-16T13:46:25","guid":{"rendered":"https:\/\/www.zeliatech.com\/it\/?page_id=2274"},"modified":"2026-01-26T21:11:16","modified_gmt":"2026-01-26T21:11:16","slug":"compliance","status":"publish","type":"page","link":"https:\/\/www.zeliatech.eu\/it\/compliance\/","title":{"rendered":"Compliance"},"content":{"rendered":"\n\n\t<center><\/center>\n<h1>\n\t\t\tCompliance\t<\/h1>\n<h2>\n\t\t\tDocumenti relativi alla societ\u00e0 Zeliatech s.r.l.\t<\/h2>\n<h3>\n\t\t\tModello organizzativo e ODV\t<\/h3>\n\t<p>l Decreto Legislativo 8 giugno 2001 n. 231 ha introdotto una disciplina della responsabilit\u00e0 amministrativa delle societ\u00e0&#8217; per reati (tra gli altri, i reati societari e i reati contro la pubblica amministrazione quali la corruzione e la concussione) commessi dagli amministratori, dirigenti o dipendenti nell&#8217;interesse o a vantaggio della societ\u00e0 stessa. Nell&#8217;introdurre il suddetto regime di responsabilit\u00e0 amministrativa, peraltro, il D.Lgs. 231\/2001 prevede una specifica forma di esonero dalla responsabilit\u00e0 se la societ\u00e0 dimostra di aver adottato ed efficacemente attuato modelli di organizzazione, gestione e controllo idonei a prevenire reati della specie di quello verificatosi.<\/p>\n<p>I valori di trasparenza, correttezza e lealt\u00e0 cui si ispira il Gruppo Esprinet sono alla base dell&#8217;adozione da parte della Societ\u00e0, di un modello di organizzazione, gestione e controllo (c.d. Modello organizzativo 231) funzionale alla prevenzione del rischio di commissione di reati rilevanti ai fini del citato D. Lgs. 231\/2001.<\/p>\nIl Modello di Organizzazione, Gestione e Controllo \u00e8 stato approvato in data 13 giugno 2024.<br \/>\nL&#8217;attuale Organismo di Vigilanza \u00e8 composto da: Carlo Ferrucci, Presidente, membro esterno.\n<h3>\n\t\t\tWhistleblowing\t<\/h3>\n\t<p>l Gruppo intende incentivare la possibilit\u00e0 di segnalare casi di eventuali violazioni, ossia comportamenti, atti od omissioni che ledono l&#8217;interesse pubblico o l&#8217;integrit\u00e0 dell&#8217;ente privato e che consistono in condotte illecite rilevanti ai sensi del D.lgs. 231\/01 o violazioni del Codice Etico e\/o Modello di Organizzazione, Gestione e Controllo delle Societ\u00e0 del Gruppo Esprinet S.p.A., o illeciti che rientrano nell&#8217;ambito di applicazione degli atti dell&#8217;Unione europea o nazionali, o atti od omissioni che ledono gli interessi finanziari dell&#8217;Unione o il mercato interno, o atti o comportamenti che vanificano l&#8217;oggetto o la finalit\u00e0 delle disposizioni degli atti dell&#8217;Unione, di cui dipendenti\/lavoratori\/persone che operano nel contesto aziendale (compresi anche consulenti, collaboratori, azionisti, volontari, tirocinanti, etc.) siano venuti a conoscenza.<\/p>\n<p>Tutti i dipendenti\/lavoratori\/persone che operano nel contesto aziendale possono segnalare all&#8217;ente gestore della segnalazione qualunque violazione utilizzando i seguenti canali scritti ed orali:<\/p>\n<ul>\n<li>tramite piattaforma di Whistleblowing accessibile da qualsiasi browser avente il seguente indirizzo <a href=\"https:\/\/esprinet.eticainsieme.it\/#\/\"><strong>https:\/\/esprinet.eticainsieme.it\/#\/<\/strong><\/a>.<\/li>\n<li>chiamando il numero telefonico +393427755190 (non sottoposto a procedura di registrazione).<\/li>\n<\/ul>\n\t\t\t<a href=\"https:\/\/statics.esprinet.com\/prod\/2025\/09\/DIS0101.pdf\" target=\"_blank\" rel=\"noopener\">\n\t\t\t\t\t\t\tPolicy Whistleblowing\n\t\t\t\t\t<\/a>\n<h3>\n\t\t\tIl Codice Etico\t<\/h3>\n\t<p>La Mission del Gruppo \u00e8 essere il punto di contatto chiave tra produttori, rivenditori e fruitori di tecnologia. La volont\u00e0 \u00e8 quella di creare valore per loro, per gli azionisti e per i dipendenti attraverso una costante strategia di crescita condivisa e basata su un modello di distribuzione innovativo, per:<\/p>\n<ul>\n<li>favorire la fruizione allargata di ogni tecnologia con una distribuzione efficiente su tutti i canali di contatto con consumatori e organizzazioni;<\/li>\n<li>sviluppare strumenti operativi e finanziari efficaci e innovativi per affrontare l&#8217;evoluzione dei mercati;<\/li>\n<li>essere punto di riferimento nel mercato della tecnologia grazie alle migliori competenze professionali<\/li>\n<\/ul>\n<p>Il Codice Etico, che trova applicazione in relazione a tutte le attivit\u00e0 svolte dal Gruppo Esprinet:<\/p>\n<ul>\n<li>stabilisce le linee di condotta e regola il complesso di diritti, doveri e responsabilit\u00e0 che il Gruppo assume espressamente con i propri stakeholder;<\/li>\n<li>definisce i criteri etici adottati per un corretto equilibrio tra aspettative e interessi dei vari portatori di interesse;<\/li>\n<li>contiene principi e linee guida di comportamento su eventuali aree a rischio etico.<\/li>\n<\/ul>\n\t\t\t<a href=\"https:\/\/www.esprinet.com\/wp-content\/uploads\/2023\/09\/Codice-Etico_2023-ITA.pdf\" target=\"_blank\" rel=\"noopener\">\n\t\t\t\t\t\t\tCodice Etico\n\t\t\t\t\t<\/a>\n<h3>\n\t\t\tIl Codice di Comportamento Fornitori\t<\/h3>\n\t<p>Il Gruppo Esprinet intende inoltre instaurare con i propri fornitori e business partner relazioni commerciali improntate alla trasparenza, alla correttezza e all&#8217;etica negoziale. Lo sviluppo di relazioni trasparenti e durevoli con i fornitori, l&#8217;attenzione alla qualit\u00e0, alla sicurezza e al rispetto dell&#8217;ambiente, l&#8217;osservanza della normativa vigente rappresentano obiettivi da perseguire nell&#8217;ottica del consolidamento del valore creato per gli stakeholder.<\/p>\n<p>Pertanto, in connessione con il Codice Etico, il Gruppo ha definito un Codice di Comportamento destinato ad orientare le relazioni lungo la sua catena di fornitura.<\/p>\n\t\t\t<a href=\"https:\/\/www.esprinet.com\/wp-content\/uploads\/2023\/09\/Codice-Comportamento-Fornitori-2023-ITA.pdf\" target=\"_blank\" rel=\"noopener\">\n\t\t\t\t\t\t\tCodice di Comportamento Fornitori\n\t\t\t\t\t<\/a>\n\n","protected":false},"excerpt":{"rendered":"<p>Compliance Documenti relativi alla societ\u00e0 Zeliatech s.r.l. Modello organizzativo e ODV l Decreto Legislativo 8 giugno 2001 n. 231 ha introdotto una disciplina della responsabilit\u00e0 amministrativa delle societ\u00e0&#8217; per reati (tra gli altri, i reati societari e i reati contro la pubblica amministrazione quali la corruzione e la concussione) commessi dagli amministratori, dirigenti o dipendenti&hellip;<\/p>\n","protected":false},"author":1,"featured_media":0,"parent":0,"menu_order":27,"comment_status":"closed","ping_status":"closed","template":"","meta":{"_acf_changed":false,"footnotes":""},"class_list":["post-2274","page","type-page","status-publish","hentry"],"acf":{"translations_hreflang":[{"language_code":"en","translation_url":"https:\/\/www.zeliatech.eu\/en\/compliance\/"}]},"yoast_head":"<!-- This site is optimized with the Yoast SEO plugin v27.4 - https:\/\/yoast.com\/product\/yoast-seo-wordpress\/ -->\n<title>Compliance - Zeliatech<\/title>\n<meta name=\"robots\" content=\"noindex, nofollow\" \/>\n<meta property=\"og:locale\" content=\"it_IT\" \/>\n<meta property=\"og:type\" content=\"article\" \/>\n<meta property=\"og:title\" content=\"Compliance - Zeliatech\" \/>\n<meta property=\"og:description\" content=\"Compliance Documenti relativi alla societ\u00e0 Zeliatech s.r.l. Modello organizzativo e ODV l Decreto Legislativo 8 giugno 2001 n. 231 ha introdotto una disciplina della responsabilit\u00e0 amministrativa delle societ\u00e0&#8217; per reati (tra gli altri, i reati societari e i reati contro la pubblica amministrazione quali la corruzione e la concussione) commessi dagli amministratori, dirigenti o dipendenti&hellip;\" \/>\n<meta property=\"og:url\" content=\"https:\/\/www.zeliatech.eu\/it\/compliance\/\" \/>\n<meta property=\"og:site_name\" content=\"Zeliatech-IT\" \/>\n<meta property=\"article:modified_time\" content=\"2026-01-26T21:11:16+00:00\" \/>\n<meta name=\"twitter:card\" content=\"summary_large_image\" \/>\n<meta name=\"twitter:label1\" content=\"Tempo di lettura stimato\" \/>\n\t<meta name=\"twitter:data1\" content=\"4 minuti\" \/>\n<script type=\"application\/ld+json\" class=\"yoast-schema-graph\">{\"@context\":\"https:\\\/\\\/schema.org\",\"@graph\":[{\"@type\":\"WebPage\",\"@id\":\"https:\\\/\\\/www.zeliatech.eu\\\/it\\\/compliance\\\/\",\"url\":\"https:\\\/\\\/www.zeliatech.eu\\\/it\\\/compliance\\\/\",\"name\":\"Compliance - Zeliatech\",\"isPartOf\":{\"@id\":\"https:\\\/\\\/www.zeliatech.eu\\\/it\\\/#website\"},\"datePublished\":\"2024-05-16T13:46:25+00:00\",\"dateModified\":\"2026-01-26T21:11:16+00:00\",\"breadcrumb\":{\"@id\":\"https:\\\/\\\/www.zeliatech.eu\\\/it\\\/compliance\\\/#breadcrumb\"},\"inLanguage\":\"it-IT\",\"potentialAction\":[{\"@type\":\"ReadAction\",\"target\":[\"https:\\\/\\\/www.zeliatech.eu\\\/it\\\/compliance\\\/\"]}]},{\"@type\":\"BreadcrumbList\",\"@id\":\"https:\\\/\\\/www.zeliatech.eu\\\/it\\\/compliance\\\/#breadcrumb\",\"itemListElement\":[{\"@type\":\"ListItem\",\"position\":1,\"name\":\"Home\",\"item\":\"https:\\\/\\\/www.zeliatech.eu\\\/it\\\/\"},{\"@type\":\"ListItem\",\"position\":2,\"name\":\"Compliance\"}]},{\"@type\":\"WebSite\",\"@id\":\"https:\\\/\\\/www.zeliatech.eu\\\/it\\\/#website\",\"url\":\"https:\\\/\\\/www.zeliatech.eu\\\/it\\\/\",\"name\":\"Zeliatech-IT\",\"description\":\"\",\"publisher\":{\"@id\":\"https:\\\/\\\/www.zeliatech.eu\\\/it\\\/#organization\"},\"potentialAction\":[{\"@type\":\"SearchAction\",\"target\":{\"@type\":\"EntryPoint\",\"urlTemplate\":\"https:\\\/\\\/www.zeliatech.eu\\\/it\\\/?s={search_term_string}\"},\"query-input\":{\"@type\":\"PropertyValueSpecification\",\"valueRequired\":true,\"valueName\":\"search_term_string\"}}],\"inLanguage\":\"it-IT\"},{\"@type\":\"Organization\",\"@id\":\"https:\\\/\\\/www.zeliatech.eu\\\/it\\\/#organization\",\"name\":\"Zeliatech S.r.l.\",\"url\":\"https:\\\/\\\/www.zeliatech.eu\\\/it\\\/\",\"logo\":{\"@type\":\"ImageObject\",\"inLanguage\":\"it-IT\",\"@id\":\"https:\\\/\\\/www.zeliatech.eu\\\/it\\\/#\\\/schema\\\/logo\\\/image\\\/\",\"url\":\"https:\\\/\\\/www.zeliatech.eu\\\/wp-content\\\/uploads\\\/Zeliatech-logo-1.png\",\"contentUrl\":\"https:\\\/\\\/www.zeliatech.eu\\\/wp-content\\\/uploads\\\/Zeliatech-logo-1.png\",\"width\":319,\"height\":72,\"caption\":\"Zeliatech S.r.l.\"},\"image\":{\"@id\":\"https:\\\/\\\/www.zeliatech.eu\\\/it\\\/#\\\/schema\\\/logo\\\/image\\\/\"},\"sameAs\":[\"https:\\\/\\\/www.linkedin.com\\\/company\\\/zeliatech-tech\\\/\"]}]}<\/script>\n<!-- \/ Yoast SEO plugin. -->","yoast_head_json":{"title":"Compliance - Zeliatech","robots":{"index":"noindex","follow":"nofollow"},"og_locale":"it_IT","og_type":"article","og_title":"Compliance - Zeliatech","og_description":"Compliance Documenti relativi alla societ\u00e0 Zeliatech s.r.l. Modello organizzativo e ODV l Decreto Legislativo 8 giugno 2001 n. 231 ha introdotto una disciplina della responsabilit\u00e0 amministrativa delle societ\u00e0&#8217; per reati (tra gli altri, i reati societari e i reati contro la pubblica amministrazione quali la corruzione e la concussione) commessi dagli amministratori, dirigenti o dipendenti&hellip;","og_url":"https:\/\/www.zeliatech.eu\/it\/compliance\/","og_site_name":"Zeliatech-IT","article_modified_time":"2026-01-26T21:11:16+00:00","twitter_card":"summary_large_image","twitter_misc":{"Tempo di lettura stimato":"4 minuti"},"schema":{"@context":"https:\/\/schema.org","@graph":[{"@type":"WebPage","@id":"https:\/\/www.zeliatech.eu\/it\/compliance\/","url":"https:\/\/www.zeliatech.eu\/it\/compliance\/","name":"Compliance - Zeliatech","isPartOf":{"@id":"https:\/\/www.zeliatech.eu\/it\/#website"},"datePublished":"2024-05-16T13:46:25+00:00","dateModified":"2026-01-26T21:11:16+00:00","breadcrumb":{"@id":"https:\/\/www.zeliatech.eu\/it\/compliance\/#breadcrumb"},"inLanguage":"it-IT","potentialAction":[{"@type":"ReadAction","target":["https:\/\/www.zeliatech.eu\/it\/compliance\/"]}]},{"@type":"BreadcrumbList","@id":"https:\/\/www.zeliatech.eu\/it\/compliance\/#breadcrumb","itemListElement":[{"@type":"ListItem","position":1,"name":"Home","item":"https:\/\/www.zeliatech.eu\/it\/"},{"@type":"ListItem","position":2,"name":"Compliance"}]},{"@type":"WebSite","@id":"https:\/\/www.zeliatech.eu\/it\/#website","url":"https:\/\/www.zeliatech.eu\/it\/","name":"Zeliatech-IT","description":"","publisher":{"@id":"https:\/\/www.zeliatech.eu\/it\/#organization"},"potentialAction":[{"@type":"SearchAction","target":{"@type":"EntryPoint","urlTemplate":"https:\/\/www.zeliatech.eu\/it\/?s={search_term_string}"},"query-input":{"@type":"PropertyValueSpecification","valueRequired":true,"valueName":"search_term_string"}}],"inLanguage":"it-IT"},{"@type":"Organization","@id":"https:\/\/www.zeliatech.eu\/it\/#organization","name":"Zeliatech S.r.l.","url":"https:\/\/www.zeliatech.eu\/it\/","logo":{"@type":"ImageObject","inLanguage":"it-IT","@id":"https:\/\/www.zeliatech.eu\/it\/#\/schema\/logo\/image\/","url":"https:\/\/www.zeliatech.eu\/wp-content\/uploads\/Zeliatech-logo-1.png","contentUrl":"https:\/\/www.zeliatech.eu\/wp-content\/uploads\/Zeliatech-logo-1.png","width":319,"height":72,"caption":"Zeliatech S.r.l."},"image":{"@id":"https:\/\/www.zeliatech.eu\/it\/#\/schema\/logo\/image\/"},"sameAs":["https:\/\/www.linkedin.com\/company\/zeliatech-tech\/"]}]}},"_links":{"self":[{"href":"https:\/\/www.zeliatech.eu\/it\/wp-json\/wp\/v2\/pages\/2274","targetHints":{"allow":["GET"]}}],"collection":[{"href":"https:\/\/www.zeliatech.eu\/it\/wp-json\/wp\/v2\/pages"}],"about":[{"href":"https:\/\/www.zeliatech.eu\/it\/wp-json\/wp\/v2\/types\/page"}],"author":[{"embeddable":true,"href":"https:\/\/www.zeliatech.eu\/it\/wp-json\/wp\/v2\/users\/1"}],"replies":[{"embeddable":true,"href":"https:\/\/www.zeliatech.eu\/it\/wp-json\/wp\/v2\/comments?post=2274"}],"version-history":[{"count":11,"href":"https:\/\/www.zeliatech.eu\/it\/wp-json\/wp\/v2\/pages\/2274\/revisions"}],"predecessor-version":[{"id":3478,"href":"https:\/\/www.zeliatech.eu\/it\/wp-json\/wp\/v2\/pages\/2274\/revisions\/3478"}],"wp:attachment":[{"href":"https:\/\/www.zeliatech.eu\/it\/wp-json\/wp\/v2\/media?parent=2274"}],"curies":[{"name":"wp","href":"https:\/\/api.w.org\/{rel}","templated":true}]}}