{"id":2713,"date":"2025-04-09T13:28:23","date_gmt":"2025-04-09T13:28:23","guid":{"rendered":"https:\/\/www.zeliatech.eu\/it\/?page_id=2713"},"modified":"2026-02-13T08:38:29","modified_gmt":"2026-02-13T08:38:29","slug":"accessibilita","status":"publish","type":"page","link":"https:\/\/www.zeliatech.eu\/it\/accessibilita\/","title":{"rendered":"Dichiarazione di accessibilit\u00e0"},"content":{"rendered":"\n\n\t<center><\/center>\n<h1>\n\t\t\tDichiarazione di accessibilit\u00e0\t<\/h1>\n\t<h2>Premessa<\/h2>\n<p>Il Decreto Legislativo n. 82 del 27 maggio 2022 ha recepito la Direttiva (UE) 2019\/882 del Parlamento europeo e del Consiglio del 17 aprile 2019 sui requisiti di accessibilit\u00e0 dei prodotti e dei servizi.<\/p>\n<h3><br \/>Linee guida sull&#8217;accessibilit\u00e0 dei servizi, in attuazione dell&#8217;art. 21 del Decreto Legislativo n. 82\/2022.<\/h3>\n<p>Il decreto \u00e8 stato pubblicato nella Gazzetta Ufficiale (Serie Generale n. 152 del 01-07-2022) ed \u00e8 entrato in vigore il 16 luglio 2022, ma le relative disposizioni sono efficaci dal 28 giugno 2025.<\/p>\n<p>Esprinet S.p.A. si impegna a rendere i propri siti web accessibili in conformit\u00e0 con la Legge n. 82 del 27 maggio 2022, che ha trasposto la Direttiva (UE) 2019\/882 del Parlamento Europeo e del Consiglio del 17 aprile 2019 sui requisiti di accessibilit\u00e0 di prodotti e servizi. Questa dichiarazione di accessibilit\u00e0 si applica ai siti web <a href=\"https:\/\/www.zeliatech.eu\">https:\/\/www.zeliatech.eu<\/a>.<\/p><br \/>\n<h2>Stato di compatibilit\u00e0 con i requisiti<\/h2><br \/>\n<p>Il sito web <a href=\"https:\/\/www.zeliatech.eu\">https:\/\/www.zeliatech.eu<\/a> \u00e8 parzialmente conforme ai requisiti dell&#8217;Annex A di UNI EN 301549:2018 (WCAG 2.1) a causa dei casi di non conformit\u00e0 e\/o delle eccezioni elencate di seguito. Esprinet S.p.A. sta conducendo, insieme ai suoi fornitori, un&#8217;analisi volta a fare gli interventi necessari per rendere i siti in questione accessibili e conformi allo standard.<\/p><br \/>\n<h2>Contenuti inaccessibili<br \/><\/h2>\n<p><b>Il seguente contenuto non \u00e8 accessibile perch\u00e9 non \u00e8 compatibile con la norma armonizzata sottostante EN 301 549:<br \/><br \/><\/b><\/p>\n<ul>\n    <li>Sono presenti immagini senza didascalia su diverse pagine. \u00c8 difficile navigare verso le immagini con gli screen reader. <br \/><\/li>\n    <li>Ci sono elementi di elenco su tutte le pagine che non fanno parte di un elenco. <br \/><\/li>\n    <li>Il contrasto tra testo e sfondo \u00e8 troppo basso in diverse pagine. <br \/><\/li>\n    <li>Sono presenti elementi &#8216;iframe&#8217; senza didascalia in diverse pagine. La navigazione con gli screen reader verso gli iframe \u00e8 difficile. <br \/><\/li>\n    <li>La lingua memorizzata nell HTML non corrisponde alla lingua della pagina in molte pagine. <br \/><\/li>\n    <li>Ci sono pulsanti senza etichetta in tutte le pagine. \u00c8 difficile navigare verso i pulsanti con gli screen reader. <br \/><\/li>\n    <li>Ci sono tabelle in singole pagine che non sono state create correttamente. Non tutte le intestazioni di tabella sono assegnate ai dati della tabella. Non \u00e8 sempre chiaro quale contenuto della tabella appartenga a quale intestazione di tabella. <br \/><\/li>\n    <li>Ci sono valori non validi dell&#8217;attributo aria su singole pagine. Non sono riconosciuti dai lettori di schermo e quindi non vengono visualizzati correttamente. <br \/><\/li>\n    <li>Un elemento genitore manca degli elementi figli corrispondenti in tutte le pagine. Ci\u00f2 pu\u00f2 confondere gli utenti di screen reader, in quanto ci si aspetta un contenuto che invece non c&#8217;\u00e8. <br \/><\/li>\n    <li>Gli elementi subordinati mancano dell&#8217;elemento genitore corrispondente in tutte le pagine. Questo pu\u00f2 portare gli screen reader a non visualizzare correttamente gli elementi subordinati. <br \/><\/li>\n    <li>In singole pagine, i link sono indistinguibili dal testo circostante. <br \/><\/li>\n<\/ul><br \/><br \/>Le evoluzioni apportate al codice e quelle future sono state e saranno sviluppate in conformit\u00e0 alle linee guida WCAG 2.2. La dichiarazione \u00e8 stata redatta il <b>13\/02\/2026<\/b>. \u00c8 stata effettuata utilizzando una valutazione conforme ai requisiti della Direttiva (UE) 2019\/882 attraverso un&#8217;autovalutazione effettuata direttamente dal fornitore. La dichiarazione \u00e8 stata creata con l&#8217;aiuto della tecnologia Eye-Able\u00ae di <b>Web Inclusion GmbH<\/b>. Ulteriori informazioni su Web Inclusion GmbH sono disponibili su <a href=\"https:\/\/eye-able.com\/\">https:\/\/eye-able.com\/<\/a>.<br \/>La dichiarazione \u00e8 stata verificata l&#8217;ultima volta il 13\/02\/2026.<br \/><br \/>Esprinet S.p.A. sta conducendo un&#8217;analisi con i propri fornitori per apportare le modifiche necessarie per rendere i siti in questione accessibili e conformi alle normative. Esprinet S.p.A., con l&#8217;obiettivo di migliorare progressivamente l&#8217;esperienza dei propri clienti web, ha inoltre implementato proattivamente il software SaaS Eye-Able\u00ae di Web Inclusion GmbH.<br \/>La funzionalit\u00e0 in questione consente di effettuare Audit al fine di scansionare singole pagine del sito per individuare barriere digitali, fornendo supporto compatibile che spiega l&#8217;errore e propone un codice alternativo per correggerlo e altri strumenti che permettono agli utenti dei siti web di utilizzare importanti funzioni che possano migliorarne la navigazione. L&#8217;azienda si impegna a sviluppare evoluzioni del codice passate e future in conformit\u00e0 alle linee guida WCAG 2.2.<br \/><br \/>\n<h2>Feedback e dettagli di contatto <br \/><\/h2>\n<p>Hai un commento o una nota sulle barriere presenti su questo sito? Contattaci. Ti spiegheremo quali barriere esistono e come abbiamo intenzione di migliorare i nostri ambienti digitali. Risponderemo alle tue domande il pi\u00f9 rapidamente possibile. Grazie per il tuo feedback. Per ulteriori info,puoi contattarci al seguente indirizzo:<\/p> <br \/><a href=\"mailto:accessibilty@esprinet.com\" aria-label=\"Inviare un'e-mail a accessibilty@esprinet.com\">accessibilty@esprinet.com<\/a><br \/><br \/> Nella mail sar\u00e0 necessario indicare: Nome e cognome; Indirizzo della pagina web o sezioni del sito o area clienti oggetto della segnalazione; Descrizione chiara e concisa del problema riscontrato; Strumenti utilizzati (sistema operativo, browser, tecnologie assistive).<br \/><br \/>\n<h2>AGID<\/h2><br \/>\n<p>In caso di risposta insoddisfacente o di mancata risposta entro trenta giorni alla notifica o alla richiesta, l&#8217;interessato pu\u00f2 inviare una segnalazione all&#8217;AGID:<\/p> <br \/>AGID <br \/>Via Liszt 21 <br \/>00144 Roma<br \/> <a href=\"mailto:protocollo@pec.agid.gov.it\" aria-label=\"Inviare un'e-mail a protocollo@pec.agid.gov.it\">protocollo@pec.agid.gov.it<\/a> <br \/><a href=\"https:\/\/www.agid.gov.it\" target=\"_blank\" rel=\"noopener noreferrer\" aria-label=\"Aprire il sito web https:\/\/www.agid.gov.it\">https:\/\/www.agid.gov.it<\/a> <br \/><br \/><br \/>\n<h2>Disclaimer<\/h2><br \/>\n<p>Il controllo automatico dei contenuti web \u00e8 stato effettuato il: 13\/02\/2026. Per i contenuti web, durante l&#8217;accesso tramite Eye-Able, \u00e8 stato utilizzato il browser Google Chrome nella versione 136.0.7103.92. Garantiamo l&#8217;accuratezza delle informazioni fornite per la versione dell&#8217;applicazione testata con i parametri di browser e sistema operativo specificati. Utilizzando versioni o ambienti diversi, \u00e8 possibile una visualizzazione differente rispetto ai risultati qui riportati. Per una verifica completa, si raccomandano anche test manuali da parte del gestore del sito web.<\/p>\n\n","protected":false},"excerpt":{"rendered":"<p>Dichiarazione di accessibilit\u00e0 Premessa Il Decreto Legislativo n. 82 del 27 maggio 2022 ha recepito la Direttiva (UE) 2019\/882 del Parlamento europeo e del Consiglio del 17 aprile 2019 sui requisiti di accessibilit\u00e0 dei prodotti e dei servizi. Linee guida sull&#8217;accessibilit\u00e0 dei servizi, in attuazione dell&#8217;art. 21 del Decreto Legislativo n. 82\/2022. Il decreto \u00e8&hellip;<\/p>\n","protected":false},"author":7,"featured_media":0,"parent":0,"menu_order":27,"comment_status":"closed","ping_status":"closed","template":"","meta":{"_acf_changed":false,"footnotes":""},"class_list":["post-2713","page","type-page","status-publish","hentry"],"acf":{"translations_hreflang":null},"yoast_head":"<!-- This site is optimized with the Yoast SEO plugin v27.4 - https:\/\/yoast.com\/product\/yoast-seo-wordpress\/ -->\n<title>Accessibilit\u00e0 - Zeliatech<\/title>\n<meta name=\"robots\" content=\"noindex, nofollow\" \/>\n<meta property=\"og:locale\" content=\"it_IT\" \/>\n<meta property=\"og:type\" content=\"article\" \/>\n<meta property=\"og:title\" content=\"Accessibilit\u00e0 - Zeliatech\" \/>\n<meta property=\"og:description\" content=\"Dichiarazione di accessibilit\u00e0 Premessa Il Decreto Legislativo n. 82 del 27 maggio 2022 ha recepito la Direttiva (UE) 2019\/882 del Parlamento europeo e del Consiglio del 17 aprile 2019 sui requisiti di accessibilit\u00e0 dei prodotti e dei servizi. Linee guida sull&#8217;accessibilit\u00e0 dei servizi, in attuazione dell&#8217;art. 21 del Decreto Legislativo n. 82\/2022. Il decreto \u00e8&hellip;\" \/>\n<meta property=\"og:url\" content=\"https:\/\/www.zeliatech.eu\/it\/accessibilita\/\" \/>\n<meta property=\"og:site_name\" content=\"Zeliatech-IT\" \/>\n<meta property=\"article:modified_time\" content=\"2026-02-13T08:38:29+00:00\" \/>\n<meta name=\"twitter:card\" content=\"summary_large_image\" \/>\n<meta name=\"twitter:label1\" content=\"Tempo di lettura stimato\" \/>\n\t<meta name=\"twitter:data1\" content=\"3 minuti\" \/>\n<script type=\"application\/ld+json\" class=\"yoast-schema-graph\">{\"@context\":\"https:\\\/\\\/schema.org\",\"@graph\":[{\"@type\":\"WebPage\",\"@id\":\"https:\\\/\\\/www.zeliatech.eu\\\/it\\\/accessibilita\\\/\",\"url\":\"https:\\\/\\\/www.zeliatech.eu\\\/it\\\/accessibilita\\\/\",\"name\":\"Accessibilit\u00e0 - Zeliatech\",\"isPartOf\":{\"@id\":\"https:\\\/\\\/www.zeliatech.eu\\\/it\\\/#website\"},\"datePublished\":\"2025-04-09T13:28:23+00:00\",\"dateModified\":\"2026-02-13T08:38:29+00:00\",\"breadcrumb\":{\"@id\":\"https:\\\/\\\/www.zeliatech.eu\\\/it\\\/accessibilita\\\/#breadcrumb\"},\"inLanguage\":\"it-IT\",\"potentialAction\":[{\"@type\":\"ReadAction\",\"target\":[\"https:\\\/\\\/www.zeliatech.eu\\\/it\\\/accessibilita\\\/\"]}]},{\"@type\":\"BreadcrumbList\",\"@id\":\"https:\\\/\\\/www.zeliatech.eu\\\/it\\\/accessibilita\\\/#breadcrumb\",\"itemListElement\":[{\"@type\":\"ListItem\",\"position\":1,\"name\":\"Home\",\"item\":\"https:\\\/\\\/www.zeliatech.eu\\\/it\\\/\"},{\"@type\":\"ListItem\",\"position\":2,\"name\":\"Dichiarazione di accessibilit\u00e0\"}]},{\"@type\":\"WebSite\",\"@id\":\"https:\\\/\\\/www.zeliatech.eu\\\/it\\\/#website\",\"url\":\"https:\\\/\\\/www.zeliatech.eu\\\/it\\\/\",\"name\":\"Zeliatech-IT\",\"description\":\"\",\"publisher\":{\"@id\":\"https:\\\/\\\/www.zeliatech.eu\\\/it\\\/#organization\"},\"potentialAction\":[{\"@type\":\"SearchAction\",\"target\":{\"@type\":\"EntryPoint\",\"urlTemplate\":\"https:\\\/\\\/www.zeliatech.eu\\\/it\\\/?s={search_term_string}\"},\"query-input\":{\"@type\":\"PropertyValueSpecification\",\"valueRequired\":true,\"valueName\":\"search_term_string\"}}],\"inLanguage\":\"it-IT\"},{\"@type\":\"Organization\",\"@id\":\"https:\\\/\\\/www.zeliatech.eu\\\/it\\\/#organization\",\"name\":\"Zeliatech S.r.l.\",\"url\":\"https:\\\/\\\/www.zeliatech.eu\\\/it\\\/\",\"logo\":{\"@type\":\"ImageObject\",\"inLanguage\":\"it-IT\",\"@id\":\"https:\\\/\\\/www.zeliatech.eu\\\/it\\\/#\\\/schema\\\/logo\\\/image\\\/\",\"url\":\"https:\\\/\\\/www.zeliatech.eu\\\/wp-content\\\/uploads\\\/Zeliatech-logo-1.png\",\"contentUrl\":\"https:\\\/\\\/www.zeliatech.eu\\\/wp-content\\\/uploads\\\/Zeliatech-logo-1.png\",\"width\":319,\"height\":72,\"caption\":\"Zeliatech S.r.l.\"},\"image\":{\"@id\":\"https:\\\/\\\/www.zeliatech.eu\\\/it\\\/#\\\/schema\\\/logo\\\/image\\\/\"},\"sameAs\":[\"https:\\\/\\\/www.linkedin.com\\\/company\\\/zeliatech-tech\\\/\"]}]}<\/script>\n<!-- \/ Yoast SEO plugin. -->","yoast_head_json":{"title":"Accessibilit\u00e0 - Zeliatech","robots":{"index":"noindex","follow":"nofollow"},"og_locale":"it_IT","og_type":"article","og_title":"Accessibilit\u00e0 - Zeliatech","og_description":"Dichiarazione di accessibilit\u00e0 Premessa Il Decreto Legislativo n. 82 del 27 maggio 2022 ha recepito la Direttiva (UE) 2019\/882 del Parlamento europeo e del Consiglio del 17 aprile 2019 sui requisiti di accessibilit\u00e0 dei prodotti e dei servizi. Linee guida sull&#8217;accessibilit\u00e0 dei servizi, in attuazione dell&#8217;art. 21 del Decreto Legislativo n. 82\/2022. Il decreto \u00e8&hellip;","og_url":"https:\/\/www.zeliatech.eu\/it\/accessibilita\/","og_site_name":"Zeliatech-IT","article_modified_time":"2026-02-13T08:38:29+00:00","twitter_card":"summary_large_image","twitter_misc":{"Tempo di lettura stimato":"3 minuti"},"schema":{"@context":"https:\/\/schema.org","@graph":[{"@type":"WebPage","@id":"https:\/\/www.zeliatech.eu\/it\/accessibilita\/","url":"https:\/\/www.zeliatech.eu\/it\/accessibilita\/","name":"Accessibilit\u00e0 - Zeliatech","isPartOf":{"@id":"https:\/\/www.zeliatech.eu\/it\/#website"},"datePublished":"2025-04-09T13:28:23+00:00","dateModified":"2026-02-13T08:38:29+00:00","breadcrumb":{"@id":"https:\/\/www.zeliatech.eu\/it\/accessibilita\/#breadcrumb"},"inLanguage":"it-IT","potentialAction":[{"@type":"ReadAction","target":["https:\/\/www.zeliatech.eu\/it\/accessibilita\/"]}]},{"@type":"BreadcrumbList","@id":"https:\/\/www.zeliatech.eu\/it\/accessibilita\/#breadcrumb","itemListElement":[{"@type":"ListItem","position":1,"name":"Home","item":"https:\/\/www.zeliatech.eu\/it\/"},{"@type":"ListItem","position":2,"name":"Dichiarazione di accessibilit\u00e0"}]},{"@type":"WebSite","@id":"https:\/\/www.zeliatech.eu\/it\/#website","url":"https:\/\/www.zeliatech.eu\/it\/","name":"Zeliatech-IT","description":"","publisher":{"@id":"https:\/\/www.zeliatech.eu\/it\/#organization"},"potentialAction":[{"@type":"SearchAction","target":{"@type":"EntryPoint","urlTemplate":"https:\/\/www.zeliatech.eu\/it\/?s={search_term_string}"},"query-input":{"@type":"PropertyValueSpecification","valueRequired":true,"valueName":"search_term_string"}}],"inLanguage":"it-IT"},{"@type":"Organization","@id":"https:\/\/www.zeliatech.eu\/it\/#organization","name":"Zeliatech S.r.l.","url":"https:\/\/www.zeliatech.eu\/it\/","logo":{"@type":"ImageObject","inLanguage":"it-IT","@id":"https:\/\/www.zeliatech.eu\/it\/#\/schema\/logo\/image\/","url":"https:\/\/www.zeliatech.eu\/wp-content\/uploads\/Zeliatech-logo-1.png","contentUrl":"https:\/\/www.zeliatech.eu\/wp-content\/uploads\/Zeliatech-logo-1.png","width":319,"height":72,"caption":"Zeliatech S.r.l."},"image":{"@id":"https:\/\/www.zeliatech.eu\/it\/#\/schema\/logo\/image\/"},"sameAs":["https:\/\/www.linkedin.com\/company\/zeliatech-tech\/"]}]}},"_links":{"self":[{"href":"https:\/\/www.zeliatech.eu\/it\/wp-json\/wp\/v2\/pages\/2713","targetHints":{"allow":["GET"]}}],"collection":[{"href":"https:\/\/www.zeliatech.eu\/it\/wp-json\/wp\/v2\/pages"}],"about":[{"href":"https:\/\/www.zeliatech.eu\/it\/wp-json\/wp\/v2\/types\/page"}],"author":[{"embeddable":true,"href":"https:\/\/www.zeliatech.eu\/it\/wp-json\/wp\/v2\/users\/7"}],"replies":[{"embeddable":true,"href":"https:\/\/www.zeliatech.eu\/it\/wp-json\/wp\/v2\/comments?post=2713"}],"version-history":[{"count":4,"href":"https:\/\/www.zeliatech.eu\/it\/wp-json\/wp\/v2\/pages\/2713\/revisions"}],"predecessor-version":[{"id":3493,"href":"https:\/\/www.zeliatech.eu\/it\/wp-json\/wp\/v2\/pages\/2713\/revisions\/3493"}],"wp:attachment":[{"href":"https:\/\/www.zeliatech.eu\/it\/wp-json\/wp\/v2\/media?parent=2713"}],"curies":[{"name":"wp","href":"https:\/\/api.w.org\/{rel}","templated":true}]}}