{"id":48,"date":"2023-11-25T06:58:52","date_gmt":"2023-11-25T06:58:52","guid":{"rendered":"https:\/\/staging.zeliatech.com\/?page_id=48"},"modified":"2026-04-22T10:31:45","modified_gmt":"2026-04-22T10:31:45","slug":"soluzioni-fotovoltaico","status":"publish","type":"page","link":"https:\/\/www.zeliatech.eu\/it\/soluzioni-fotovoltaico\/","title":{"rendered":"Soluzioni Fotovoltaico"},"content":{"rendered":"\n\n\t<center><\/center>\n<h1>\n\t\t\tFotovoltaico\t<\/h1>\n\t<h2>Benvenuti nel futuro dell&#8217;energia sostenibile<\/h2>\n\t<p>Features<\/p>\n<h2>\n\t\t\tDistribuiamo soluzioni per il fotovoltaico avanzate per un futuro sostenibile\t<\/h2>\n<figure itemscope itemtype=\"https:\/\/schema.org\/ImageObject\">\n\t\t\t\t<img decoding=\"async\" src=\"https:\/\/static.zeliatech.eu\/uploads\/Zeliatech_Icon_Orange_Versatility.png\" alt=\"foglia bianca versatilit\u00e0\" title=\"foglia bianca versatilit\u00e0 immagine\" onerror=\"this.style.display='none'\" loading=\"lazy\" \/>\n\t<\/figure>\n<h3>\n\t\t\tVersatilit\u00e0\t<\/h3>\n\t<p>Siamo in grado di coprire tutte le esigenze attraverso un portfolio di prodotti completo.<\/p>\n<figure itemscope itemtype=\"https:\/\/schema.org\/ImageObject\">\n\t\t\t\t<img decoding=\"async\" src=\"https:\/\/static.zeliatech.eu\/uploads\/Zeliatech_Icon_Orange_Quality.png\" alt=\"foglia bianca qualita\" title=\"foglia bianca qualita immagine\" onerror=\"this.style.display='none'\" loading=\"lazy\" \/>\n\t<\/figure>\n<h3>\n\t\t\tQualit\u00e0\t<\/h3>\n\t<p>Collaboriamo con produttori affidabili per garantire standard qualitativi elevati.<\/p>\n<figure itemscope itemtype=\"https:\/\/schema.org\/ImageObject\">\n\t\t\t\t<img decoding=\"async\" src=\"https:\/\/static.zeliatech.eu\/uploads\/Zeliatech_Icon_Orange_Assistance.png\" alt=\"foglia bianca Assistenza pre e post-vendita\" title=\"foglia bianca Assistenza pre e post-vendita image\" onerror=\"this.style.display='none'\" loading=\"lazy\" \/>\n\t<\/figure>\n<h3>\n\t\t\tAssistenza pre e post-vendita\t<\/h3>\n\t<p>Supportiamo il cliente dall&#8217;identificazione del prodotto alla gestione e manutenzione degli <strong>impianti fotovoltaici<\/strong>.<\/p>\n<h2>\n\t\t\tLa nostra offerta\t<\/h2>\n\t<p>In un mondo in cui la transizione verso fonti rinnovabili \u00e8 imprescindibile, la nostra proposta di prodotti e soluzioni per impianti fotovoltaici \u00e8 la risposta alle sfide energetiche di domani. Zeliatech coniugando autoconsumo, sostenibilit\u00e0 e affidabilit\u00e0, offre una gamma di prodotti completa per soddisfare le esigenze energetiche in ambito residenziale, C&amp;I e Utility Scale, ponendosi come partner strategico nella transizione verso un panorama energetico pi\u00f9 sostenibile.<\/p>\n\t\t\t<a href=\"#\"  target=\"_self\">\n\t\t\t\t\t\t\tL&#8217;offerta Zeliatech\n\t\t\t\t\t<\/a>\n<h2>\n\t\t\tLe nostre soluzioni per il fotovoltaico\t<\/h2>\n<figure itemscope itemtype=\"https:\/\/schema.org\/ImageObject\">\n\t\t\t\t<img decoding=\"async\" src=\"https:\/\/static.zeliatech.eu\/uploads\/soluzioni-residenziali-banner.jpg\" alt=\"Fotovoltaico Soluzioni Residenziali\" title=\"Fotovoltaico Soluzioni Residenziali image\" onerror=\"this.style.display='none'\" loading=\"lazy\" \/>\n\t<\/figure>\n<h3>\n\t\t\tSoluzioni Residenziali\t<\/h3>\n\t<p>Offriamo soluzioni per trasformare la tua casa in una fonte di energia pulita e indipendente<\/p>\n\t\t\t<a href=\"https:\/\/www.zeliatech.eu\/it\/soluzioni-fotovoltaico\/soluzioni-fotovoltaiche-residenziali\/\"  target=\"_self\">\n\t\t\t\t\t\t\tScopri di pi\u00f9\n\t\t\t<\/a>\n<figure itemscope itemtype=\"https:\/\/schema.org\/ImageObject\">\n\t\t\t\t<img decoding=\"async\" src=\"https:\/\/static.zeliatech.eu\/uploads\/soluzioni-c-i-banner.jpg\" alt=\"Soluzioni C&amp;I\" title=\"Soluzioni C&amp;I image\" onerror=\"this.style.display='none'\" loading=\"lazy\" \/>\n\t<\/figure>\n<h3>\n\t\t\tSoluzioni C&#038;I\t<\/h3>\n\t<p>Scopri come rendere il tuo business un hub energetico e sostenibile.<\/p>\n\t\t\t<a href=\"https:\/\/www.zeliatech.eu\/it\/soluzioni-fotovoltaico\/soluzioni-fotovoltaiche-industriali-commerciali\/\"  target=\"_self\">\n\t\t\t\t\t\t\tScopri di pi\u00f9\n\t\t\t<\/a>\n<figure itemscope itemtype=\"https:\/\/schema.org\/ImageObject\">\n\t\t\t\t<img decoding=\"async\" src=\"https:\/\/static.zeliatech.eu\/uploads\/soluzioni-utility-scale-banner.jpg\" alt=\"Fotovoltaico Utility Scale\" title=\"Fotovoltaico Utility Scale image\" onerror=\"this.style.display='none'\" loading=\"lazy\" \/>\n\t<\/figure>\n<h3>\n\t\t\tSoluzioni Utility Scale\t<\/h3>\n\t<p>Offriamo soluzioni avanzate e affidabili per sviluppare e ottimizzare centrali solari.<\/p>\n\t\t\t<a href=\"https:\/\/www.zeliatech.eu\/it\/soluzioni-fotovoltaico\/soluzioni-utility-scale\/\"  target=\"_self\">\n\t\t\t\t\t\t\tScopri di pi\u00f9\n\t\t\t<\/a>\n\t\t\t<a href=\"#\"  target=\"_self\">\n\t\t\t\t\t\t\tPartners\n\t\t\t\t\t<\/a>\n<h2>\n\t\t\tScopri i nostri fornitori in ambito Fotovoltaico\t<\/h2>\n\t\t\t<a href=\"#\"  target=\"_self\">\n\t\t\t\t\t\t\tPartnership\n\t\t\t\t\t<\/a>\n<h2>\n\t\t\tIl nostro approccio\t<\/h2>\n<figure itemscope itemtype=\"https:\/\/schema.org\/ImageObject\">\n\t\t\t\t<img decoding=\"async\" src=\"https:\/\/www.zeliatech.eu\/wp-content\/uploads\/icona-assistenza-1-livello@2x.png\" alt=\"Icona stilizzata di operatore al computer con cuffie, simbolo di supporto e consulenza\" height=\"192\" width=\"170\" title=\"icona-assistenza-1-livello@2x\" onerror=\"this.style.display='none'\" loading=\"lazy\" \/>\n\t<\/figure>\n<h3>\n\t\t\tSupporto alla Progettazione\t<\/h3>\n\t<p>Dall&#8217;analisi dei bisogni alla definizione della soluzione, fino alla scelta delle tecnologie pi\u00f9 innovative.<\/p>\n\t\t\t<a href=\"https:\/\/www.zeliatech.eu\/it\/servizi\/\"  target=\"_self\">\n\t\t\t\t\t\t\tScopri di pi\u00f9\n\t\t\t<\/a>\n<figure itemscope itemtype=\"https:\/\/schema.org\/ImageObject\">\n\t\t\t\t<img decoding=\"async\" src=\"https:\/\/www.zeliatech.eu\/wp-content\/uploads\/icona-commissioning@2x.png\" alt=\"Icona stilizzata di tecnico con casco che tiene un ingranaggio, simbolo di installazione e messa in servizio\" height=\"194\" width=\"170\" title=\"icona-commissioning@2x\" onerror=\"this.style.display='none'\" loading=\"lazy\" \/>\n\t<\/figure>\n<h3>\n\t\t\tCommissioning\t<\/h3>\n\t<p>Scopri come possiamo supportarti: organizzazione, supervisione all&#8217;installazione e alla messa in servizio di impianti.<\/p>\n\t\t\t<a href=\"https:\/\/www.zeliatech.eu\/it\/servizi\/\"  target=\"_self\">\n\t\t\t\t\t\t\tScopri di pi\u00f9\n\t\t\t<\/a>\n<figure itemscope itemtype=\"https:\/\/schema.org\/ImageObject\">\n\t\t\t\t<img decoding=\"async\" src=\"https:\/\/www.zeliatech.eu\/wp-content\/uploads\/icona-supporto-progettazione@2x.png\" alt=\"Icona stilizzata di mano che regge due utensili incrociati, simbolo di assistenza tecnica\" height=\"193\" width=\"172\" title=\"icona-supporto-progettazione@2x\" onerror=\"this.style.display='none'\" loading=\"lazy\" \/>\n\t<\/figure>\n<h3>\n\t\t\tAssistenza di 1\u00b0 livello\t<\/h3>\n\t<p>Scopri il nostro servizio di supporto da remoto per ricevere assistenza puntuale ed efficace.<\/p>\n\t\t\t<a href=\"https:\/\/www.zeliatech.eu\/it\/servizi\/\"  target=\"_self\">\n\t\t\t\t\t\t\tScopri di pi\u00f9\n\t\t\t<\/a>\n\t<h2>Il ruolo di Zeliatech<\/h2>\n<h2>\n\t\t\tSempre al tuo fianco\t<\/h2>\n\t<p>Come Partner Certificato CSP Huawei, Zeliatech si impegna a offrire un supporto tecnico qualificato, tempestivo e professionale. Grazie alla formazione continua del nostro team e all&#8217;accesso diretto ai canali Huawei, siamo in grado di gestire richieste complesse, attivit\u00e0 di supporto all&#8217;installazione ed al commissioning e troubleshooting, garantendo assistenza su inverter, sistemi di accumulo e soluzioni di monitoraggio.<\/p>\n<figure itemscope itemtype=\"https:\/\/schema.org\/ImageObject\">\n\t\t\t\t<img decoding=\"async\" src=\"https:\/\/www.zeliatech.eu\/wp-content\/uploads\/Huawei_CSP_logo_bg.png\" alt=\"Huawei_CSP_logo_bg\" height=\"316\" width=\"316\" title=\"Huawei_CSP_logo_bg\" onerror=\"this.style.display='none'\" loading=\"lazy\" \/>\n\t<\/figure>\n\t<p>L&#8217;offerta Zeliatech<\/p>\n<h2>\n\t\t\tLe nostre soluzioni\t<\/h2>\n<figure itemscope itemtype=\"https:\/\/schema.org\/ImageObject\">\n\t\t\t\t<img decoding=\"async\" src=\"https:\/\/static.zeliatech.eu\/uploads\/e-mobility_car2.png\" alt=\"e-mobility car orange \" title=\"e-mobility car orange image\" onerror=\"this.style.display='none'\" loading=\"lazy\" \/>\n\t<\/figure>\n<h3>\n\t\t\te-Mobility\t<\/h3>\n\t<p>Dalla ricarica a casa alle infrastrutture intelligenti, soluzioni ottimizzate per la transizione verso la<strong> e-mobility<\/strong>.<\/p>\n\t\t\t<a href=\"https:\/\/www.zeliatech.eu\/it\/e-mobility\/\"  target=\"_self\">\n\t\t\t\t\t\t\tScopri di pi\u00f9\n\t\t\t<\/a>\n<figure itemscope itemtype=\"https:\/\/schema.org\/ImageObject\">\n\t\t\t\t<img decoding=\"async\" src=\"https:\/\/static.zeliatech.eu\/uploads\/smart-building2.png\" alt=\"smart-building orange \" title=\"smart-building orange image\" onerror=\"this.style.display='none'\" loading=\"lazy\" \/>\n\t<\/figure>\n<h3>\n\t\t\tSmart Building\t<\/h3>\n\t<p>Gestione energetica, illuminazione, climatizzazione e videosorveglianza con le nostre <strong data-renderer-mark=\"true\">soluzioni di smart building<\/strong>.<\/p>\n\t\t\t<a href=\"https:\/\/www.zeliatech.eu\/it\/smart-building\/\"  target=\"_self\">\n\t\t\t\t\t\t\tScopri di pi\u00f9\n\t\t\t<\/a>\n<figure itemscope itemtype=\"https:\/\/schema.org\/ImageObject\">\n\t\t\t\t<img decoding=\"async\" src=\"https:\/\/static.zeliatech.eu\/uploads\/data-center-facility2.png\" alt=\"data-center-facility orange\" title=\"data-center-facility orange image\" onerror=\"this.style.display='none'\" loading=\"lazy\" \/>\n\t<\/figure>\n<h3>\n\t\t\tData Center Facility\t<\/h3>\n\t<p>Soluzioni per la transizione verso il <strong>Data Center<\/strong> efficiente, <strong>green<\/strong> ed ad alte prestazioni.<\/p>\n\t\t\t<a href=\"https:\/\/www.zeliatech.eu\/it\/soluzioni-data-center\/\"  target=\"_self\">\n\t\t\t\t\t\t\tScopri di pi\u00f9\n\t\t\t<\/a>\n<figure itemscope itemtype=\"https:\/\/schema.org\/ImageObject\">\n\t\t\t\t<img decoding=\"async\" src=\"https:\/\/static.zeliatech.eu\/uploads\/Ai-Technology-Spark-1.png\" alt=\"Ai-Technology-Spark\" title=\"Ai-Technology-Spark image\" onerror=\"this.style.display='none'\" loading=\"lazy\" \/>\n\t<\/figure>\n<h3>\n\t\t\tVuoi diventare nostro cliente?\t<\/h3>\n\t<p>Se sei un rivenditore o ti occupi di assistenza e installazione, affidati all&#8217;esperienza di Zeliatech per offrire <strong>soluzioni energetiche innovative e personalizzate<\/strong>.<\/p>\n\t\t\t<a href=\"https:\/\/register.zeliatech.com\/it\"  target=\"_self\">\n\t\t\t\t\t\t\tDiventa cliente\n\t\t\t\t\t<\/a>\n<figure itemscope itemtype=\"https:\/\/schema.org\/ImageObject\">\n\t\t\t\t<img decoding=\"async\" src=\"https:\/\/static.zeliatech.eu\/uploads\/Business-Handshake.png\" alt=\"Business-Handshake\" title=\"Business-Handshake image\" onerror=\"this.style.display='none'\" loading=\"lazy\" \/>\n\t<\/figure>\n<h3>\n\t\t\tVuoi diventare nostro fornitore?\t<\/h3>\n\t<p>Se sei un vendor e offri prodotti e servizi nei nostri mercati di riferimento, unisciti a Zeliatech.<\/p>\n\t\t\t<a href=\"https:\/\/www.zeliatech.eu\/it\/diventa-fornitore\/\"  target=\"_self\">\n\t\t\t\t\t\t\tDiventa fornitore\n\t\t\t\t\t<\/a>\n\n","protected":false},"excerpt":{"rendered":"<p>Fotovoltaico Benvenuti nel futuro dell&#8217;energia sostenibile Features Distribuiamo soluzioni per il fotovoltaico avanzate per un futuro sostenibile Versatilit\u00e0 Siamo in grado di coprire tutte le esigenze attraverso un portfolio di prodotti completo. Qualit\u00e0 Collaboriamo con produttori affidabili per garantire standard qualitativi elevati. Assistenza pre e post-vendita Supportiamo il cliente dall&#8217;identificazione del prodotto alla gestione e&hellip;<\/p>\n","protected":false},"author":1,"featured_media":0,"parent":0,"menu_order":15,"comment_status":"closed","ping_status":"closed","template":"","meta":{"_acf_changed":false,"footnotes":""},"class_list":["post-48","page","type-page","status-publish","hentry"],"acf":{"translations_hreflang":[{"language_code":"en","translation_url":"https:\/\/www.zeliatech.eu\/en\/pv-solutions\/"}]},"yoast_head":"<!-- This site is optimized with the Yoast SEO plugin v27.4 - https:\/\/yoast.com\/product\/yoast-seo-wordpress\/ -->\n<title>Soluzioni per il fotovoltaico avanzate per impianti e industrie - Zeliatech<\/title>\n<meta name=\"description\" content=\"Zeliatech offre soluzioni per il fotovoltaico, inverter, batterie, ottimizzatori, accessori: da impianti residenziali a soluzioni per il settore commerciale e industriale, fino a grandi centrali solari.\" \/>\n<meta name=\"robots\" content=\"index, follow, max-snippet:-1, max-image-preview:large, max-video-preview:-1\" \/>\n<link rel=\"canonical\" href=\"https:\/\/www.zeliatech.eu\/it\/soluzioni-fotovoltaico\/\" \/>\n<meta property=\"og:locale\" content=\"it_IT\" \/>\n<meta property=\"og:type\" content=\"article\" \/>\n<meta property=\"og:title\" content=\"Soluzioni per il fotovoltaico avanzate per impianti e industrie - Zeliatech\" \/>\n<meta property=\"og:description\" content=\"Zeliatech offre soluzioni per il fotovoltaico, inverter, batterie, ottimizzatori, accessori: da impianti residenziali a soluzioni per il settore commerciale e industriale, fino a grandi centrali solari.\" \/>\n<meta property=\"og:url\" content=\"https:\/\/www.zeliatech.eu\/it\/soluzioni-fotovoltaico\/\" \/>\n<meta property=\"og:site_name\" content=\"Zeliatech-IT\" \/>\n<meta property=\"article:modified_time\" content=\"2026-04-22T10:31:45+00:00\" \/>\n<meta property=\"og:image\" content=\"https:\/\/static.zeliatech.eu\/uploads\/Zeliatech_Icon_Orange_Versatility.png\" \/>\n<meta name=\"twitter:card\" content=\"summary_large_image\" \/>\n<meta name=\"twitter:label1\" content=\"Tempo di lettura stimato\" \/>\n\t<meta name=\"twitter:data1\" content=\"6 minuti\" \/>\n<script type=\"application\/ld+json\" class=\"yoast-schema-graph\">{\"@context\":\"https:\\\/\\\/schema.org\",\"@graph\":[{\"@type\":\"WebPage\",\"@id\":\"https:\\\/\\\/www.zeliatech.eu\\\/it\\\/soluzioni-fotovoltaico\\\/\",\"url\":\"https:\\\/\\\/www.zeliatech.eu\\\/it\\\/soluzioni-fotovoltaico\\\/\",\"name\":\"Soluzioni per il fotovoltaico avanzate per impianti e industrie - Zeliatech\",\"isPartOf\":{\"@id\":\"https:\\\/\\\/www.zeliatech.eu\\\/it\\\/#website\"},\"primaryImageOfPage\":{\"@id\":\"https:\\\/\\\/www.zeliatech.eu\\\/it\\\/soluzioni-fotovoltaico\\\/#primaryimage\"},\"image\":{\"@id\":\"https:\\\/\\\/www.zeliatech.eu\\\/it\\\/soluzioni-fotovoltaico\\\/#primaryimage\"},\"thumbnailUrl\":\"https:\\\/\\\/static.zeliatech.eu\\\/uploads\\\/Zeliatech_Icon_Orange_Versatility.png\",\"datePublished\":\"2023-11-25T06:58:52+00:00\",\"dateModified\":\"2026-04-22T10:31:45+00:00\",\"description\":\"Zeliatech offre soluzioni per il fotovoltaico, inverter, batterie, ottimizzatori, accessori: da impianti residenziali a soluzioni per il settore commerciale e industriale, fino a grandi centrali solari.\",\"breadcrumb\":{\"@id\":\"https:\\\/\\\/www.zeliatech.eu\\\/it\\\/soluzioni-fotovoltaico\\\/#breadcrumb\"},\"inLanguage\":\"it-IT\",\"potentialAction\":[{\"@type\":\"ReadAction\",\"target\":[\"https:\\\/\\\/www.zeliatech.eu\\\/it\\\/soluzioni-fotovoltaico\\\/\"]}]},{\"@type\":\"ImageObject\",\"inLanguage\":\"it-IT\",\"@id\":\"https:\\\/\\\/www.zeliatech.eu\\\/it\\\/soluzioni-fotovoltaico\\\/#primaryimage\",\"url\":\"https:\\\/\\\/static.zeliatech.eu\\\/uploads\\\/Zeliatech_Icon_Orange_Versatility.png\",\"contentUrl\":\"https:\\\/\\\/static.zeliatech.eu\\\/uploads\\\/Zeliatech_Icon_Orange_Versatility.png\"},{\"@type\":\"BreadcrumbList\",\"@id\":\"https:\\\/\\\/www.zeliatech.eu\\\/it\\\/soluzioni-fotovoltaico\\\/#breadcrumb\",\"itemListElement\":[{\"@type\":\"ListItem\",\"position\":1,\"name\":\"Home\",\"item\":\"https:\\\/\\\/www.zeliatech.eu\\\/it\\\/\"},{\"@type\":\"ListItem\",\"position\":2,\"name\":\"Soluzioni Fotovoltaico\"}]},{\"@type\":\"WebSite\",\"@id\":\"https:\\\/\\\/www.zeliatech.eu\\\/it\\\/#website\",\"url\":\"https:\\\/\\\/www.zeliatech.eu\\\/it\\\/\",\"name\":\"Zeliatech-IT\",\"description\":\"\",\"publisher\":{\"@id\":\"https:\\\/\\\/www.zeliatech.eu\\\/it\\\/#organization\"},\"potentialAction\":[{\"@type\":\"SearchAction\",\"target\":{\"@type\":\"EntryPoint\",\"urlTemplate\":\"https:\\\/\\\/www.zeliatech.eu\\\/it\\\/?s={search_term_string}\"},\"query-input\":{\"@type\":\"PropertyValueSpecification\",\"valueRequired\":true,\"valueName\":\"search_term_string\"}}],\"inLanguage\":\"it-IT\"},{\"@type\":\"Organization\",\"@id\":\"https:\\\/\\\/www.zeliatech.eu\\\/it\\\/#organization\",\"name\":\"Zeliatech S.r.l.\",\"url\":\"https:\\\/\\\/www.zeliatech.eu\\\/it\\\/\",\"logo\":{\"@type\":\"ImageObject\",\"inLanguage\":\"it-IT\",\"@id\":\"https:\\\/\\\/www.zeliatech.eu\\\/it\\\/#\\\/schema\\\/logo\\\/image\\\/\",\"url\":\"https:\\\/\\\/www.zeliatech.eu\\\/wp-content\\\/uploads\\\/Zeliatech-logo-1.png\",\"contentUrl\":\"https:\\\/\\\/www.zeliatech.eu\\\/wp-content\\\/uploads\\\/Zeliatech-logo-1.png\",\"width\":319,\"height\":72,\"caption\":\"Zeliatech S.r.l.\"},\"image\":{\"@id\":\"https:\\\/\\\/www.zeliatech.eu\\\/it\\\/#\\\/schema\\\/logo\\\/image\\\/\"},\"sameAs\":[\"https:\\\/\\\/www.linkedin.com\\\/company\\\/zeliatech-tech\\\/\"]}]}<\/script>\n<!-- \/ Yoast SEO plugin. -->","yoast_head_json":{"title":"Soluzioni per il fotovoltaico avanzate per impianti e industrie - Zeliatech","description":"Zeliatech offre soluzioni per il fotovoltaico, inverter, batterie, ottimizzatori, accessori: da impianti residenziali a soluzioni per il settore commerciale e industriale, fino a grandi centrali solari.","robots":{"index":"index","follow":"follow","max-snippet":"max-snippet:-1","max-image-preview":"max-image-preview:large","max-video-preview":"max-video-preview:-1"},"canonical":"https:\/\/www.zeliatech.eu\/it\/soluzioni-fotovoltaico\/","og_locale":"it_IT","og_type":"article","og_title":"Soluzioni per il fotovoltaico avanzate per impianti e industrie - Zeliatech","og_description":"Zeliatech offre soluzioni per il fotovoltaico, inverter, batterie, ottimizzatori, accessori: da impianti residenziali a soluzioni per il settore commerciale e industriale, fino a grandi centrali solari.","og_url":"https:\/\/www.zeliatech.eu\/it\/soluzioni-fotovoltaico\/","og_site_name":"Zeliatech-IT","article_modified_time":"2026-04-22T10:31:45+00:00","og_image":[{"url":"https:\/\/static.zeliatech.eu\/uploads\/Zeliatech_Icon_Orange_Versatility.png","type":"","width":"","height":""}],"twitter_card":"summary_large_image","twitter_misc":{"Tempo di lettura stimato":"6 minuti"},"schema":{"@context":"https:\/\/schema.org","@graph":[{"@type":"WebPage","@id":"https:\/\/www.zeliatech.eu\/it\/soluzioni-fotovoltaico\/","url":"https:\/\/www.zeliatech.eu\/it\/soluzioni-fotovoltaico\/","name":"Soluzioni per il fotovoltaico avanzate per impianti e industrie - Zeliatech","isPartOf":{"@id":"https:\/\/www.zeliatech.eu\/it\/#website"},"primaryImageOfPage":{"@id":"https:\/\/www.zeliatech.eu\/it\/soluzioni-fotovoltaico\/#primaryimage"},"image":{"@id":"https:\/\/www.zeliatech.eu\/it\/soluzioni-fotovoltaico\/#primaryimage"},"thumbnailUrl":"https:\/\/static.zeliatech.eu\/uploads\/Zeliatech_Icon_Orange_Versatility.png","datePublished":"2023-11-25T06:58:52+00:00","dateModified":"2026-04-22T10:31:45+00:00","description":"Zeliatech offre soluzioni per il fotovoltaico, inverter, batterie, ottimizzatori, accessori: da impianti residenziali a soluzioni per il settore commerciale e industriale, fino a grandi centrali solari.","breadcrumb":{"@id":"https:\/\/www.zeliatech.eu\/it\/soluzioni-fotovoltaico\/#breadcrumb"},"inLanguage":"it-IT","potentialAction":[{"@type":"ReadAction","target":["https:\/\/www.zeliatech.eu\/it\/soluzioni-fotovoltaico\/"]}]},{"@type":"ImageObject","inLanguage":"it-IT","@id":"https:\/\/www.zeliatech.eu\/it\/soluzioni-fotovoltaico\/#primaryimage","url":"https:\/\/static.zeliatech.eu\/uploads\/Zeliatech_Icon_Orange_Versatility.png","contentUrl":"https:\/\/static.zeliatech.eu\/uploads\/Zeliatech_Icon_Orange_Versatility.png"},{"@type":"BreadcrumbList","@id":"https:\/\/www.zeliatech.eu\/it\/soluzioni-fotovoltaico\/#breadcrumb","itemListElement":[{"@type":"ListItem","position":1,"name":"Home","item":"https:\/\/www.zeliatech.eu\/it\/"},{"@type":"ListItem","position":2,"name":"Soluzioni Fotovoltaico"}]},{"@type":"WebSite","@id":"https:\/\/www.zeliatech.eu\/it\/#website","url":"https:\/\/www.zeliatech.eu\/it\/","name":"Zeliatech-IT","description":"","publisher":{"@id":"https:\/\/www.zeliatech.eu\/it\/#organization"},"potentialAction":[{"@type":"SearchAction","target":{"@type":"EntryPoint","urlTemplate":"https:\/\/www.zeliatech.eu\/it\/?s={search_term_string}"},"query-input":{"@type":"PropertyValueSpecification","valueRequired":true,"valueName":"search_term_string"}}],"inLanguage":"it-IT"},{"@type":"Organization","@id":"https:\/\/www.zeliatech.eu\/it\/#organization","name":"Zeliatech S.r.l.","url":"https:\/\/www.zeliatech.eu\/it\/","logo":{"@type":"ImageObject","inLanguage":"it-IT","@id":"https:\/\/www.zeliatech.eu\/it\/#\/schema\/logo\/image\/","url":"https:\/\/www.zeliatech.eu\/wp-content\/uploads\/Zeliatech-logo-1.png","contentUrl":"https:\/\/www.zeliatech.eu\/wp-content\/uploads\/Zeliatech-logo-1.png","width":319,"height":72,"caption":"Zeliatech S.r.l."},"image":{"@id":"https:\/\/www.zeliatech.eu\/it\/#\/schema\/logo\/image\/"},"sameAs":["https:\/\/www.linkedin.com\/company\/zeliatech-tech\/"]}]}},"_links":{"self":[{"href":"https:\/\/www.zeliatech.eu\/it\/wp-json\/wp\/v2\/pages\/48","targetHints":{"allow":["GET"]}}],"collection":[{"href":"https:\/\/www.zeliatech.eu\/it\/wp-json\/wp\/v2\/pages"}],"about":[{"href":"https:\/\/www.zeliatech.eu\/it\/wp-json\/wp\/v2\/types\/page"}],"author":[{"embeddable":true,"href":"https:\/\/www.zeliatech.eu\/it\/wp-json\/wp\/v2\/users\/1"}],"replies":[{"embeddable":true,"href":"https:\/\/www.zeliatech.eu\/it\/wp-json\/wp\/v2\/comments?post=48"}],"version-history":[{"count":12,"href":"https:\/\/www.zeliatech.eu\/it\/wp-json\/wp\/v2\/pages\/48\/revisions"}],"predecessor-version":[{"id":3648,"href":"https:\/\/www.zeliatech.eu\/it\/wp-json\/wp\/v2\/pages\/48\/revisions\/3648"}],"wp:attachment":[{"href":"https:\/\/www.zeliatech.eu\/it\/wp-json\/wp\/v2\/media?parent=48"}],"curies":[{"name":"wp","href":"https:\/\/api.w.org\/{rel}","templated":true}]}}