{"id":556,"date":"2023-12-01T17:58:43","date_gmt":"2023-12-01T17:58:43","guid":{"rendered":"https:\/\/staging.zeliatech.com\/?page_id=556"},"modified":"2025-12-24T15:17:17","modified_gmt":"2025-12-24T15:17:17","slug":"smart-building","status":"publish","type":"page","link":"https:\/\/www.zeliatech.eu\/it\/smart-building\/","title":{"rendered":"Smart Building"},"content":{"rendered":"\n\n\t<center><\/center>\n<h1>\n\t\t\tSmart Building\t<\/h1>\n\t<p>Trasformiamo gli edifici in ambienti efficienti e sostenibili ed interconnessi.<\/p>\n\t<p>Features<\/p>\n<h2>\n\t\t\tDistribuiamo prodotti smart per un domani pi\u00f9 sostenibile\t<\/h2>\n\t\t\t\t<img decoding=\"async\" src=\"https:\/\/static.zeliatech.eu\/uploads\/Zeliatech_Icon_Orange_Versatility.png\" alt=\"foglia bianca versatilit\u00e0\" itemprop=\"image\" title=\"foglia bianca versatilit\u00e0 immagine\" onerror=\"this.style.display='none'\" loading='lazy' \/>\n<h3>\n\t\t\tVersatilit\u00e0\t<\/h3>\n\t<p>Ampia gamma di prodotti per rispondere a tutte le esigenze di mercato.<\/p>\n\t\t\t\t<img decoding=\"async\" src=\"https:\/\/static.zeliatech.eu\/uploads\/Zeliatech_Icon_Orange_Integration.png\" alt=\"foglia bianca Integrazione e interoperabilit\u00e0\" itemprop=\"image\" title=\"foglia bianca Integrazione e interoperabilit\u00e0 immagine\" onerror=\"this.style.display='none'\" loading='lazy' \/>\n<h3>\n\t\t\tIntegrazione e interoperabilit\u00e0\t<\/h3>\n\t<p>Facilit\u00e0 di integrazione fra prodotti e sistemi differenti<\/p>\n\t\t\t\t<img decoding=\"async\" src=\"https:\/\/static.zeliatech.eu\/uploads\/Zeliatech_Icon_Orange_Connectivity.png\" alt=\"foglia bianca Connettivit\u00e0 e sicurezza\" itemprop=\"image\" title=\"foglia bianca Connettivit\u00e0 e sicurezza immagine\" onerror=\"this.style.display='none'\" loading='lazy' \/>\n<h3>\n\t\t\tConnettivit\u00e0 e sicurezza\t<\/h3>\n\t<p>La crescente interconnesione degli edifici richiede prodotti e soluzioni con elevate misure di sicurezza<\/p>\n<h2>\n\t\t\tLa nostra offerta\t<\/h2>\n\t<p>Nel contesto sempre pi\u00f9 dinamico e interconnesso, la nostra proposta di prodotti per lo smart building si pone come l&#8217;emblema dell&#8217;innovazione, mettendo al centro dell&#8217;esperienza efficienza, confort e sicurezza. Attraverso un sistema avanzato, offriamo la possibilit\u00e0 di controllare ogni aspetto dell&#8217;ambiente con un tocco, rendendo la gestione delle attivit\u00e0 quotidiane un&#8217;esperienza fluida e intuitiva. La climatizzazione, modulabile, garantisce un ambiente sempre ottimale, mentre la videosorveglianza e il controllo degli accessi assicurano la massima sicurezza, conferendo tranquillit\u00e0 e protezione ineguagliabili. La nostra visione per lo smart building \u00e8 una simbiosi armoniosa tra tecnologia all&#8217;avanguardia e un&#8217;attenzione scrupolosa alle esigenze dell&#8217;utente, plasmando cos\u00ec spazi che non solo rispondono alle necessit\u00e0 quotidiane, ma le anticipano.<\/p>\n\t<p>Le nostre soluzioni<\/p>\n<h2>\n\t\t\tLe nostre soluzioni per lo Smart Building\t<\/h2>\n\t\t\t\t<img decoding=\"async\" src=\"https:\/\/static.zeliatech.eu\/uploads\/domotica-banner.jpg\" alt=\"domotica\" itemprop=\"image\" title=\"domotica image\" onerror=\"this.style.display='none'\" loading='lazy' \/>\n<h3>\n\t\t\tDomotica\t<\/h3>\n\t<p>Scopri i dispositivi intelligenti per una casa efficiente e smart<\/p>\n\t\t\t<a href=\"https:\/\/www.zeliatech.eu\/it\/smart-building\/domotica\/\" target=\"_self\">\n\t\t\t\t\t\t\tScopri di pi\u00f9\n\t\t\t<\/a>\n\t\t\t\t<img decoding=\"async\" src=\"https:\/\/static.zeliatech.eu\/uploads\/climatizzatori-banner.jpg\" alt=\"climatizzatori\" itemprop=\"image\" title=\"climatizzatori image\" onerror=\"this.style.display='none'\" loading='lazy' \/>\n<h3>\n\t\t\tClimatizzatori\t<\/h3>\n\t<p>Offriamo soluzioni all&#8217;avanguardia per il comfort ambientale<\/p>\n\t\t\t<a href=\"https:\/\/www.zeliatech.eu\/it\/smart-building\/climatizzatori\/\" target=\"_self\">\n\t\t\t\t\t\t\tScopri di pi\u00f9\n\t\t\t<\/a>\n\t\t\t\t<img decoding=\"async\" src=\"https:\/\/static.zeliatech.eu\/uploads\/videosorveglianza-e-controllo-accessi-banner.jpg\" alt=\"videosorveglianza-e-controllo-accessi\" itemprop=\"image\" title=\"videosorveglianza-e-controllo-accessi image\" onerror=\"this.style.display='none'\" loading='lazy' \/>\n<h3>\n\t\t\tVideosorveglianza e Controllo Accessi\t<\/h3>\n\t<p>Soluzioni avanzate e affidabili per la sicurezza<\/p>\n\t\t\t<a href=\"https:\/\/www.zeliatech.eu\/it\/smart-building\/videosorveglianza-controllo-accessi-smart-buildings\/\" target=\"_self\">\n\t\t\t\t\t\t\tScopri di pi\u00f9\n\t\t\t<\/a>\n\t<p>Partners<\/p>\n<h2>\n\t\t\tScopri i nostri fornitori in ambito Smart Building\t<\/h2>\n\t<p>L&#8217;offerta Zeliatech<\/p>\n<h2>\n\t\t\tLe nostre soluzioni\t<\/h2>\n\t\t\t\t<img decoding=\"async\" src=\"https:\/\/static.zeliatech.eu\/uploads\/fotovoltaico2.png\" alt=\"fotovoltaico orange\" itemprop=\"image\" title=\"fotovoltaico orange image\" onerror=\"this.style.display='none'\" loading='lazy' \/>\n<h3>\n\t\t\tFotovoltaico\t<\/h3>\n\t<p>Le nostre <strong>soluzioni per il fotovoltaico<\/strong>, dalla singola unit\u00e0 abitativa ai grandi campi fotovoltaici.<\/p>\n\t\t\t<a href=\"https:\/\/www.zeliatech.eu\/it\/soluzioni-fotovoltaico\/\" target=\"_self\">\n\t\t\t\t\t\t\tScopri di pi\u00f9\n\t\t\t<\/a>\n\t\t\t\t<img decoding=\"async\" src=\"https:\/\/static.zeliatech.eu\/uploads\/e-mobility_car2.png\" alt=\"e-mobility car orange\" itemprop=\"image\" title=\"e-mobility car orange image\" onerror=\"this.style.display='none'\" loading='lazy' \/>\n<h3>\n\t\t\te-Mobility\t<\/h3>\n\t<p>Dalla ricarica a casa alle infrastrutture intelligenti, soluzioni ottimizzate per la transizione verso la <strong>e-mobility<\/strong>.<\/p>\n\t\t\t<a href=\"https:\/\/www.zeliatech.eu\/it\/e-mobility\/\" target=\"_self\">\n\t\t\t\t\t\t\tScopri di pi\u00f9\n\t\t\t<\/a>\n\t\t\t\t<img decoding=\"async\" src=\"https:\/\/static.zeliatech.eu\/uploads\/data-center-facility2.png\" alt=\"data-center-facility orange\" itemprop=\"image\" title=\"data-center-facility orange image\" onerror=\"this.style.display='none'\" loading='lazy' \/>\n<h3>\n\t\t\tData Center Facility\t<\/h3>\n\t<p>Soluzioni per la transizione verso il <strong>Data Center<\/strong> efficiente, <strong>green<\/strong> ed ad alte prestazioni.<\/p>\n\t\t\t<a href=\"https:\/\/www.zeliatech.eu\/it\/soluzioni-data-center\/\" target=\"_self\">\n\t\t\t\t\t\t\tScopri di pi\u00f9\n\t\t\t<\/a>\n<h2>\n\t\t\tI nostri servizi\t<\/h2>\n\t<p>Dalla pre-vendita al post-vendita, siamo al fianco dei nostri clienti supportandoli attraverso <strong>servizi dedicati<\/strong>.<\/p>\n\t\t\t<a href=\"https:\/\/www.zeliatech.eu\/it\/servizi\" target=\"_self\">\n\t\t\t\t\t\t\tSCOPRI I NOSTRI SERVIZI\n\t\t\t\t\t<\/a>\n\t\t\t\t<img decoding=\"async\" src=\"https:\/\/static.zeliatech.eu\/uploads\/Ai-Technology-Spark-1.png\" alt=\"Ai-Technology-Spark\" itemprop=\"image\" title=\"Ai-Technology-Spark image\" onerror=\"this.style.display='none'\" loading='lazy' \/>\n<h3>\n\t\t\tVuoi diventare nostro cliente?\t<\/h3>\n\t<p>Se sei un rivenditore o ti occupi di assistenza e installazione, affidati all&#8217;esperienza di Zeliatech per offrire <strong>soluzioni energetiche innovative e personalizzate<\/strong>.<\/p>\n\t\t\t<a href=\"https:\/\/register.zeliatech.com\/it\" target=\"_self\">\n\t\t\t\t\t\t\tDiventa cliente\n\t\t\t\t\t<\/a>\n\t\t\t\t<img decoding=\"async\" src=\"https:\/\/static.zeliatech.eu\/uploads\/Business-Handshake.png\" alt=\"Business-Handshake\" itemprop=\"image\" title=\"Business-Handshake image\" onerror=\"this.style.display='none'\" loading='lazy' \/>\n<h3>\n\t\t\tVuoi diventare nostro fornitore?\t<\/h3>\n\t<p>Se sei un vendor e offri prodotti e servizi nei nostri mercati di riferimento, unisciti a Zeliatech.<\/p>\n\t\t\t<a href=\"https:\/\/www.zeliatech.eu\/it\/diventa-fornitore\/\" target=\"_self\">\n\t\t\t\t\t\t\tDiventa fornitore\n\t\t\t\t\t<\/a>\n\n","protected":false},"excerpt":{"rendered":"<p>Smart Building Trasformiamo gli edifici in ambienti efficienti e sostenibili ed interconnessi. Features Distribuiamo prodotti smart per un domani pi\u00f9 sostenibile Versatilit\u00e0 Ampia gamma di prodotti per rispondere a tutte le esigenze di mercato. Integrazione e interoperabilit\u00e0 Facilit\u00e0 di integrazione fra prodotti e sistemi differenti Connettivit\u00e0 e sicurezza La crescente interconnesione degli edifici richiede prodotti&hellip;<\/p>\n","protected":false},"author":1,"featured_media":0,"parent":0,"menu_order":29,"comment_status":"closed","ping_status":"closed","template":"","meta":{"_acf_changed":false,"footnotes":""},"class_list":["post-556","page","type-page","status-publish","hentry"],"acf":{"translations_hreflang":[{"language_code":"en","translation_url":"https:\/\/www.zeliatech.eu\/en\/smart-building\/"}]},"yoast_head":"<!-- This site is optimized with the Yoast SEO plugin v27.4 - https:\/\/yoast.com\/product\/yoast-seo-wordpress\/ -->\n<title>Smart building - soluzioni intelligenti per una vita sostenibile<\/title>\n<meta name=\"description\" content=\"Scopri le nostre soluzioni di smart building: integra la tecnologia verde per creare ambienti altamente efficienti, sostenibili e interconnessi.\" \/>\n<meta name=\"robots\" content=\"index, follow, max-snippet:-1, max-image-preview:large, max-video-preview:-1\" \/>\n<link rel=\"canonical\" href=\"https:\/\/www.zeliatech.eu\/it\/smart-building\/\" \/>\n<meta property=\"og:locale\" content=\"it_IT\" \/>\n<meta property=\"og:type\" content=\"article\" \/>\n<meta property=\"og:title\" content=\"Smart building - soluzioni intelligenti per una vita sostenibile\" \/>\n<meta property=\"og:description\" content=\"Scopri le nostre soluzioni di smart building: integra la tecnologia verde per creare ambienti altamente efficienti, sostenibili e interconnessi.\" \/>\n<meta property=\"og:url\" content=\"https:\/\/www.zeliatech.eu\/it\/smart-building\/\" \/>\n<meta property=\"og:site_name\" content=\"Zeliatech-IT\" \/>\n<meta property=\"article:modified_time\" content=\"2025-12-24T15:17:17+00:00\" \/>\n<meta property=\"og:image\" content=\"https:\/\/static.zeliatech.eu\/uploads\/Zeliatech_Icon_Orange_Versatility.png\" \/>\n<meta name=\"twitter:card\" content=\"summary_large_image\" \/>\n<meta name=\"twitter:label1\" content=\"Tempo di lettura stimato\" \/>\n\t<meta name=\"twitter:data1\" content=\"5 minuti\" \/>\n<script type=\"application\/ld+json\" class=\"yoast-schema-graph\">{\"@context\":\"https:\\\/\\\/schema.org\",\"@graph\":[{\"@type\":\"WebPage\",\"@id\":\"https:\\\/\\\/www.zeliatech.eu\\\/it\\\/smart-building\\\/\",\"url\":\"https:\\\/\\\/www.zeliatech.eu\\\/it\\\/smart-building\\\/\",\"name\":\"Smart building - soluzioni intelligenti per una vita sostenibile\",\"isPartOf\":{\"@id\":\"https:\\\/\\\/www.zeliatech.eu\\\/it\\\/#website\"},\"primaryImageOfPage\":{\"@id\":\"https:\\\/\\\/www.zeliatech.eu\\\/it\\\/smart-building\\\/#primaryimage\"},\"image\":{\"@id\":\"https:\\\/\\\/www.zeliatech.eu\\\/it\\\/smart-building\\\/#primaryimage\"},\"thumbnailUrl\":\"https:\\\/\\\/static.zeliatech.eu\\\/uploads\\\/Zeliatech_Icon_Orange_Versatility.png\",\"datePublished\":\"2023-12-01T17:58:43+00:00\",\"dateModified\":\"2025-12-24T15:17:17+00:00\",\"description\":\"Scopri le nostre soluzioni di smart building: integra la tecnologia verde per creare ambienti altamente efficienti, sostenibili e interconnessi.\",\"breadcrumb\":{\"@id\":\"https:\\\/\\\/www.zeliatech.eu\\\/it\\\/smart-building\\\/#breadcrumb\"},\"inLanguage\":\"it-IT\",\"potentialAction\":[{\"@type\":\"ReadAction\",\"target\":[\"https:\\\/\\\/www.zeliatech.eu\\\/it\\\/smart-building\\\/\"]}]},{\"@type\":\"ImageObject\",\"inLanguage\":\"it-IT\",\"@id\":\"https:\\\/\\\/www.zeliatech.eu\\\/it\\\/smart-building\\\/#primaryimage\",\"url\":\"https:\\\/\\\/static.zeliatech.eu\\\/uploads\\\/Zeliatech_Icon_Orange_Versatility.png\",\"contentUrl\":\"https:\\\/\\\/static.zeliatech.eu\\\/uploads\\\/Zeliatech_Icon_Orange_Versatility.png\"},{\"@type\":\"BreadcrumbList\",\"@id\":\"https:\\\/\\\/www.zeliatech.eu\\\/it\\\/smart-building\\\/#breadcrumb\",\"itemListElement\":[{\"@type\":\"ListItem\",\"position\":1,\"name\":\"Home\",\"item\":\"https:\\\/\\\/www.zeliatech.eu\\\/it\\\/\"},{\"@type\":\"ListItem\",\"position\":2,\"name\":\"Smart Building\"}]},{\"@type\":\"WebSite\",\"@id\":\"https:\\\/\\\/www.zeliatech.eu\\\/it\\\/#website\",\"url\":\"https:\\\/\\\/www.zeliatech.eu\\\/it\\\/\",\"name\":\"Zeliatech-IT\",\"description\":\"\",\"publisher\":{\"@id\":\"https:\\\/\\\/www.zeliatech.eu\\\/it\\\/#organization\"},\"potentialAction\":[{\"@type\":\"SearchAction\",\"target\":{\"@type\":\"EntryPoint\",\"urlTemplate\":\"https:\\\/\\\/www.zeliatech.eu\\\/it\\\/?s={search_term_string}\"},\"query-input\":{\"@type\":\"PropertyValueSpecification\",\"valueRequired\":true,\"valueName\":\"search_term_string\"}}],\"inLanguage\":\"it-IT\"},{\"@type\":\"Organization\",\"@id\":\"https:\\\/\\\/www.zeliatech.eu\\\/it\\\/#organization\",\"name\":\"Zeliatech S.r.l.\",\"url\":\"https:\\\/\\\/www.zeliatech.eu\\\/it\\\/\",\"logo\":{\"@type\":\"ImageObject\",\"inLanguage\":\"it-IT\",\"@id\":\"https:\\\/\\\/www.zeliatech.eu\\\/it\\\/#\\\/schema\\\/logo\\\/image\\\/\",\"url\":\"https:\\\/\\\/www.zeliatech.eu\\\/wp-content\\\/uploads\\\/Zeliatech-logo-1.png\",\"contentUrl\":\"https:\\\/\\\/www.zeliatech.eu\\\/wp-content\\\/uploads\\\/Zeliatech-logo-1.png\",\"width\":319,\"height\":72,\"caption\":\"Zeliatech S.r.l.\"},\"image\":{\"@id\":\"https:\\\/\\\/www.zeliatech.eu\\\/it\\\/#\\\/schema\\\/logo\\\/image\\\/\"},\"sameAs\":[\"https:\\\/\\\/www.linkedin.com\\\/company\\\/zeliatech-tech\\\/\"]}]}<\/script>\n<!-- \/ Yoast SEO plugin. -->","yoast_head_json":{"title":"Smart building - soluzioni intelligenti per una vita sostenibile","description":"Scopri le nostre soluzioni di smart building: integra la tecnologia verde per creare ambienti altamente efficienti, sostenibili e interconnessi.","robots":{"index":"index","follow":"follow","max-snippet":"max-snippet:-1","max-image-preview":"max-image-preview:large","max-video-preview":"max-video-preview:-1"},"canonical":"https:\/\/www.zeliatech.eu\/it\/smart-building\/","og_locale":"it_IT","og_type":"article","og_title":"Smart building - soluzioni intelligenti per una vita sostenibile","og_description":"Scopri le nostre soluzioni di smart building: integra la tecnologia verde per creare ambienti altamente efficienti, sostenibili e interconnessi.","og_url":"https:\/\/www.zeliatech.eu\/it\/smart-building\/","og_site_name":"Zeliatech-IT","article_modified_time":"2025-12-24T15:17:17+00:00","og_image":[{"url":"https:\/\/static.zeliatech.eu\/uploads\/Zeliatech_Icon_Orange_Versatility.png","type":"","width":"","height":""}],"twitter_card":"summary_large_image","twitter_misc":{"Tempo di lettura stimato":"5 minuti"},"schema":{"@context":"https:\/\/schema.org","@graph":[{"@type":"WebPage","@id":"https:\/\/www.zeliatech.eu\/it\/smart-building\/","url":"https:\/\/www.zeliatech.eu\/it\/smart-building\/","name":"Smart building - soluzioni intelligenti per una vita sostenibile","isPartOf":{"@id":"https:\/\/www.zeliatech.eu\/it\/#website"},"primaryImageOfPage":{"@id":"https:\/\/www.zeliatech.eu\/it\/smart-building\/#primaryimage"},"image":{"@id":"https:\/\/www.zeliatech.eu\/it\/smart-building\/#primaryimage"},"thumbnailUrl":"https:\/\/static.zeliatech.eu\/uploads\/Zeliatech_Icon_Orange_Versatility.png","datePublished":"2023-12-01T17:58:43+00:00","dateModified":"2025-12-24T15:17:17+00:00","description":"Scopri le nostre soluzioni di smart building: integra la tecnologia verde per creare ambienti altamente efficienti, sostenibili e interconnessi.","breadcrumb":{"@id":"https:\/\/www.zeliatech.eu\/it\/smart-building\/#breadcrumb"},"inLanguage":"it-IT","potentialAction":[{"@type":"ReadAction","target":["https:\/\/www.zeliatech.eu\/it\/smart-building\/"]}]},{"@type":"ImageObject","inLanguage":"it-IT","@id":"https:\/\/www.zeliatech.eu\/it\/smart-building\/#primaryimage","url":"https:\/\/static.zeliatech.eu\/uploads\/Zeliatech_Icon_Orange_Versatility.png","contentUrl":"https:\/\/static.zeliatech.eu\/uploads\/Zeliatech_Icon_Orange_Versatility.png"},{"@type":"BreadcrumbList","@id":"https:\/\/www.zeliatech.eu\/it\/smart-building\/#breadcrumb","itemListElement":[{"@type":"ListItem","position":1,"name":"Home","item":"https:\/\/www.zeliatech.eu\/it\/"},{"@type":"ListItem","position":2,"name":"Smart Building"}]},{"@type":"WebSite","@id":"https:\/\/www.zeliatech.eu\/it\/#website","url":"https:\/\/www.zeliatech.eu\/it\/","name":"Zeliatech-IT","description":"","publisher":{"@id":"https:\/\/www.zeliatech.eu\/it\/#organization"},"potentialAction":[{"@type":"SearchAction","target":{"@type":"EntryPoint","urlTemplate":"https:\/\/www.zeliatech.eu\/it\/?s={search_term_string}"},"query-input":{"@type":"PropertyValueSpecification","valueRequired":true,"valueName":"search_term_string"}}],"inLanguage":"it-IT"},{"@type":"Organization","@id":"https:\/\/www.zeliatech.eu\/it\/#organization","name":"Zeliatech S.r.l.","url":"https:\/\/www.zeliatech.eu\/it\/","logo":{"@type":"ImageObject","inLanguage":"it-IT","@id":"https:\/\/www.zeliatech.eu\/it\/#\/schema\/logo\/image\/","url":"https:\/\/www.zeliatech.eu\/wp-content\/uploads\/Zeliatech-logo-1.png","contentUrl":"https:\/\/www.zeliatech.eu\/wp-content\/uploads\/Zeliatech-logo-1.png","width":319,"height":72,"caption":"Zeliatech S.r.l."},"image":{"@id":"https:\/\/www.zeliatech.eu\/it\/#\/schema\/logo\/image\/"},"sameAs":["https:\/\/www.linkedin.com\/company\/zeliatech-tech\/"]}]}},"_links":{"self":[{"href":"https:\/\/www.zeliatech.eu\/it\/wp-json\/wp\/v2\/pages\/556","targetHints":{"allow":["GET"]}}],"collection":[{"href":"https:\/\/www.zeliatech.eu\/it\/wp-json\/wp\/v2\/pages"}],"about":[{"href":"https:\/\/www.zeliatech.eu\/it\/wp-json\/wp\/v2\/types\/page"}],"author":[{"embeddable":true,"href":"https:\/\/www.zeliatech.eu\/it\/wp-json\/wp\/v2\/users\/1"}],"replies":[{"embeddable":true,"href":"https:\/\/www.zeliatech.eu\/it\/wp-json\/wp\/v2\/comments?post=556"}],"version-history":[{"count":11,"href":"https:\/\/www.zeliatech.eu\/it\/wp-json\/wp\/v2\/pages\/556\/revisions"}],"predecessor-version":[{"id":3034,"href":"https:\/\/www.zeliatech.eu\/it\/wp-json\/wp\/v2\/pages\/556\/revisions\/3034"}],"wp:attachment":[{"href":"https:\/\/www.zeliatech.eu\/it\/wp-json\/wp\/v2\/media?parent=556"}],"curies":[{"name":"wp","href":"https:\/\/api.w.org\/{rel}","templated":true}]}}