{"id":558,"date":"2023-12-01T18:00:11","date_gmt":"2023-12-01T18:00:11","guid":{"rendered":"https:\/\/staging.zeliatech.com\/?page_id=558"},"modified":"2026-04-22T10:47:51","modified_gmt":"2026-04-22T10:47:51","slug":"soluzioni-data-center","status":"publish","type":"page","link":"https:\/\/www.zeliatech.eu\/it\/soluzioni-data-center\/","title":{"rendered":"Data Center Facility"},"content":{"rendered":"\n\n\t<center><\/center>\n<h1>\n\t\t\tData Center Facility\t<\/h1>\n\t<p>Offriamo <strong>prodotti e soluzioni all&#8217;avanguardia<\/strong> per garantire la massima efficienza, sicurezza e affidabilit\u00e0 delle tue <strong>infrastrutture digitali<\/strong>.<\/p>\n\t<p>Features<\/p>\n<h2>\n\t\t\tDistribuiamo infrastrutture digitali per garantire continuit\u00e0 e affidabilit\u00e0\t<\/h2>\n<figure itemscope itemtype=\"https:\/\/schema.org\/ImageObject\">\n\t\t\t\t<img decoding=\"async\" src=\"https:\/\/static.zeliatech.eu\/uploads\/Zeliatech_Icon_Orange_Versatility.png\" alt=\"foglia bianca Versatilit\u00e0\" title=\"foglia bianca Versatilit\u00e0 immagine\" onerror=\"this.style.display='none'\" loading=\"lazy\" \/>\n\t<\/figure>\n<h3>\n\t\t\tVersatilit\u00e0\t<\/h3>\n\t<p>Ampia gamma di prodotti per rispondere a tutte le esigenze di mercato.<\/p>\n<figure itemscope itemtype=\"https:\/\/schema.org\/ImageObject\">\n\t\t\t\t<img decoding=\"async\" src=\"https:\/\/static.zeliatech.eu\/uploads\/Zeliatech_Icon_Orange_Reliability.png\" alt=\"foglia bianca Affidabilit\u00e0 e Qualit\u00e0\" title=\"foglia bianca Affidabilit\u00e0 e Qualit\u00e0 immagine\" onerror=\"this.style.display='none'\" loading=\"lazy\" \/>\n\t<\/figure>\n<h3>\n\t\t\tAffidabilit\u00e0 e Qualit\u00e0\t<\/h3>\n\t<p>Collaboriamo con con i migliori fornitori per garantire standard qualitativi elevati.<\/p>\n<figure itemscope itemtype=\"https:\/\/schema.org\/ImageObject\">\n\t\t\t\t<img decoding=\"async\" src=\"https:\/\/static.zeliatech.eu\/uploads\/Zeliatech_Icon_Orange_Expertise.png\" alt=\"foglia bianca Competenza\" title=\"foglia bianca Competenza immagine\" onerror=\"this.style.display='none'\" loading=\"lazy\" \/>\n\t<\/figure>\n<h3>\n\t\t\tCompetenza\t<\/h3>\n\t<p>Forniamo consulenza specializzata ai clienti per supportare l&#8217;integrazione dei prodotti.<\/p>\n<h2>\n\t\t\tLa nostra offerta\t<\/h2>\n\t<p>Zeliatech \u00e8 il partner di riferimento e distributore specializzato in infrastrutture per Data Center, progettate per gestire in modo sicuro ed efficiente i crescenti volumi di dati dell&#8217;economia digitale.<\/p>\n<p>Grazie a partnership strategiche con i principali vendor e a un approccio integrato, affianchiamo aziende e system integrator nella realizzazione di soluzioni Data Center complete, semplificando la complessit\u00e0 e garantendo infrastrutture affidabili, scalabili e pronte a evolvere.<\/p>\n\t<p>L&#8217;offerta Zeliatech<\/p>\n<h2>\n\t\t\tLe nostre soluzioni per i Data Center\t<\/h2>\n<figure itemscope itemtype=\"https:\/\/schema.org\/ImageObject\">\n\t\t\t\t<img decoding=\"async\" src=\"https:\/\/static.zeliatech.eu\/uploads\/cablaggio-strutturato-banner.jpg\" alt=\"cablaggio-strutturato-banner\" title=\"cablaggio-strutturato-banner image\" onerror=\"this.style.display='none'\" loading=\"lazy\" \/>\n\t<\/figure>\n<h3>\n\t\t\tCablaggio Strutturato\t<\/h3>\n\t<p>Il cuore invisibile, ma fondamentale, della tua rete.<\/p>\n\t\t\t<a href=\"https:\/\/www.zeliatech.eu\/it\/soluzioni-data-center\/cablaggio-strutturato\"  target=\"_self\">\n\t\t\t\t\t\t\tScopri di pi\u00f9\n\t\t\t<\/a>\n<figure itemscope itemtype=\"https:\/\/schema.org\/ImageObject\">\n\t\t\t\t<img decoding=\"async\" src=\"https:\/\/static.zeliatech.eu\/uploads\/rack-banner.jpg\" alt=\"rack banner\" title=\"rack banner image\" onerror=\"this.style.display='none'\" loading=\"lazy\" \/>\n\t<\/figure>\n<h3>\n\t\t\tRack\t<\/h3>\n\t<p>Progettate per ottimizzare lo spazio e garantire una dissipazione del calore efficiente.<\/p>\n\t\t\t<a href=\"https:\/\/www.zeliatech.eu\/it\/soluzioni-data-center\/rack-accessori-data-center\"  target=\"_self\">\n\t\t\t\t\t\t\tScopri di pi\u00f9\n\t\t\t<\/a>\n<figure itemscope itemtype=\"https:\/\/schema.org\/ImageObject\">\n\t\t\t\t<img decoding=\"async\" src=\"https:\/\/static.zeliatech.eu\/uploads\/gruppi-di-continuita-ups-banner.jpg\" alt=\"gruppi-di-continuita-ups-banner\" title=\"gruppi-di-continuita-ups-banner image\" onerror=\"this.style.display='none'\" loading=\"lazy\" \/>\n\t<\/figure>\n<h3>\n\t\t\tUPS\t<\/h3>\n\t<p>Continuit\u00e0 operativa, affidabilit\u00e0 e protezione per i tuoi sistemi.<\/p>\n\t\t\t<a href=\"https:\/\/www.zeliatech.eu\/it\/soluzioni-data-center\/gruppi-di-continuita-ups\/\"  target=\"_self\">\n\t\t\t\t\t\t\tScopri di pi\u00f9\n\t\t\t<\/a>\n<figure itemscope itemtype=\"https:\/\/schema.org\/ImageObject\">\n\t\t\t\t<img decoding=\"async\" src=\"https:\/\/static.zeliatech.eu\/uploads\/dc-videosorveglianza-e-controllo-accessi-banner.jpg\" alt=\"dc-videosorveglianza-e-controllo-accessi-banner\" title=\"dc-videosorveglianza-e-controllo-accessi-banner image\" onerror=\"this.style.display='none'\" loading=\"lazy\" \/>\n\t<\/figure>\n<h3>\n\t\t\tVideosorveglianza e Controllo Accessi\t<\/h3>\n\t<p>Soluzioni avanzate, affidabili e personalizzabili per garantire sicurezza e gestione efficiente degli accessi.<\/p>\n\t\t\t<a href=\"https:\/\/www.zeliatech.eu\/it\/soluzioni-data-center\/sicurezza-data-center\"  target=\"_self\">\n\t\t\t\t\t\t\tScopri di pi\u00f9\n\t\t\t<\/a>\n\t<p>Partners<\/p>\n<h2>\n\t\t\tScopri i nostri fornitori in ambito Data Center\t<\/h2>\n\t<p>Partnership<\/p>\n<h2>\n\t\t\tIl nostro approccio\t<\/h2>\n<figure itemscope itemtype=\"https:\/\/schema.org\/ImageObject\">\n\t\t\t\t<img decoding=\"async\" src=\"https:\/\/www.zeliatech.eu\/wp-content\/uploads\/icona-assistenza-1-livello@2x.png\" alt=\"fotovoltaico orange\" title=\"fotovoltaico orange image\" onerror=\"this.style.display='none'\" loading=\"lazy\" \/>\n\t<\/figure>\n<h3>\n\t\t\tSupporto alla progettazione\t<\/h3>\n\t<p>Dall&#8217;analisi dei bisogni alla definizione della soluzione, fino alla scelta delle tecnologie pi\u00f9 adatte per realizzare infrastrutture Data Center efficienti, affidabili e scalabili.<\/p>\n\t\t\t<a href=\"https:\/\/www.zeliatech.eu\/it\/servizi\/\"  target=\"_self\">\n\t\t\t\t\t\t\tScopri di pi\u00f9\n\t\t\t<\/a>\n<figure itemscope itemtype=\"https:\/\/schema.org\/ImageObject\">\n\t\t\t\t<img decoding=\"async\" src=\"https:\/\/www.zeliatech.eu\/wp-content\/uploads\/icona-interlocutore-unico.png\" alt=\"e-mobility car orange\" title=\"e-mobility car orange image\" onerror=\"this.style.display='none'\" loading=\"lazy\" \/>\n\t<\/figure>\n<h3>\n\t\t\tCoordinamento ed integrazione\t<\/h3>\n\t<p>Gestiamo il coordinamento tra vendor, tecnologie e fasi di progetto per semplificare i processi, ridurre la complessit\u00e0 e garantire continuit\u00e0 in ogni fase di implementazione.<\/p>\n\t\t\t<a href=\"https:\/\/www.zeliatech.eu\/it\/servizi\/\"  target=\"_self\">\n\t\t\t\t\t\t\tScopri di pi\u00f9\n\t\t\t<\/a>\n<figure itemscope itemtype=\"https:\/\/schema.org\/ImageObject\">\n\t\t\t\t<img decoding=\"async\" src=\"https:\/\/www.zeliatech.eu\/wp-content\/uploads\/icona-supporto-continuo-1.png\" alt=\"smart-building orange\" title=\"smart-building orange image\" onerror=\"this.style.display='none'\" loading=\"lazy\" \/>\n\t<\/figure>\n<h3>\n\t\t\tSupporto continuo\t<\/h3>\n\t<p>Offriamo un affiancamento costante anche dopo l&#8217;avvio del progetto, con supporto tecnico e consulenziale per mantenere alte prestazioni, affidabilit\u00e0 e capacit\u00e0 di evoluzione nel tempo.<\/p>\n\t\t\t<a href=\"https:\/\/www.zeliatech.eu\/it\/servizi\/\"  target=\"_self\">\n\t\t\t\t\t\t\tScopri di pi\u00f9\n\t\t\t<\/a>\n\t<p>L&#8217;offerta Zeliatech<\/p>\n<h2>\n\t\t\tLe nostre soluzioni\t<\/h2>\n<figure itemscope itemtype=\"https:\/\/schema.org\/ImageObject\">\n\t\t\t\t<img decoding=\"async\" src=\"https:\/\/static.zeliatech.eu\/uploads\/fotovoltaico2.png\" alt=\"fotovoltaico orange\" title=\"fotovoltaico orange image\" onerror=\"this.style.display='none'\" loading=\"lazy\" \/>\n\t<\/figure>\n<h3>\n\t\t\tFotovoltaico\t<\/h3>\n\t<p>Le nostre <strong>soluzioni per il fotovoltaico<\/strong>, dalla singola unit\u00e0 abitativai ai grandi campi fotolvoltaici.<\/p>\n\t\t\t<a href=\"https:\/\/www.zeliatech.eu\/it\/soluzioni-fotovoltaico\/\"  target=\"_self\">\n\t\t\t\t\t\t\tScopri di pi\u00f9\n\t\t\t<\/a>\n<figure itemscope itemtype=\"https:\/\/schema.org\/ImageObject\">\n\t\t\t\t<img decoding=\"async\" src=\"https:\/\/static.zeliatech.eu\/uploads\/e-mobility_car2.png\" alt=\"e-mobility car orange\" title=\"e-mobility car orange image\" onerror=\"this.style.display='none'\" loading=\"lazy\" \/>\n\t<\/figure>\n<h3>\n\t\t\te-Mobility\t<\/h3>\n\t<p>Dalla ricarica a casa alle infrastrutture intelligenti, soluzioni ottimizzate per la transizione verso la<strong> e-mobility<\/strong>.<\/p>\n\t\t\t<a href=\"https:\/\/www.zeliatech.eu\/it\/e-mobility\/\"  target=\"_self\">\n\t\t\t\t\t\t\tScopri di pi\u00f9\n\t\t\t<\/a>\n<figure itemscope itemtype=\"https:\/\/schema.org\/ImageObject\">\n\t\t\t\t<img decoding=\"async\" src=\"https:\/\/static.zeliatech.eu\/uploads\/smart-building2.png\" alt=\"smart-building orange\" title=\"smart-building orange image\" onerror=\"this.style.display='none'\" loading=\"lazy\" \/>\n\t<\/figure>\n<h3>\n\t\t\tSmart Building\t<\/h3>\n\t<p>Gestione energetica, illuminazione, climatizzazione e videosorveglianza con le nostre <strong>soluzioni di smart building<\/strong>.<\/p>\n\t\t\t<a href=\"https:\/\/www.zeliatech.eu\/it\/smart-building\/\"  target=\"_self\">\n\t\t\t\t\t\t\tScopri di pi\u00f9\n\t\t\t<\/a>\n<h2>\n\t\t\tI nostri servizi\t<\/h2>\n\t<p>Dalla pre-vendita al post-vendita, siamo al fianco dei nostri clienti supportandoli attraverso <strong>servizi dedicati<\/strong>.<\/p>\n\t\t\t<a href=\"https:\/\/www.zeliatech.eu\/it\/servizi\"  target=\"_self\">\n\t\t\t\t\t\t\tSCOPRI I NOSTRI SERVIZI\n\t\t\t\t\t<\/a>\n<figure itemscope itemtype=\"https:\/\/schema.org\/ImageObject\">\n\t\t\t\t<img decoding=\"async\" src=\"https:\/\/static.zeliatech.eu\/uploads\/Ai-Technology-Spark-1.png\" alt=\"Ai-Technology-Spark\" title=\"Ai-Technology-Spark image\" onerror=\"this.style.display='none'\" loading=\"lazy\" \/>\n\t<\/figure>\n<h3>\n\t\t\tVuoi diventare nostro cliente?\t<\/h3>\n\t<p>Se sei un rivenditore o ti occupi di assistenza e installazione, affidati all&#8217;esperienza di Zeliatech per offrire <strong>soluzioni energetiche innovative e personalizzate<\/strong>.<\/p>\n\t\t\t<a href=\"https:\/\/register.zeliatech.com\/it\"  target=\"_self\">\n\t\t\t\t\t\t\tDiventa cliente\n\t\t\t\t\t<\/a>\n<figure itemscope itemtype=\"https:\/\/schema.org\/ImageObject\">\n\t\t\t\t<img decoding=\"async\" src=\"https:\/\/static.zeliatech.eu\/uploads\/Business-Handshake.png\" alt=\"Business-Handshake\" title=\"Business-Handshake image\" onerror=\"this.style.display='none'\" loading=\"lazy\" \/>\n\t<\/figure>\n<h3>\n\t\t\tVuoi diventare nostro fornitore?\t<\/h3>\n\t<p>Se sei un vendor e offri prodotti e servizi nei nostri mercati di riferimento, unisciti a Zeliatech.<\/p>\n\t\t\t<a href=\"https:\/\/www.zeliatech.eu\/it\/diventa-fornitore\/\"  target=\"_self\">\n\t\t\t\t\t\t\tDiventa fornitore\n\t\t\t\t\t<\/a>\n\n","protected":false},"excerpt":{"rendered":"<p>Data Center Facility Offriamo prodotti e soluzioni all&#8217;avanguardia per garantire la massima efficienza, sicurezza e affidabilit\u00e0 delle tue infrastrutture digitali. Features Distribuiamo infrastrutture digitali per garantire continuit\u00e0 e affidabilit\u00e0 Versatilit\u00e0 Ampia gamma di prodotti per rispondere a tutte le esigenze di mercato. Affidabilit\u00e0 e Qualit\u00e0 Collaboriamo con con i migliori fornitori per garantire standard qualitativi&hellip;<\/p>\n","protected":false},"author":1,"featured_media":0,"parent":0,"menu_order":12,"comment_status":"closed","ping_status":"closed","template":"","meta":{"_acf_changed":false,"footnotes":""},"class_list":["post-558","page","type-page","status-publish","hentry"],"acf":{"translations_hreflang":[{"language_code":"en","translation_url":"https:\/\/www.zeliatech.eu\/en\/data-centers\/"}]},"yoast_head":"<!-- This site is optimized with the Yoast SEO plugin v27.4 - https:\/\/yoast.com\/product\/yoast-seo-wordpress\/ -->\n<title>Soluzioni avanzate per Data Center - Efficienza e sicurezza<\/title>\n<meta name=\"description\" content=\"Soluzioni per Data Center: massima efficienza e sicurezza con prodotti all&#039;avanguardia. Cablaggi, rack, UPS e gestione energetica per infrastrutture digitali affidabili.\" \/>\n<meta name=\"robots\" content=\"index, follow, max-snippet:-1, max-image-preview:large, max-video-preview:-1\" \/>\n<link rel=\"canonical\" href=\"https:\/\/www.zeliatech.eu\/it\/soluzioni-data-center\/\" \/>\n<meta property=\"og:locale\" content=\"it_IT\" \/>\n<meta property=\"og:type\" content=\"article\" \/>\n<meta property=\"og:title\" content=\"Soluzioni avanzate per Data Center - Efficienza e sicurezza\" \/>\n<meta property=\"og:description\" content=\"Soluzioni per Data Center: massima efficienza e sicurezza con prodotti all&#039;avanguardia. Cablaggi, rack, UPS e gestione energetica per infrastrutture digitali affidabili.\" \/>\n<meta property=\"og:url\" content=\"https:\/\/www.zeliatech.eu\/it\/soluzioni-data-center\/\" \/>\n<meta property=\"og:site_name\" content=\"Zeliatech-IT\" \/>\n<meta property=\"article:modified_time\" content=\"2026-04-22T10:47:51+00:00\" \/>\n<meta property=\"og:image\" content=\"https:\/\/static.zeliatech.eu\/uploads\/Zeliatech_Icon_Orange_Versatility.png\" \/>\n<meta name=\"twitter:card\" content=\"summary_large_image\" \/>\n<meta name=\"twitter:label1\" content=\"Tempo di lettura stimato\" \/>\n\t<meta name=\"twitter:data1\" content=\"5 minuti\" \/>\n<script type=\"application\/ld+json\" class=\"yoast-schema-graph\">{\"@context\":\"https:\\\/\\\/schema.org\",\"@graph\":[{\"@type\":\"WebPage\",\"@id\":\"https:\\\/\\\/www.zeliatech.eu\\\/it\\\/soluzioni-data-center\\\/\",\"url\":\"https:\\\/\\\/www.zeliatech.eu\\\/it\\\/soluzioni-data-center\\\/\",\"name\":\"Soluzioni avanzate per Data Center - Efficienza e sicurezza\",\"isPartOf\":{\"@id\":\"https:\\\/\\\/www.zeliatech.eu\\\/it\\\/#website\"},\"primaryImageOfPage\":{\"@id\":\"https:\\\/\\\/www.zeliatech.eu\\\/it\\\/soluzioni-data-center\\\/#primaryimage\"},\"image\":{\"@id\":\"https:\\\/\\\/www.zeliatech.eu\\\/it\\\/soluzioni-data-center\\\/#primaryimage\"},\"thumbnailUrl\":\"https:\\\/\\\/static.zeliatech.eu\\\/uploads\\\/Zeliatech_Icon_Orange_Versatility.png\",\"datePublished\":\"2023-12-01T18:00:11+00:00\",\"dateModified\":\"2026-04-22T10:47:51+00:00\",\"description\":\"Soluzioni per Data Center: massima efficienza e sicurezza con prodotti all'avanguardia. Cablaggi, rack, UPS e gestione energetica per infrastrutture digitali affidabili.\",\"breadcrumb\":{\"@id\":\"https:\\\/\\\/www.zeliatech.eu\\\/it\\\/soluzioni-data-center\\\/#breadcrumb\"},\"inLanguage\":\"it-IT\",\"potentialAction\":[{\"@type\":\"ReadAction\",\"target\":[\"https:\\\/\\\/www.zeliatech.eu\\\/it\\\/soluzioni-data-center\\\/\"]}]},{\"@type\":\"ImageObject\",\"inLanguage\":\"it-IT\",\"@id\":\"https:\\\/\\\/www.zeliatech.eu\\\/it\\\/soluzioni-data-center\\\/#primaryimage\",\"url\":\"https:\\\/\\\/static.zeliatech.eu\\\/uploads\\\/Zeliatech_Icon_Orange_Versatility.png\",\"contentUrl\":\"https:\\\/\\\/static.zeliatech.eu\\\/uploads\\\/Zeliatech_Icon_Orange_Versatility.png\"},{\"@type\":\"BreadcrumbList\",\"@id\":\"https:\\\/\\\/www.zeliatech.eu\\\/it\\\/soluzioni-data-center\\\/#breadcrumb\",\"itemListElement\":[{\"@type\":\"ListItem\",\"position\":1,\"name\":\"Home\",\"item\":\"https:\\\/\\\/www.zeliatech.eu\\\/it\\\/\"},{\"@type\":\"ListItem\",\"position\":2,\"name\":\"Data Center Facility\"}]},{\"@type\":\"WebSite\",\"@id\":\"https:\\\/\\\/www.zeliatech.eu\\\/it\\\/#website\",\"url\":\"https:\\\/\\\/www.zeliatech.eu\\\/it\\\/\",\"name\":\"Zeliatech-IT\",\"description\":\"\",\"publisher\":{\"@id\":\"https:\\\/\\\/www.zeliatech.eu\\\/it\\\/#organization\"},\"potentialAction\":[{\"@type\":\"SearchAction\",\"target\":{\"@type\":\"EntryPoint\",\"urlTemplate\":\"https:\\\/\\\/www.zeliatech.eu\\\/it\\\/?s={search_term_string}\"},\"query-input\":{\"@type\":\"PropertyValueSpecification\",\"valueRequired\":true,\"valueName\":\"search_term_string\"}}],\"inLanguage\":\"it-IT\"},{\"@type\":\"Organization\",\"@id\":\"https:\\\/\\\/www.zeliatech.eu\\\/it\\\/#organization\",\"name\":\"Zeliatech S.r.l.\",\"url\":\"https:\\\/\\\/www.zeliatech.eu\\\/it\\\/\",\"logo\":{\"@type\":\"ImageObject\",\"inLanguage\":\"it-IT\",\"@id\":\"https:\\\/\\\/www.zeliatech.eu\\\/it\\\/#\\\/schema\\\/logo\\\/image\\\/\",\"url\":\"https:\\\/\\\/www.zeliatech.eu\\\/wp-content\\\/uploads\\\/Zeliatech-logo-1.png\",\"contentUrl\":\"https:\\\/\\\/www.zeliatech.eu\\\/wp-content\\\/uploads\\\/Zeliatech-logo-1.png\",\"width\":319,\"height\":72,\"caption\":\"Zeliatech S.r.l.\"},\"image\":{\"@id\":\"https:\\\/\\\/www.zeliatech.eu\\\/it\\\/#\\\/schema\\\/logo\\\/image\\\/\"},\"sameAs\":[\"https:\\\/\\\/www.linkedin.com\\\/company\\\/zeliatech-tech\\\/\"]}]}<\/script>\n<!-- \/ Yoast SEO plugin. -->","yoast_head_json":{"title":"Soluzioni avanzate per Data Center - Efficienza e sicurezza","description":"Soluzioni per Data Center: massima efficienza e sicurezza con prodotti all'avanguardia. Cablaggi, rack, UPS e gestione energetica per infrastrutture digitali affidabili.","robots":{"index":"index","follow":"follow","max-snippet":"max-snippet:-1","max-image-preview":"max-image-preview:large","max-video-preview":"max-video-preview:-1"},"canonical":"https:\/\/www.zeliatech.eu\/it\/soluzioni-data-center\/","og_locale":"it_IT","og_type":"article","og_title":"Soluzioni avanzate per Data Center - Efficienza e sicurezza","og_description":"Soluzioni per Data Center: massima efficienza e sicurezza con prodotti all'avanguardia. Cablaggi, rack, UPS e gestione energetica per infrastrutture digitali affidabili.","og_url":"https:\/\/www.zeliatech.eu\/it\/soluzioni-data-center\/","og_site_name":"Zeliatech-IT","article_modified_time":"2026-04-22T10:47:51+00:00","og_image":[{"url":"https:\/\/static.zeliatech.eu\/uploads\/Zeliatech_Icon_Orange_Versatility.png","type":"","width":"","height":""}],"twitter_card":"summary_large_image","twitter_misc":{"Tempo di lettura stimato":"5 minuti"},"schema":{"@context":"https:\/\/schema.org","@graph":[{"@type":"WebPage","@id":"https:\/\/www.zeliatech.eu\/it\/soluzioni-data-center\/","url":"https:\/\/www.zeliatech.eu\/it\/soluzioni-data-center\/","name":"Soluzioni avanzate per Data Center - Efficienza e sicurezza","isPartOf":{"@id":"https:\/\/www.zeliatech.eu\/it\/#website"},"primaryImageOfPage":{"@id":"https:\/\/www.zeliatech.eu\/it\/soluzioni-data-center\/#primaryimage"},"image":{"@id":"https:\/\/www.zeliatech.eu\/it\/soluzioni-data-center\/#primaryimage"},"thumbnailUrl":"https:\/\/static.zeliatech.eu\/uploads\/Zeliatech_Icon_Orange_Versatility.png","datePublished":"2023-12-01T18:00:11+00:00","dateModified":"2026-04-22T10:47:51+00:00","description":"Soluzioni per Data Center: massima efficienza e sicurezza con prodotti all'avanguardia. Cablaggi, rack, UPS e gestione energetica per infrastrutture digitali affidabili.","breadcrumb":{"@id":"https:\/\/www.zeliatech.eu\/it\/soluzioni-data-center\/#breadcrumb"},"inLanguage":"it-IT","potentialAction":[{"@type":"ReadAction","target":["https:\/\/www.zeliatech.eu\/it\/soluzioni-data-center\/"]}]},{"@type":"ImageObject","inLanguage":"it-IT","@id":"https:\/\/www.zeliatech.eu\/it\/soluzioni-data-center\/#primaryimage","url":"https:\/\/static.zeliatech.eu\/uploads\/Zeliatech_Icon_Orange_Versatility.png","contentUrl":"https:\/\/static.zeliatech.eu\/uploads\/Zeliatech_Icon_Orange_Versatility.png"},{"@type":"BreadcrumbList","@id":"https:\/\/www.zeliatech.eu\/it\/soluzioni-data-center\/#breadcrumb","itemListElement":[{"@type":"ListItem","position":1,"name":"Home","item":"https:\/\/www.zeliatech.eu\/it\/"},{"@type":"ListItem","position":2,"name":"Data Center Facility"}]},{"@type":"WebSite","@id":"https:\/\/www.zeliatech.eu\/it\/#website","url":"https:\/\/www.zeliatech.eu\/it\/","name":"Zeliatech-IT","description":"","publisher":{"@id":"https:\/\/www.zeliatech.eu\/it\/#organization"},"potentialAction":[{"@type":"SearchAction","target":{"@type":"EntryPoint","urlTemplate":"https:\/\/www.zeliatech.eu\/it\/?s={search_term_string}"},"query-input":{"@type":"PropertyValueSpecification","valueRequired":true,"valueName":"search_term_string"}}],"inLanguage":"it-IT"},{"@type":"Organization","@id":"https:\/\/www.zeliatech.eu\/it\/#organization","name":"Zeliatech S.r.l.","url":"https:\/\/www.zeliatech.eu\/it\/","logo":{"@type":"ImageObject","inLanguage":"it-IT","@id":"https:\/\/www.zeliatech.eu\/it\/#\/schema\/logo\/image\/","url":"https:\/\/www.zeliatech.eu\/wp-content\/uploads\/Zeliatech-logo-1.png","contentUrl":"https:\/\/www.zeliatech.eu\/wp-content\/uploads\/Zeliatech-logo-1.png","width":319,"height":72,"caption":"Zeliatech S.r.l."},"image":{"@id":"https:\/\/www.zeliatech.eu\/it\/#\/schema\/logo\/image\/"},"sameAs":["https:\/\/www.linkedin.com\/company\/zeliatech-tech\/"]}]}},"_links":{"self":[{"href":"https:\/\/www.zeliatech.eu\/it\/wp-json\/wp\/v2\/pages\/558","targetHints":{"allow":["GET"]}}],"collection":[{"href":"https:\/\/www.zeliatech.eu\/it\/wp-json\/wp\/v2\/pages"}],"about":[{"href":"https:\/\/www.zeliatech.eu\/it\/wp-json\/wp\/v2\/types\/page"}],"author":[{"embeddable":true,"href":"https:\/\/www.zeliatech.eu\/it\/wp-json\/wp\/v2\/users\/1"}],"replies":[{"embeddable":true,"href":"https:\/\/www.zeliatech.eu\/it\/wp-json\/wp\/v2\/comments?post=558"}],"version-history":[{"count":27,"href":"https:\/\/www.zeliatech.eu\/it\/wp-json\/wp\/v2\/pages\/558\/revisions"}],"predecessor-version":[{"id":3656,"href":"https:\/\/www.zeliatech.eu\/it\/wp-json\/wp\/v2\/pages\/558\/revisions\/3656"}],"wp:attachment":[{"href":"https:\/\/www.zeliatech.eu\/it\/wp-json\/wp\/v2\/media?parent=558"}],"curies":[{"name":"wp","href":"https:\/\/api.w.org\/{rel}","templated":true}]}}