{"id":724,"date":"2023-12-05T11:27:56","date_gmt":"2023-12-05T11:27:56","guid":{"rendered":"https:\/\/staging.zeliatech.com\/?page_id=724"},"modified":"2025-12-24T12:50:21","modified_gmt":"2025-12-24T12:50:21","slug":"soluzioni-utility-scale","status":"publish","type":"page","link":"https:\/\/www.zeliatech.eu\/it\/soluzioni-fotovoltaico\/soluzioni-utility-scale\/","title":{"rendered":"Soluzioni Utility Scale"},"content":{"rendered":"\n\n\t\n<h1>\n\t\t\tSoluzioni Utility Scale\t<\/h1>\n\t<p>Scopri le nostri <strong>soluzioni utility scale<\/strong> per creare i<strong>nfrastrutture green<\/strong>. Abbraccia il futuro investendo nell&#8217;<strong>energia green<\/strong>.<\/p>\n<h2>\n\t\t\tLa nostra offerta\t<\/h2>\n\t<p>Grazie alla collaborazione con i migliori partner del settore siamo in grado di offrire prodotti e soluzioni per la realizzazione di centrali fotovoltaiche di ultima generazione. Combina l&#8217;energia solare fotovoltaica con sistemi di accumulo per supportare la rete e favorire la diffusione dell&#8217;energia rinnovabile.<\/p>\n\t<p>We are Zeliatech<\/p>\n<h2>\n\t\t\tEfficienza &#038; <br \/>Affidabilit\u00e0\t<\/h2>\n\t<p>La nostra soluzione completa per infrastrutture <strong>utility scale<\/strong> \u00e8 la risposta a tutte le esigenze del territorio e della rete. Grazie ai ridotti costi di O&amp;M, l&#8217;integrazione con sistemi di accumulo e la possibilit\u00e0 di monitorare il sistema in tempo reale, l&#8217;impianto fotovoltaico pu\u00f2 esprimere al massimo le sue potenzialit\u00e0.<\/p>\n<p>La sicurezza e l&#8217;affidabilit\u00e0 dei nostri dispositivi, garantiscono il successo del tuo investimento. Entra a far parte della nostra <strong>green community<\/strong> e contribuisci a diffondere l&#8217;energia rinnovabile, per un futuro sostenibile.<\/p>\n<h2>\n\t\t\tProdotti\t<\/h2>\n\t\t\t\t<img decoding=\"async\" src=\"https:\/\/static.zeliatech.eu\/uploads\/fotovoltaico2.png\" alt=\"Fotovoltaico orange\" itemprop=\"image\" title=\"Fotovoltaico orange image \" onerror=\"this.style.display='none'\" loading='lazy' \/>\n<h3>\n\t\t\tModuli FV\t<\/h3>\n\t\t\t\t<img decoding=\"async\" src=\"https:\/\/static.zeliatech.eu\/uploads\/inverter2.png\" alt=\"inverter orange\" itemprop=\"image\" title=\"inverter orange image\" onerror=\"this.style.display='none'\" loading='lazy' \/>\n<h3>\n\t\t\tInverter\t<\/h3>\n\t\t\t\t<img decoding=\"async\" src=\"https:\/\/static.zeliatech.eu\/uploads\/ESS.png\" alt=\"ess orange\" itemprop=\"image\" title=\"ess orange image\" onerror=\"this.style.display='none'\" loading='lazy' \/>\n<h3>\n\t\t\tESS\t<\/h3>\n\t\t\t\t<img decoding=\"async\" src=\"https:\/\/static.zeliatech.eu\/uploads\/noun-smartphone-sustainability-5499803.png\" alt=\"accessori orange\" itemprop=\"image\" title=\"accessori orange image\" onerror=\"this.style.display='none'\" loading='lazy' \/>\n<h3>\n\t\t\tAccessori\t<\/h3>\n\t\t\t\t<img decoding=\"async\" src=\"https:\/\/static.zeliatech.eu\/uploads\/noun-smartphone-sustainability-doublecircle.png\" alt=\"smart transformer station orange\" itemprop=\"image\" title=\"smart transformer station orange image\" onerror=\"this.style.display='none'\" loading='lazy' \/>\n<h3>\n\t\t\tSmart Transformer Station\t<\/h3>\n\t<p>Partners<\/p>\n<h2>\n\t\t\tScopri i nostri fornitori\t<\/h2>\n\t<p>Prodotti correlati<\/p>\n<h2>\n\t\t\tAltri prodotti in ambito Fotovoltaico\t<\/h2>\n\t\t\t\t<img decoding=\"async\" src=\"https:\/\/static.zeliatech.eu\/uploads\/soluzioni-residenziali-banner.jpg\" alt=\"Fotovoltaico Soluzioni Residenziali\" itemprop=\"image\" title=\"Fotovoltaico Soluzioni Residenziali image\" onerror=\"this.style.display='none'\" loading='lazy' \/>\n<h3>\n\t\t\tSoluzioni Residenziali\t<\/h3>\n\t<p>Offriamo soluzioni per trasformare la tua casa in una fonte di energia pulita e indipendente.<\/p>\n\t\t\t<a href=\"https:\/\/www.zeliatech.eu\/it\/soluzioni-fotovoltaico\/soluzioni-fotovoltaiche-residenziali\/\" target=\"_self\">\n\t\t\t\t\t\t\tScopri di pi\u00f9\n\t\t\t<\/a>\n\t\t\t\t<img decoding=\"async\" src=\"https:\/\/static.zeliatech.eu\/uploads\/soluzioni-c-i-banner.jpg\" alt=\"Fotovoltaico C&amp;I\" itemprop=\"image\" title=\"Fotovoltaico C&amp;I image\" onerror=\"this.style.display='none'\" loading='lazy' \/>\n<h3>\n\t\t\tSoluzioni C&#038;I\t<\/h3>\n\t<p>Scopri come rendere il tuo business un hub energetico e sostenibile.<\/p>\n\t\t\t<a href=\"https:\/\/www.zeliatech.eu\/it\/soluzioni-fotovoltaico\/soluzioni-fotovoltaiche-industriali-commerciali\/\" target=\"_self\">\n\t\t\t\t\t\t\tScopri di pi\u00f9\n\t\t\t<\/a>\n\t<p>L&#8217;offerta Zeliatech<\/p>\n<h2>\n\t\t\tLe nostre soluzioni\t<\/h2>\n\t\t\t\t<img decoding=\"async\" src=\"https:\/\/static.zeliatech.eu\/uploads\/e-mobility_car2.png\" alt=\"e-mobility car orange \" itemprop=\"image\" title=\"e-mobility car orange image\" onerror=\"this.style.display='none'\" loading='lazy' \/>\n<h3>\n\t\t\te-Mobility\t<\/h3>\n\t<p>Dalla ricarica a casa alle infrastrutture intelligenti, soluzioni ottimizzate per la transizione verso la<strong> e-mobility<\/strong>.<\/p>\n\t\t\t<a href=\"https:\/\/www.zeliatech.eu\/it\/e-mobility\/\" target=\"_self\">\n\t\t\t\t\t\t\tScopri di pi\u00f9\n\t\t\t<\/a>\n\t\t\t\t<img decoding=\"async\" src=\"https:\/\/static.zeliatech.eu\/uploads\/smart-building2.png\" alt=\"smart-building orange \" itemprop=\"image\" title=\"smart-building orange image\" onerror=\"this.style.display='none'\" loading='lazy' \/>\n<h3>\n\t\t\tSmart Building\t<\/h3>\n\t<p>Gestione energetica, illuminazione, climatizzazione e videosorveglianza con le nostre <strong data-renderer-mark=\"true\">soluzioni di smart building<\/strong>.<\/p>\n\t\t\t<a href=\"https:\/\/www.zeliatech.eu\/it\/smart-building\/\" target=\"_self\">\n\t\t\t\t\t\t\tScopri di pi\u00f9\n\t\t\t<\/a>\n\t\t\t\t<img decoding=\"async\" src=\"https:\/\/static.zeliatech.eu\/uploads\/data-center-facility2.png\" alt=\"data-center-facility orange\" itemprop=\"image\" title=\"data-center-facility orange image\" onerror=\"this.style.display='none'\" loading='lazy' \/>\n<h3>\n\t\t\tData Center Facility\t<\/h3>\n\t<p>Soluzioni per la transizione verso il <strong>Data Center<\/strong> efficiente, <strong>green<\/strong> ed ad alte prestazioni.<\/p>\n\t\t\t<a href=\"https:\/\/www.zeliatech.eu\/it\/soluzioni-data-center\/\" target=\"_self\">\n\t\t\t\t\t\t\tScopri di pi\u00f9\n\t\t\t<\/a>\n<h2>\n\t\t\tI nostri servizi\t<\/h2>\n\t<p>Dalla pre-vendita al post-vendita, siamo al fianco dei nostri clienti supportandoli attraverso <strong>servizi dedicati<\/strong>.<\/p>\n\t\t\t<a href=\"https:\/\/www.zeliatech.eu\/it\/servizi\" target=\"_self\">\n\t\t\t\t\t\t\tSCOPRI I NOSTRI SERVIZI\n\t\t\t\t\t<\/a>\n\t\t\t\t<img decoding=\"async\" src=\"https:\/\/static.zeliatech.eu\/uploads\/Ai-Technology-Spark-1.png\" alt=\"Ai-Technology-Spark\" itemprop=\"image\" title=\"Ai-Technology-Spark image\" onerror=\"this.style.display='none'\" loading='lazy' \/>\n<h3>\n\t\t\tVuoi diventare nostro cliente?\t<\/h3>\n\t<p>Se sei un rivenditore o ti occupi di assistenza e installazione, affidati all&#8217;esperienza di Zeliatech per offrire <strong>soluzioni energetiche innovative e personalizzate<\/strong>.<\/p>\n\t\t\t<a href=\"https:\/\/register.zeliatech.com\/it\" target=\"_self\">\n\t\t\t\t\t\t\tDiventa cliente\n\t\t\t\t\t<\/a>\n\t\t\t\t<img decoding=\"async\" src=\"https:\/\/static.zeliatech.eu\/uploads\/Business-Handshake.png\" alt=\"Business-Handshake\" itemprop=\"image\" title=\"Business-Handshake image\" onerror=\"this.style.display='none'\" loading='lazy' \/>\n<h3>\n\t\t\tVuoi diventare nostro fornitore?\t<\/h3>\n\t<p>Se sei un vendor e offri prodotti e servizi nei nostri mercati di riferimento, unisciti a Zeliatech.<\/p>\n\t\t\t<a href=\"https:\/\/www.zeliatech.eu\/it\/diventa-fornitore\/\" target=\"_self\">\n\t\t\t\t\t\t\tDiventa fornitore\n\t\t\t\t\t<\/a>\n\n","protected":false},"excerpt":{"rendered":"<p>Soluzioni Utility Scale Scopri le nostri soluzioni utility scale per creare infrastrutture green. Abbraccia il futuro investendo nell&#8217;energia green. La nostra offerta Grazie alla collaborazione con i migliori partner del settore siamo in grado di offrire prodotti e soluzioni per la realizzazione di centrali fotovoltaiche di ultima generazione. Combina l&#8217;energia solare fotovoltaica con sistemi di&hellip;<\/p>\n","protected":false},"author":1,"featured_media":0,"parent":48,"menu_order":32,"comment_status":"closed","ping_status":"closed","template":"","meta":{"_acf_changed":false,"footnotes":""},"class_list":["post-724","page","type-page","status-publish","hentry"],"acf":{"translations_hreflang":[{"language_code":"en","translation_url":"https:\/\/www.zeliatech.eu\/en\/pv-solutions\/utility-scale\/"}]},"yoast_head":"<!-- This site is optimized with the Yoast SEO plugin v27.2 - https:\/\/yoast.com\/product\/yoast-seo-wordpress\/ -->\n<title>Soluzioni fotovoltaiche utility scale - investire nel green su larga scala<\/title>\n<meta name=\"description\" content=\"Soluzioni utility scale all&#039;avanguardia: massimizza l&#039;efficienza con impianti fotovoltaici e sistemi di accumulo integrati, investi in infrastrutture energetiche sostenibili.\" \/>\n<meta name=\"robots\" content=\"index, follow, max-snippet:-1, max-image-preview:large, max-video-preview:-1\" \/>\n<link rel=\"canonical\" href=\"https:\/\/www.zeliatech.eu\/it\/soluzioni-fotovoltaico\/soluzioni-utility-scale\/\" \/>\n<meta property=\"og:locale\" content=\"it_IT\" \/>\n<meta property=\"og:type\" content=\"article\" \/>\n<meta property=\"og:title\" content=\"Soluzioni fotovoltaiche utility scale - investire nel green su larga scala\" \/>\n<meta property=\"og:description\" content=\"Soluzioni utility scale all&#039;avanguardia: massimizza l&#039;efficienza con impianti fotovoltaici e sistemi di accumulo integrati, investi in infrastrutture energetiche sostenibili.\" \/>\n<meta property=\"og:url\" content=\"https:\/\/www.zeliatech.eu\/it\/soluzioni-fotovoltaico\/soluzioni-utility-scale\/\" \/>\n<meta property=\"og:site_name\" content=\"Zeliatech-IT\" \/>\n<meta property=\"article:modified_time\" content=\"2025-12-24T12:50:21+00:00\" \/>\n<meta property=\"og:image\" content=\"https:\/\/static.zeliatech.eu\/uploads\/fotovoltaico2.png\" \/>\n<meta name=\"twitter:card\" content=\"summary_large_image\" \/>\n<meta name=\"twitter:label1\" content=\"Tempo di lettura stimato\" \/>\n\t<meta name=\"twitter:data1\" content=\"5 minuti\" \/>\n<script type=\"application\/ld+json\" class=\"yoast-schema-graph\">{\"@context\":\"https:\/\/schema.org\",\"@graph\":[{\"@type\":\"WebPage\",\"@id\":\"https:\/\/www.zeliatech.eu\/it\/soluzioni-fotovoltaico\/soluzioni-utility-scale\/\",\"url\":\"https:\/\/www.zeliatech.eu\/it\/soluzioni-fotovoltaico\/soluzioni-utility-scale\/\",\"name\":\"Soluzioni fotovoltaiche utility scale - investire nel green su larga scala\",\"isPartOf\":{\"@id\":\"https:\/\/www.zeliatech.eu\/it\/#website\"},\"primaryImageOfPage\":{\"@id\":\"https:\/\/www.zeliatech.eu\/it\/soluzioni-fotovoltaico\/soluzioni-utility-scale\/#primaryimage\"},\"image\":{\"@id\":\"https:\/\/www.zeliatech.eu\/it\/soluzioni-fotovoltaico\/soluzioni-utility-scale\/#primaryimage\"},\"thumbnailUrl\":\"https:\/\/static.zeliatech.eu\/uploads\/fotovoltaico2.png\",\"datePublished\":\"2023-12-05T11:27:56+00:00\",\"dateModified\":\"2025-12-24T12:50:21+00:00\",\"description\":\"Soluzioni utility scale all'avanguardia: massimizza l'efficienza con impianti fotovoltaici e sistemi di accumulo integrati, investi in infrastrutture energetiche sostenibili.\",\"breadcrumb\":{\"@id\":\"https:\/\/www.zeliatech.eu\/it\/soluzioni-fotovoltaico\/soluzioni-utility-scale\/#breadcrumb\"},\"inLanguage\":\"it-IT\",\"potentialAction\":[{\"@type\":\"ReadAction\",\"target\":[\"https:\/\/www.zeliatech.eu\/it\/soluzioni-fotovoltaico\/soluzioni-utility-scale\/\"]}]},{\"@type\":\"ImageObject\",\"inLanguage\":\"it-IT\",\"@id\":\"https:\/\/www.zeliatech.eu\/it\/soluzioni-fotovoltaico\/soluzioni-utility-scale\/#primaryimage\",\"url\":\"https:\/\/static.zeliatech.eu\/uploads\/fotovoltaico2.png\",\"contentUrl\":\"https:\/\/static.zeliatech.eu\/uploads\/fotovoltaico2.png\"},{\"@type\":\"BreadcrumbList\",\"@id\":\"https:\/\/www.zeliatech.eu\/it\/soluzioni-fotovoltaico\/soluzioni-utility-scale\/#breadcrumb\",\"itemListElement\":[{\"@type\":\"ListItem\",\"position\":1,\"name\":\"Home\",\"item\":\"https:\/\/www.zeliatech.eu\/it\/\"},{\"@type\":\"ListItem\",\"position\":2,\"name\":\"Soluzioni Fotovoltaico\",\"item\":\"https:\/\/www.zeliatech.eu\/it\/soluzioni-fotovoltaico\/\"},{\"@type\":\"ListItem\",\"position\":3,\"name\":\"Soluzioni Utility Scale\"}]},{\"@type\":\"WebSite\",\"@id\":\"https:\/\/www.zeliatech.eu\/it\/#website\",\"url\":\"https:\/\/www.zeliatech.eu\/it\/\",\"name\":\"Zeliatech-IT\",\"description\":\"\",\"publisher\":{\"@id\":\"https:\/\/www.zeliatech.eu\/it\/#organization\"},\"potentialAction\":[{\"@type\":\"SearchAction\",\"target\":{\"@type\":\"EntryPoint\",\"urlTemplate\":\"https:\/\/www.zeliatech.eu\/it\/?s={search_term_string}\"},\"query-input\":{\"@type\":\"PropertyValueSpecification\",\"valueRequired\":true,\"valueName\":\"search_term_string\"}}],\"inLanguage\":\"it-IT\"},{\"@type\":\"Organization\",\"@id\":\"https:\/\/www.zeliatech.eu\/it\/#organization\",\"name\":\"Zeliatech S.r.l.\",\"url\":\"https:\/\/www.zeliatech.eu\/it\/\",\"logo\":{\"@type\":\"ImageObject\",\"inLanguage\":\"it-IT\",\"@id\":\"https:\/\/www.zeliatech.eu\/it\/#\/schema\/logo\/image\/\",\"url\":\"https:\/\/www.zeliatech.eu\/wp-content\/uploads\/Zeliatech-logo-1.png\",\"contentUrl\":\"https:\/\/www.zeliatech.eu\/wp-content\/uploads\/Zeliatech-logo-1.png\",\"width\":319,\"height\":72,\"caption\":\"Zeliatech S.r.l.\"},\"image\":{\"@id\":\"https:\/\/www.zeliatech.eu\/it\/#\/schema\/logo\/image\/\"},\"sameAs\":[\"https:\/\/www.linkedin.com\/company\/zeliatech-tech\/\"]}]}<\/script>\n<!-- \/ Yoast SEO plugin. -->","yoast_head_json":{"title":"Soluzioni fotovoltaiche utility scale - investire nel green su larga scala","description":"Soluzioni utility scale all'avanguardia: massimizza l'efficienza con impianti fotovoltaici e sistemi di accumulo integrati, investi in infrastrutture energetiche sostenibili.","robots":{"index":"index","follow":"follow","max-snippet":"max-snippet:-1","max-image-preview":"max-image-preview:large","max-video-preview":"max-video-preview:-1"},"canonical":"https:\/\/www.zeliatech.eu\/it\/soluzioni-fotovoltaico\/soluzioni-utility-scale\/","og_locale":"it_IT","og_type":"article","og_title":"Soluzioni fotovoltaiche utility scale - investire nel green su larga scala","og_description":"Soluzioni utility scale all'avanguardia: massimizza l'efficienza con impianti fotovoltaici e sistemi di accumulo integrati, investi in infrastrutture energetiche sostenibili.","og_url":"https:\/\/www.zeliatech.eu\/it\/soluzioni-fotovoltaico\/soluzioni-utility-scale\/","og_site_name":"Zeliatech-IT","article_modified_time":"2025-12-24T12:50:21+00:00","og_image":[{"url":"https:\/\/static.zeliatech.eu\/uploads\/fotovoltaico2.png","type":"","width":"","height":""}],"twitter_card":"summary_large_image","twitter_misc":{"Tempo di lettura stimato":"5 minuti"},"schema":{"@context":"https:\/\/schema.org","@graph":[{"@type":"WebPage","@id":"https:\/\/www.zeliatech.eu\/it\/soluzioni-fotovoltaico\/soluzioni-utility-scale\/","url":"https:\/\/www.zeliatech.eu\/it\/soluzioni-fotovoltaico\/soluzioni-utility-scale\/","name":"Soluzioni fotovoltaiche utility scale - investire nel green su larga scala","isPartOf":{"@id":"https:\/\/www.zeliatech.eu\/it\/#website"},"primaryImageOfPage":{"@id":"https:\/\/www.zeliatech.eu\/it\/soluzioni-fotovoltaico\/soluzioni-utility-scale\/#primaryimage"},"image":{"@id":"https:\/\/www.zeliatech.eu\/it\/soluzioni-fotovoltaico\/soluzioni-utility-scale\/#primaryimage"},"thumbnailUrl":"https:\/\/static.zeliatech.eu\/uploads\/fotovoltaico2.png","datePublished":"2023-12-05T11:27:56+00:00","dateModified":"2025-12-24T12:50:21+00:00","description":"Soluzioni utility scale all'avanguardia: massimizza l'efficienza con impianti fotovoltaici e sistemi di accumulo integrati, investi in infrastrutture energetiche sostenibili.","breadcrumb":{"@id":"https:\/\/www.zeliatech.eu\/it\/soluzioni-fotovoltaico\/soluzioni-utility-scale\/#breadcrumb"},"inLanguage":"it-IT","potentialAction":[{"@type":"ReadAction","target":["https:\/\/www.zeliatech.eu\/it\/soluzioni-fotovoltaico\/soluzioni-utility-scale\/"]}]},{"@type":"ImageObject","inLanguage":"it-IT","@id":"https:\/\/www.zeliatech.eu\/it\/soluzioni-fotovoltaico\/soluzioni-utility-scale\/#primaryimage","url":"https:\/\/static.zeliatech.eu\/uploads\/fotovoltaico2.png","contentUrl":"https:\/\/static.zeliatech.eu\/uploads\/fotovoltaico2.png"},{"@type":"BreadcrumbList","@id":"https:\/\/www.zeliatech.eu\/it\/soluzioni-fotovoltaico\/soluzioni-utility-scale\/#breadcrumb","itemListElement":[{"@type":"ListItem","position":1,"name":"Home","item":"https:\/\/www.zeliatech.eu\/it\/"},{"@type":"ListItem","position":2,"name":"Soluzioni Fotovoltaico","item":"https:\/\/www.zeliatech.eu\/it\/soluzioni-fotovoltaico\/"},{"@type":"ListItem","position":3,"name":"Soluzioni Utility Scale"}]},{"@type":"WebSite","@id":"https:\/\/www.zeliatech.eu\/it\/#website","url":"https:\/\/www.zeliatech.eu\/it\/","name":"Zeliatech-IT","description":"","publisher":{"@id":"https:\/\/www.zeliatech.eu\/it\/#organization"},"potentialAction":[{"@type":"SearchAction","target":{"@type":"EntryPoint","urlTemplate":"https:\/\/www.zeliatech.eu\/it\/?s={search_term_string}"},"query-input":{"@type":"PropertyValueSpecification","valueRequired":true,"valueName":"search_term_string"}}],"inLanguage":"it-IT"},{"@type":"Organization","@id":"https:\/\/www.zeliatech.eu\/it\/#organization","name":"Zeliatech S.r.l.","url":"https:\/\/www.zeliatech.eu\/it\/","logo":{"@type":"ImageObject","inLanguage":"it-IT","@id":"https:\/\/www.zeliatech.eu\/it\/#\/schema\/logo\/image\/","url":"https:\/\/www.zeliatech.eu\/wp-content\/uploads\/Zeliatech-logo-1.png","contentUrl":"https:\/\/www.zeliatech.eu\/wp-content\/uploads\/Zeliatech-logo-1.png","width":319,"height":72,"caption":"Zeliatech S.r.l."},"image":{"@id":"https:\/\/www.zeliatech.eu\/it\/#\/schema\/logo\/image\/"},"sameAs":["https:\/\/www.linkedin.com\/company\/zeliatech-tech\/"]}]}},"_links":{"self":[{"href":"https:\/\/www.zeliatech.eu\/it\/wp-json\/wp\/v2\/pages\/724","targetHints":{"allow":["GET"]}}],"collection":[{"href":"https:\/\/www.zeliatech.eu\/it\/wp-json\/wp\/v2\/pages"}],"about":[{"href":"https:\/\/www.zeliatech.eu\/it\/wp-json\/wp\/v2\/types\/page"}],"author":[{"embeddable":true,"href":"https:\/\/www.zeliatech.eu\/it\/wp-json\/wp\/v2\/users\/1"}],"replies":[{"embeddable":true,"href":"https:\/\/www.zeliatech.eu\/it\/wp-json\/wp\/v2\/comments?post=724"}],"version-history":[{"count":15,"href":"https:\/\/www.zeliatech.eu\/it\/wp-json\/wp\/v2\/pages\/724\/revisions"}],"predecessor-version":[{"id":3082,"href":"https:\/\/www.zeliatech.eu\/it\/wp-json\/wp\/v2\/pages\/724\/revisions\/3082"}],"up":[{"embeddable":true,"href":"https:\/\/www.zeliatech.eu\/it\/wp-json\/wp\/v2\/pages\/48"}],"wp:attachment":[{"href":"https:\/\/www.zeliatech.eu\/it\/wp-json\/wp\/v2\/media?parent=724"}],"curies":[{"name":"wp","href":"https:\/\/api.w.org\/{rel}","templated":true}]}}