{"id":733,"date":"2023-12-05T11:37:36","date_gmt":"2023-12-05T11:37:36","guid":{"rendered":"https:\/\/staging.zeliatech.com\/?page_id=733"},"modified":"2025-12-24T12:34:22","modified_gmt":"2025-12-24T12:34:22","slug":"stazioni-di-ricarica","status":"publish","type":"page","link":"https:\/\/www.zeliatech.eu\/it\/e-mobility\/stazioni-di-ricarica\/","title":{"rendered":"Stazioni di Ricarica"},"content":{"rendered":"\n\n\t\n<h1>\n\t\t\tSTAZIONI DI RICARICA\t<\/h1>\n\t<p>Soluzioni avanzate per la <strong>ricarica di veicoli elettrici<\/strong><\/p>\n<h2>\n\t\t\tRicarica su Misura\t<\/h2>\n\t<p>Offriamo s<strong>oluzioni di ricarica per veicoli elettrici<\/strong> adatte ad ogni campo di applicazione per soddisfare ogni esigenza di mercato. Grazie alle sinergie coi nostri partner potrai dare un boost alla mobilit\u00e0 Green e sostenibile.<\/p>\n\t<p>We are Zeliatech<\/p>\n<h2>\n\t\t\tSostenibilit\u00e0 &#038; Mobilit\u00e0\t<\/h2>\n\t<p>Zeliatch propone una gamma completa di <strong>EV Chargers<\/strong> per rispondere a qualsiasi esigenza: per la casa, per il tuo business, per la tua infrastruttura di ricarica.<\/p>\n<strong>Per la casa<\/strong>: offriamo soluzioni compatte e intelligenti, integrate e integrabili per una Smart Home predisposta all&#8217;<strong>e-Mobility<\/strong>.<br \/>\n<strong>Per il tuo business<\/strong>: i nostri dispositivi sono perfetti sia per la tua flotta aziendale, sia per la vendita del servizio di ricarica, con soluzioni scalabili e intelligenti.<br \/>\n<strong>Per la tua infrastruttura<\/strong>: amplia il tuo business e offri anche tu il servizio di ricarica coi nostri dispositivi affidabili, versatili e user-friendly adatta a ogni esigenza degli automobilisti elettrici.\n<p>Unisciti alla nostra <strong>green community<\/strong> per una mobilit\u00e0 sostenibile e alla portata di tutti.<\/p>\n\t<p>Partners<\/p>\n<h2>\n\t\t\tScopri i nostri fornitori in ambito e-Mobility\t<\/h2>\n\t<p>L&#8217;offerta Zeliatech<\/p>\n<h2>\n\t\t\tLe nostre soluzioni\t<\/h2>\n\t\t\t\t<img decoding=\"async\" src=\"https:\/\/static.zeliatech.eu\/uploads\/fotovoltaico2.png\" alt=\"fotovoltaico orange\" itemprop=\"image\" title=\"fotovoltaico orange image\" onerror=\"this.style.display='none'\" loading='lazy' \/>\n<h3>\n\t\t\tFotovoltaico\t<\/h3>\n\t<p>Le nostre soluzioni per il fotovoltaico, dalla singola unit\u00e0 abitativai ai grandi campi fotolvoltaici.<\/p>\n\t\t\t<a href=\"https:\/\/www.zeliatech.eu\/it\/soluzioni-fotovoltaico\/\" target=\"_self\">\n\t\t\t\t\t\t\tScopri di pi\u00f9\n\t\t\t<\/a>\n\t\t\t\t<img decoding=\"async\" src=\"https:\/\/static.zeliatech.eu\/uploads\/smart-building2.png\" alt=\"smart-building orange\" itemprop=\"image\" title=\"smart-building orange image\" onerror=\"this.style.display='none'\" loading='lazy' \/>\n<h3>\n\t\t\tSmart Building\t<\/h3>\n\t<p>Gestione energetica, illuminazione, climatizzazione e videosorveglianza con le nostre <strong data-renderer-mark=\"true\">soluzioni di smart building<\/strong>.<\/p>\n\t\t\t<a href=\"https:\/\/www.zeliatech.eu\/it\/smart-building\/\" target=\"_self\">\n\t\t\t\t\t\t\tScopri di pi\u00f9\n\t\t\t<\/a>\n\t\t\t\t<img decoding=\"async\" src=\"https:\/\/static.zeliatech.eu\/uploads\/data-center-facility2.png\" alt=\"data-center-facility orange\" itemprop=\"image\" title=\"data-center-facility orange image\" onerror=\"this.style.display='none'\" loading='lazy' \/>\n<h3>\n\t\t\tData Center Facility\t<\/h3>\n\t<p>Soluzioni per la transizione verso il <strong>Data Center<\/strong> efficiente, <strong>green<\/strong> ed ad alte prestazioni.<\/p>\n\t\t\t<a href=\"https:\/\/www.zeliatech.eu\/it\/soluzioni-data-center\/\" target=\"_self\">\n\t\t\t\t\t\t\tScopri di pi\u00f9\n\t\t\t<\/a>\n<h2>\n\t\t\tI nostri servizi\t<\/h2>\n\t<p>Dalla pre-vendita al post-vendita, siamo al fianco dei nostri clienti supportandoli attraverso <strong>servizi dedicati<\/strong>.<\/p>\n\t\t\t<a href=\"https:\/\/www.zeliatech.eu\/it\/servizi\" target=\"_self\">\n\t\t\t\t\t\t\tSCOPRI I NOSTRI SERVIZI\n\t\t\t\t\t<\/a>\n\t\t\t\t<img decoding=\"async\" src=\"https:\/\/static.zeliatech.eu\/uploads\/Ai-Technology-Spark-1.png\" alt=\"Ai-Technology-Spark\" itemprop=\"image\" title=\"Ai-Technology-Spark image\" onerror=\"this.style.display='none'\" loading='lazy' \/>\n<h3>\n\t\t\tVuoi diventare nostro cliente?\t<\/h3>\n\t<p>Se sei un rivenditore o ti occupi di assistenza e installazione, affidati all&#8217;esperienza di Zeliatech per offrire <strong>soluzioni energetiche innovative e personalizzate<\/strong>.<\/p>\n\t\t\t<a href=\"https:\/\/register.zeliatech.com\/it\" target=\"_self\">\n\t\t\t\t\t\t\tDiventa cliente\n\t\t\t\t\t<\/a>\n\t\t\t\t<img decoding=\"async\" src=\"https:\/\/static.zeliatech.eu\/uploads\/Business-Handshake.png\" alt=\"Business-Handshake\" itemprop=\"image\" title=\"Business-Handshake image\" onerror=\"this.style.display='none'\" loading='lazy' \/>\n<h3>\n\t\t\tVuoi diventare nostro fornitore?\t<\/h3>\n\t<p>Se sei un vendor e offri prodotti e servizi nei nostri mercati di riferimento, unisciti a Zeliatech.<\/p>\n\t\t\t<a href=\"https:\/\/www.zeliatech.eu\/it\/diventa-fornitore\/\" target=\"_self\">\n\t\t\t\t\t\t\tDiventa fornitore\n\t\t\t\t\t<\/a>\n\n","protected":false},"excerpt":{"rendered":"<p>STAZIONI DI RICARICA Soluzioni avanzate per la ricarica di veicoli elettrici Ricarica su Misura Offriamo soluzioni di ricarica per veicoli elettrici adatte ad ogni campo di applicazione per soddisfare ogni esigenza di mercato. Grazie alle sinergie coi nostri partner potrai dare un boost alla mobilit\u00e0 Green e sostenibile. We are Zeliatech Sostenibilit\u00e0 &#038; Mobilit\u00e0 Zeliatch&hellip;<\/p>\n","protected":false},"author":1,"featured_media":0,"parent":553,"menu_order":34,"comment_status":"closed","ping_status":"closed","template":"","meta":{"_acf_changed":false,"footnotes":""},"class_list":["post-733","page","type-page","status-publish","hentry"],"acf":{"translations_hreflang":[{"language_code":"en","translation_url":"https:\/\/www.zeliatech.eu\/en\/e-mobility\/ev-chargers\/"}]},"yoast_head":"<!-- This site is optimized with the Yoast SEO plugin v27.2 - https:\/\/yoast.com\/product\/yoast-seo-wordpress\/ -->\n<title>Colonnine di ricarica - infrastrutture di ricarica per veicoli elettrici<\/title>\n<meta name=\"description\" content=\"Offriamo soluzioni di ricarica slow, quick e fast per EV. Grazie alle sinergie coi nostri partner potrai dare un boost alla mobilit\u00e0 elettrica sostenibile.\" \/>\n<meta name=\"robots\" content=\"index, follow, max-snippet:-1, max-image-preview:large, max-video-preview:-1\" \/>\n<link rel=\"canonical\" href=\"https:\/\/www.zeliatech.eu\/it\/e-mobility\/stazioni-di-ricarica\/\" \/>\n<meta property=\"og:locale\" content=\"it_IT\" \/>\n<meta property=\"og:type\" content=\"article\" \/>\n<meta property=\"og:title\" content=\"Colonnine di ricarica - infrastrutture di ricarica per veicoli elettrici\" \/>\n<meta property=\"og:description\" content=\"Offriamo soluzioni di ricarica slow, quick e fast per EV. Grazie alle sinergie coi nostri partner potrai dare un boost alla mobilit\u00e0 elettrica sostenibile.\" \/>\n<meta property=\"og:url\" content=\"https:\/\/www.zeliatech.eu\/it\/e-mobility\/stazioni-di-ricarica\/\" \/>\n<meta property=\"og:site_name\" content=\"Zeliatech-IT\" \/>\n<meta property=\"article:modified_time\" content=\"2025-12-24T12:34:22+00:00\" \/>\n<meta property=\"og:image\" content=\"https:\/\/static.zeliatech.eu\/uploads\/fotovoltaico2.png\" \/>\n<meta name=\"twitter:card\" content=\"summary_large_image\" \/>\n<meta name=\"twitter:label1\" content=\"Tempo di lettura stimato\" \/>\n\t<meta name=\"twitter:data1\" content=\"3 minuti\" \/>\n<script type=\"application\/ld+json\" class=\"yoast-schema-graph\">{\"@context\":\"https:\/\/schema.org\",\"@graph\":[{\"@type\":\"WebPage\",\"@id\":\"https:\/\/www.zeliatech.eu\/it\/e-mobility\/stazioni-di-ricarica\/\",\"url\":\"https:\/\/www.zeliatech.eu\/it\/e-mobility\/stazioni-di-ricarica\/\",\"name\":\"Colonnine di ricarica - infrastrutture di ricarica per veicoli elettrici\",\"isPartOf\":{\"@id\":\"https:\/\/www.zeliatech.eu\/it\/#website\"},\"primaryImageOfPage\":{\"@id\":\"https:\/\/www.zeliatech.eu\/it\/e-mobility\/stazioni-di-ricarica\/#primaryimage\"},\"image\":{\"@id\":\"https:\/\/www.zeliatech.eu\/it\/e-mobility\/stazioni-di-ricarica\/#primaryimage\"},\"thumbnailUrl\":\"https:\/\/static.zeliatech.eu\/uploads\/fotovoltaico2.png\",\"datePublished\":\"2023-12-05T11:37:36+00:00\",\"dateModified\":\"2025-12-24T12:34:22+00:00\",\"description\":\"Offriamo soluzioni di ricarica slow, quick e fast per EV. Grazie alle sinergie coi nostri partner potrai dare un boost alla mobilit\u00e0 elettrica sostenibile.\",\"breadcrumb\":{\"@id\":\"https:\/\/www.zeliatech.eu\/it\/e-mobility\/stazioni-di-ricarica\/#breadcrumb\"},\"inLanguage\":\"it-IT\",\"potentialAction\":[{\"@type\":\"ReadAction\",\"target\":[\"https:\/\/www.zeliatech.eu\/it\/e-mobility\/stazioni-di-ricarica\/\"]}]},{\"@type\":\"ImageObject\",\"inLanguage\":\"it-IT\",\"@id\":\"https:\/\/www.zeliatech.eu\/it\/e-mobility\/stazioni-di-ricarica\/#primaryimage\",\"url\":\"https:\/\/static.zeliatech.eu\/uploads\/fotovoltaico2.png\",\"contentUrl\":\"https:\/\/static.zeliatech.eu\/uploads\/fotovoltaico2.png\"},{\"@type\":\"BreadcrumbList\",\"@id\":\"https:\/\/www.zeliatech.eu\/it\/e-mobility\/stazioni-di-ricarica\/#breadcrumb\",\"itemListElement\":[{\"@type\":\"ListItem\",\"position\":1,\"name\":\"Home\",\"item\":\"https:\/\/www.zeliatech.eu\/it\/\"},{\"@type\":\"ListItem\",\"position\":2,\"name\":\"E-mobility\",\"item\":\"https:\/\/www.zeliatech.eu\/it\/e-mobility\/\"},{\"@type\":\"ListItem\",\"position\":3,\"name\":\"Stazioni di Ricarica\"}]},{\"@type\":\"WebSite\",\"@id\":\"https:\/\/www.zeliatech.eu\/it\/#website\",\"url\":\"https:\/\/www.zeliatech.eu\/it\/\",\"name\":\"Zeliatech-IT\",\"description\":\"\",\"publisher\":{\"@id\":\"https:\/\/www.zeliatech.eu\/it\/#organization\"},\"potentialAction\":[{\"@type\":\"SearchAction\",\"target\":{\"@type\":\"EntryPoint\",\"urlTemplate\":\"https:\/\/www.zeliatech.eu\/it\/?s={search_term_string}\"},\"query-input\":{\"@type\":\"PropertyValueSpecification\",\"valueRequired\":true,\"valueName\":\"search_term_string\"}}],\"inLanguage\":\"it-IT\"},{\"@type\":\"Organization\",\"@id\":\"https:\/\/www.zeliatech.eu\/it\/#organization\",\"name\":\"Zeliatech S.r.l.\",\"url\":\"https:\/\/www.zeliatech.eu\/it\/\",\"logo\":{\"@type\":\"ImageObject\",\"inLanguage\":\"it-IT\",\"@id\":\"https:\/\/www.zeliatech.eu\/it\/#\/schema\/logo\/image\/\",\"url\":\"https:\/\/www.zeliatech.eu\/wp-content\/uploads\/Zeliatech-logo-1.png\",\"contentUrl\":\"https:\/\/www.zeliatech.eu\/wp-content\/uploads\/Zeliatech-logo-1.png\",\"width\":319,\"height\":72,\"caption\":\"Zeliatech S.r.l.\"},\"image\":{\"@id\":\"https:\/\/www.zeliatech.eu\/it\/#\/schema\/logo\/image\/\"},\"sameAs\":[\"https:\/\/www.linkedin.com\/company\/zeliatech-tech\/\"]}]}<\/script>\n<!-- \/ Yoast SEO plugin. -->","yoast_head_json":{"title":"Colonnine di ricarica - infrastrutture di ricarica per veicoli elettrici","description":"Offriamo soluzioni di ricarica slow, quick e fast per EV. Grazie alle sinergie coi nostri partner potrai dare un boost alla mobilit\u00e0 elettrica sostenibile.","robots":{"index":"index","follow":"follow","max-snippet":"max-snippet:-1","max-image-preview":"max-image-preview:large","max-video-preview":"max-video-preview:-1"},"canonical":"https:\/\/www.zeliatech.eu\/it\/e-mobility\/stazioni-di-ricarica\/","og_locale":"it_IT","og_type":"article","og_title":"Colonnine di ricarica - infrastrutture di ricarica per veicoli elettrici","og_description":"Offriamo soluzioni di ricarica slow, quick e fast per EV. Grazie alle sinergie coi nostri partner potrai dare un boost alla mobilit\u00e0 elettrica sostenibile.","og_url":"https:\/\/www.zeliatech.eu\/it\/e-mobility\/stazioni-di-ricarica\/","og_site_name":"Zeliatech-IT","article_modified_time":"2025-12-24T12:34:22+00:00","og_image":[{"url":"https:\/\/static.zeliatech.eu\/uploads\/fotovoltaico2.png","type":"","width":"","height":""}],"twitter_card":"summary_large_image","twitter_misc":{"Tempo di lettura stimato":"3 minuti"},"schema":{"@context":"https:\/\/schema.org","@graph":[{"@type":"WebPage","@id":"https:\/\/www.zeliatech.eu\/it\/e-mobility\/stazioni-di-ricarica\/","url":"https:\/\/www.zeliatech.eu\/it\/e-mobility\/stazioni-di-ricarica\/","name":"Colonnine di ricarica - infrastrutture di ricarica per veicoli elettrici","isPartOf":{"@id":"https:\/\/www.zeliatech.eu\/it\/#website"},"primaryImageOfPage":{"@id":"https:\/\/www.zeliatech.eu\/it\/e-mobility\/stazioni-di-ricarica\/#primaryimage"},"image":{"@id":"https:\/\/www.zeliatech.eu\/it\/e-mobility\/stazioni-di-ricarica\/#primaryimage"},"thumbnailUrl":"https:\/\/static.zeliatech.eu\/uploads\/fotovoltaico2.png","datePublished":"2023-12-05T11:37:36+00:00","dateModified":"2025-12-24T12:34:22+00:00","description":"Offriamo soluzioni di ricarica slow, quick e fast per EV. Grazie alle sinergie coi nostri partner potrai dare un boost alla mobilit\u00e0 elettrica sostenibile.","breadcrumb":{"@id":"https:\/\/www.zeliatech.eu\/it\/e-mobility\/stazioni-di-ricarica\/#breadcrumb"},"inLanguage":"it-IT","potentialAction":[{"@type":"ReadAction","target":["https:\/\/www.zeliatech.eu\/it\/e-mobility\/stazioni-di-ricarica\/"]}]},{"@type":"ImageObject","inLanguage":"it-IT","@id":"https:\/\/www.zeliatech.eu\/it\/e-mobility\/stazioni-di-ricarica\/#primaryimage","url":"https:\/\/static.zeliatech.eu\/uploads\/fotovoltaico2.png","contentUrl":"https:\/\/static.zeliatech.eu\/uploads\/fotovoltaico2.png"},{"@type":"BreadcrumbList","@id":"https:\/\/www.zeliatech.eu\/it\/e-mobility\/stazioni-di-ricarica\/#breadcrumb","itemListElement":[{"@type":"ListItem","position":1,"name":"Home","item":"https:\/\/www.zeliatech.eu\/it\/"},{"@type":"ListItem","position":2,"name":"E-mobility","item":"https:\/\/www.zeliatech.eu\/it\/e-mobility\/"},{"@type":"ListItem","position":3,"name":"Stazioni di Ricarica"}]},{"@type":"WebSite","@id":"https:\/\/www.zeliatech.eu\/it\/#website","url":"https:\/\/www.zeliatech.eu\/it\/","name":"Zeliatech-IT","description":"","publisher":{"@id":"https:\/\/www.zeliatech.eu\/it\/#organization"},"potentialAction":[{"@type":"SearchAction","target":{"@type":"EntryPoint","urlTemplate":"https:\/\/www.zeliatech.eu\/it\/?s={search_term_string}"},"query-input":{"@type":"PropertyValueSpecification","valueRequired":true,"valueName":"search_term_string"}}],"inLanguage":"it-IT"},{"@type":"Organization","@id":"https:\/\/www.zeliatech.eu\/it\/#organization","name":"Zeliatech S.r.l.","url":"https:\/\/www.zeliatech.eu\/it\/","logo":{"@type":"ImageObject","inLanguage":"it-IT","@id":"https:\/\/www.zeliatech.eu\/it\/#\/schema\/logo\/image\/","url":"https:\/\/www.zeliatech.eu\/wp-content\/uploads\/Zeliatech-logo-1.png","contentUrl":"https:\/\/www.zeliatech.eu\/wp-content\/uploads\/Zeliatech-logo-1.png","width":319,"height":72,"caption":"Zeliatech S.r.l."},"image":{"@id":"https:\/\/www.zeliatech.eu\/it\/#\/schema\/logo\/image\/"},"sameAs":["https:\/\/www.linkedin.com\/company\/zeliatech-tech\/"]}]}},"_links":{"self":[{"href":"https:\/\/www.zeliatech.eu\/it\/wp-json\/wp\/v2\/pages\/733","targetHints":{"allow":["GET"]}}],"collection":[{"href":"https:\/\/www.zeliatech.eu\/it\/wp-json\/wp\/v2\/pages"}],"about":[{"href":"https:\/\/www.zeliatech.eu\/it\/wp-json\/wp\/v2\/types\/page"}],"author":[{"embeddable":true,"href":"https:\/\/www.zeliatech.eu\/it\/wp-json\/wp\/v2\/users\/1"}],"replies":[{"embeddable":true,"href":"https:\/\/www.zeliatech.eu\/it\/wp-json\/wp\/v2\/comments?post=733"}],"version-history":[{"count":3,"href":"https:\/\/www.zeliatech.eu\/it\/wp-json\/wp\/v2\/pages\/733\/revisions"}],"predecessor-version":[{"id":3117,"href":"https:\/\/www.zeliatech.eu\/it\/wp-json\/wp\/v2\/pages\/733\/revisions\/3117"}],"up":[{"embeddable":true,"href":"https:\/\/www.zeliatech.eu\/it\/wp-json\/wp\/v2\/pages\/553"}],"wp:attachment":[{"href":"https:\/\/www.zeliatech.eu\/it\/wp-json\/wp\/v2\/media?parent=733"}],"curies":[{"name":"wp","href":"https:\/\/api.w.org\/{rel}","templated":true}]}}