{"id":753,"date":"2023-12-05T13:35:13","date_gmt":"2023-12-05T13:35:13","guid":{"rendered":"https:\/\/staging.zeliatech.com\/?page_id=753"},"modified":"2025-12-24T11:48:06","modified_gmt":"2025-12-24T11:48:06","slug":"cablaggio-strutturato","status":"publish","type":"page","link":"https:\/\/www.zeliatech.eu\/it\/soluzioni-data-center\/cablaggio-strutturato\/","title":{"rendered":"Cablaggio Strutturato"},"content":{"rendered":"\n\n\t\n<h1>\n\t\t\tCABLAGGIO STRUTTURATO\t<\/h1>\n\t<h2>Offriamo soluzioni di connettivit\u00e0 tecnologicamente avanzate e servizi di installazione di alta qualit\u00e0.<\/h2>\n<h2>\n\t\t\tLa nostra offerta\t<\/h2>\n\t<p>Dall&#8217;ambiente pi\u00f9 piccolo ai <strong>grandi data center<\/strong>, forniamo sistemi di <strong>cablaggio strutturato<\/strong> adatti a tutte le applicazioni, per guidare la fase di transizione energetica verso un uso pi\u00f9 responsabile ed efficiente delle risorse a disposizione.<\/p>\n\t<p>We are Zeliatech<\/p>\n<h2>\n\t\t\tDigitalizzazione &amp; Efficienza\t<\/h2>\n\t<p>Zeliatech si distingue nel campo della digitalizzazione e dell&#8217;efficienza operativa, offrendo sistemi di <strong>cablaggio strutturato in rame<\/strong> e in<strong> fibra di ultima generazione<\/strong>.<\/p>\n<p>La nostra selezione di accessori, scelti tra i migliori materiali disponibili sul mercato, garantisce una <strong>connettivit\u00e0 di rete<\/strong> performante e affidabile. Questo permette l&#8217;interconnessione fluida tra dispositivi elettronici, essenziale per le aziende che si muovono verso una completa digitalizzazione.<\/p>\n<p>Con le nostre<strong> soluzioni in fibra ottica<\/strong>, il trasferimento dati avviene a velocit\u00e0 eccezionale, contribuendo significativamente all&#8217;<strong>efficienza energetica<\/strong> e alla sostenibilit\u00e0 del tuo business.<\/p>\n\t<p>Partners<\/p>\n<h2>\n\t\t\tScopri i nostri fornitori\t<\/h2>\n\t<p>Prodotti correlati<\/p>\n<h2>\n\t\t\tAltri prodotti in ambito Data Center Facility\t<\/h2>\n\t\t\t\t<img decoding=\"async\" src=\"https:\/\/static.zeliatech.eu\/uploads\/rack-banner.jpg\" alt=\"Data Center Facility Rack\" title=\"Data Center Facility Rack image\" loading='lazy' \/>\n<h3>\n\t\t\tRack\t<\/h3>\n\t<p>Progettate per ottimizzare lo spazio e garantire una dissipazione del calore efficiente.<\/p>\n\t\t\t<a href=\"https:\/\/www.zeliatech.eu\/it\/soluzioni-data-center\/rack-accessori-data-center\" target=\"_self\">\n\t\t\t\t\t\t\tScopri di pi\u00f9\n\t\t\t<\/a>\n\t\t\t\t<img decoding=\"async\" src=\"https:\/\/static.zeliatech.eu\/uploads\/gruppi-di-continuita-ups-banner.jpg\" alt=\"Data Center Facility UPS\" title=\"Data Center Facility UPS image\" loading='lazy' \/>\n<h3>\n\t\t\tUPS\t<\/h3>\n\t<p>Continuit\u00e0 operativa, affidabilit\u00e0 e protezione per i tuoi sistemi.<\/p>\n\t\t\t<a href=\"https:\/\/www.zeliatech.eu\/it\/soluzioni-data-center\/gruppi-di-continuita-ups\/\" target=\"_self\">\n\t\t\t\t\t\t\tScopri di pi\u00f9\n\t\t\t<\/a>\n\t\t\t\t<img decoding=\"async\" src=\"https:\/\/static.zeliatech.eu\/uploads\/dc-videosorveglianza-e-controllo-accessi-banner.jpg\" alt=\"Data Center Facility Videosorveglianza Controllo Accessi\" title=\"Data Center Facility Videosorveglianza Controllo Accessi image\" loading='lazy' \/>\n<h3>\n\t\t\tVideosorveglianza e Controllo Accessi\t<\/h3>\n\t<p>Soluzioni avanzate, affidabili e personalizzabili per garantire sicurezza e gestione efficiente degli accessi.<\/p>\n\t\t\t<a href=\"https:\/\/www.zeliatech.eu\/it\/soluzioni-data-center\/sicurezza-data-center\" target=\"_self\">\n\t\t\t\t\t\t\tScopri di pi\u00f9\n\t\t\t<\/a>\n\t<p>L&#8217;offerta Zeliatech<\/p>\n<h2>\n\t\t\tLe nostre soluzioni\t<\/h2>\n\t\t\t\t<img decoding=\"async\" src=\"https:\/\/static.zeliatech.eu\/uploads\/fotovoltaico2.png\" alt=\"fotovoltaico orange\" title=\"fotovoltaico orange image\" loading='lazy' \/>\n<h3>\n\t\t\tFotovoltaico\t<\/h3>\n\t<p>Le nostre <strong>soluzioni per il fotovoltaico<\/strong>, dalla singola unit\u00e0 abitativai ai grandi campi fotolvoltaici.<\/p>\n\t\t\t<a href=\"https:\/\/www.zeliatech.eu\/it\/soluzioni-fotovoltaico\/\" target=\"_self\">\n\t\t\t\t\t\t\tScopri di pi\u00f9\n\t\t\t<\/a>\n\t\t\t\t<img decoding=\"async\" src=\"https:\/\/static.zeliatech.eu\/uploads\/e-mobility_car2.png\" alt=\"e-mobility car orange\" title=\"e-mobility car orange image\" loading='lazy' \/>\n<h3>\n\t\t\te-Mobility\t<\/h3>\n\t<p>Dalla ricarica a casa alle infrastrutture intelligenti, soluzioni ottimizzate per la transizione verso la<strong> e-mobility<\/strong>.<\/p>\n\t\t\t<a href=\"https:\/\/www.zeliatech.eu\/it\/e-mobility\/\" target=\"_self\">\n\t\t\t\t\t\t\tScopri di pi\u00f9\n\t\t\t<\/a>\n\t\t\t\t<img decoding=\"async\" src=\"https:\/\/static.zeliatech.eu\/uploads\/smart-building2.png\" alt=\"smart-building orange\" title=\"smart-building orange image\" loading='lazy' \/>\n<h3>\n\t\t\tSmart Building\t<\/h3>\n\t<p>Gestione energetica, illuminazione, climatizzazione e videosorveglianza con le nostre <strong>soluzioni di smart building<\/strong>.<\/p>\n\t\t\t<a href=\"https:\/\/www.zeliatech.eu\/it\/smart-building\/\" target=\"_self\">\n\t\t\t\t\t\t\tScopri di pi\u00f9\n\t\t\t<\/a>\n<h2>\n\t\t\tI nostri servizi\t<\/h2>\n\t<p>Dalla pre-vendita al post-vendita, siamo al fianco dei nostri clienti supportandoli attraverso <strong>servizi dedicati<\/strong>.<\/p>\n\t\t\t<a href=\"https:\/\/www.zeliatech.eu\/it\/servizi\" target=\"_self\">\n\t\t\t\t\t\t\tSCOPRI I NOSTRI SERVIZI\n\t\t\t\t\t<\/a>\n\t\t\t\t<img decoding=\"async\" src=\"https:\/\/static.zeliatech.eu\/uploads\/Ai-Technology-Spark-1.png\" alt=\"Ai-Technology-Spark\" title=\"Ai-Technology-Spark image\" loading='lazy' \/>\n<h3>\n\t\t\tVuoi diventare nostro cliente?\t<\/h3>\n\t<p>Se sei un rivenditore o ti occupi di assistenza e installazione, affidati all&#8217;esperienza di Zeliatech per offrire <strong>soluzioni energetiche innovative e personalizzate<\/strong>.<\/p>\n\t\t\t<a href=\"https:\/\/register.zeliatech.com\/it\" target=\"_self\">\n\t\t\t\t\t\t\tDiventa cliente\n\t\t\t\t\t<\/a>\n\t\t\t\t<img decoding=\"async\" src=\"https:\/\/static.zeliatech.eu\/uploads\/Business-Handshake.png\" alt=\"Business-Handshake\" title=\"Business-Handshake image\" loading='lazy' \/>\n<h3>\n\t\t\tVuoi diventare nostro fornitore?\t<\/h3>\n\t<p>Se sei un vendor e offri prodotti e servizi nei nostri mercati di riferimento, unisciti a Zeliatech.<\/p>\n\t\t\t<a href=\"https:\/\/www.zeliatech.eu\/it\/diventa-fornitore\/\" target=\"_self\">\n\t\t\t\t\t\t\tDiventa fornitore\n\t\t\t\t\t<\/a>\n\n","protected":false},"excerpt":{"rendered":"<p>CABLAGGIO STRUTTURATO Offriamo soluzioni di connettivit\u00e0 tecnologicamente avanzate e servizi di installazione di alta qualit\u00e0. La nostra offerta Dall&#8217;ambiente pi\u00f9 piccolo ai grandi data center, forniamo sistemi di cablaggio strutturato adatti a tutte le applicazioni, per guidare la fase di transizione energetica verso un uso pi\u00f9 responsabile ed efficiente delle risorse a disposizione. We are&hellip;<\/p>\n","protected":false},"author":1,"featured_media":0,"parent":558,"menu_order":3,"comment_status":"closed","ping_status":"closed","template":"","meta":{"_acf_changed":false,"footnotes":""},"class_list":["post-753","page","type-page","status-publish","hentry"],"acf":{"translations_hreflang":[{"language_code":"en","translation_url":"https:\/\/www.zeliatech.eu\/en\/data-centers\/structured-cabling\/"}]},"yoast_head":"<!-- This site is optimized with the Yoast SEO plugin v27.4 - https:\/\/yoast.com\/product\/yoast-seo-wordpress\/ -->\n<title>Soluzioni di cablaggio strutturato per Data Center<\/title>\n<meta name=\"description\" content=\"Soluzioni di cablaggio strutturato avanzate per data center: scopri i nostri sistemi in rame e fibra ottica che garantiscono performance e stabilit\u00e0 per la tua infrastruttura di rete.\" \/>\n<meta name=\"robots\" content=\"index, follow, max-snippet:-1, max-image-preview:large, max-video-preview:-1\" \/>\n<link rel=\"canonical\" href=\"https:\/\/www.zeliatech.eu\/it\/soluzioni-data-center\/cablaggio-strutturato\/\" \/>\n<meta property=\"og:locale\" content=\"it_IT\" \/>\n<meta property=\"og:type\" content=\"article\" \/>\n<meta property=\"og:title\" content=\"Soluzioni di cablaggio strutturato per Data Center\" \/>\n<meta property=\"og:description\" content=\"Soluzioni di cablaggio strutturato avanzate per data center: scopri i nostri sistemi in rame e fibra ottica che garantiscono performance e stabilit\u00e0 per la tua infrastruttura di rete.\" \/>\n<meta property=\"og:url\" content=\"https:\/\/www.zeliatech.eu\/it\/soluzioni-data-center\/cablaggio-strutturato\/\" \/>\n<meta property=\"og:site_name\" content=\"Zeliatech-IT\" \/>\n<meta property=\"article:modified_time\" content=\"2025-12-24T11:48:06+00:00\" \/>\n<meta property=\"og:image\" content=\"https:\/\/static.zeliatech.eu\/uploads\/rack-banner.jpg\" \/>\n<meta name=\"twitter:card\" content=\"summary_large_image\" \/>\n<meta name=\"twitter:label1\" content=\"Tempo di lettura stimato\" \/>\n\t<meta name=\"twitter:data1\" content=\"4 minuti\" \/>\n<script type=\"application\/ld+json\" class=\"yoast-schema-graph\">{\"@context\":\"https:\\\/\\\/schema.org\",\"@graph\":[{\"@type\":\"WebPage\",\"@id\":\"https:\\\/\\\/www.zeliatech.eu\\\/it\\\/soluzioni-data-center\\\/cablaggio-strutturato\\\/\",\"url\":\"https:\\\/\\\/www.zeliatech.eu\\\/it\\\/soluzioni-data-center\\\/cablaggio-strutturato\\\/\",\"name\":\"Soluzioni di cablaggio strutturato per Data Center\",\"isPartOf\":{\"@id\":\"https:\\\/\\\/www.zeliatech.eu\\\/it\\\/#website\"},\"primaryImageOfPage\":{\"@id\":\"https:\\\/\\\/www.zeliatech.eu\\\/it\\\/soluzioni-data-center\\\/cablaggio-strutturato\\\/#primaryimage\"},\"image\":{\"@id\":\"https:\\\/\\\/www.zeliatech.eu\\\/it\\\/soluzioni-data-center\\\/cablaggio-strutturato\\\/#primaryimage\"},\"thumbnailUrl\":\"https:\\\/\\\/static.zeliatech.eu\\\/uploads\\\/rack-banner.jpg\",\"datePublished\":\"2023-12-05T13:35:13+00:00\",\"dateModified\":\"2025-12-24T11:48:06+00:00\",\"description\":\"Soluzioni di cablaggio strutturato avanzate per data center: scopri i nostri sistemi in rame e fibra ottica che garantiscono performance e stabilit\u00e0 per la tua infrastruttura di rete.\",\"breadcrumb\":{\"@id\":\"https:\\\/\\\/www.zeliatech.eu\\\/it\\\/soluzioni-data-center\\\/cablaggio-strutturato\\\/#breadcrumb\"},\"inLanguage\":\"it-IT\",\"potentialAction\":[{\"@type\":\"ReadAction\",\"target\":[\"https:\\\/\\\/www.zeliatech.eu\\\/it\\\/soluzioni-data-center\\\/cablaggio-strutturato\\\/\"]}]},{\"@type\":\"ImageObject\",\"inLanguage\":\"it-IT\",\"@id\":\"https:\\\/\\\/www.zeliatech.eu\\\/it\\\/soluzioni-data-center\\\/cablaggio-strutturato\\\/#primaryimage\",\"url\":\"https:\\\/\\\/static.zeliatech.eu\\\/uploads\\\/rack-banner.jpg\",\"contentUrl\":\"https:\\\/\\\/static.zeliatech.eu\\\/uploads\\\/rack-banner.jpg\"},{\"@type\":\"BreadcrumbList\",\"@id\":\"https:\\\/\\\/www.zeliatech.eu\\\/it\\\/soluzioni-data-center\\\/cablaggio-strutturato\\\/#breadcrumb\",\"itemListElement\":[{\"@type\":\"ListItem\",\"position\":1,\"name\":\"Home\",\"item\":\"https:\\\/\\\/www.zeliatech.eu\\\/it\\\/\"},{\"@type\":\"ListItem\",\"position\":2,\"name\":\"Data Center Facility\",\"item\":\"https:\\\/\\\/www.zeliatech.eu\\\/it\\\/soluzioni-data-center\\\/\"},{\"@type\":\"ListItem\",\"position\":3,\"name\":\"Cablaggio Strutturato\"}]},{\"@type\":\"WebSite\",\"@id\":\"https:\\\/\\\/www.zeliatech.eu\\\/it\\\/#website\",\"url\":\"https:\\\/\\\/www.zeliatech.eu\\\/it\\\/\",\"name\":\"Zeliatech-IT\",\"description\":\"\",\"publisher\":{\"@id\":\"https:\\\/\\\/www.zeliatech.eu\\\/it\\\/#organization\"},\"potentialAction\":[{\"@type\":\"SearchAction\",\"target\":{\"@type\":\"EntryPoint\",\"urlTemplate\":\"https:\\\/\\\/www.zeliatech.eu\\\/it\\\/?s={search_term_string}\"},\"query-input\":{\"@type\":\"PropertyValueSpecification\",\"valueRequired\":true,\"valueName\":\"search_term_string\"}}],\"inLanguage\":\"it-IT\"},{\"@type\":\"Organization\",\"@id\":\"https:\\\/\\\/www.zeliatech.eu\\\/it\\\/#organization\",\"name\":\"Zeliatech S.r.l.\",\"url\":\"https:\\\/\\\/www.zeliatech.eu\\\/it\\\/\",\"logo\":{\"@type\":\"ImageObject\",\"inLanguage\":\"it-IT\",\"@id\":\"https:\\\/\\\/www.zeliatech.eu\\\/it\\\/#\\\/schema\\\/logo\\\/image\\\/\",\"url\":\"https:\\\/\\\/www.zeliatech.eu\\\/wp-content\\\/uploads\\\/Zeliatech-logo-1.png\",\"contentUrl\":\"https:\\\/\\\/www.zeliatech.eu\\\/wp-content\\\/uploads\\\/Zeliatech-logo-1.png\",\"width\":319,\"height\":72,\"caption\":\"Zeliatech S.r.l.\"},\"image\":{\"@id\":\"https:\\\/\\\/www.zeliatech.eu\\\/it\\\/#\\\/schema\\\/logo\\\/image\\\/\"},\"sameAs\":[\"https:\\\/\\\/www.linkedin.com\\\/company\\\/zeliatech-tech\\\/\"]}]}<\/script>\n<!-- \/ Yoast SEO plugin. -->","yoast_head_json":{"title":"Soluzioni di cablaggio strutturato per Data Center","description":"Soluzioni di cablaggio strutturato avanzate per data center: scopri i nostri sistemi in rame e fibra ottica che garantiscono performance e stabilit\u00e0 per la tua infrastruttura di rete.","robots":{"index":"index","follow":"follow","max-snippet":"max-snippet:-1","max-image-preview":"max-image-preview:large","max-video-preview":"max-video-preview:-1"},"canonical":"https:\/\/www.zeliatech.eu\/it\/soluzioni-data-center\/cablaggio-strutturato\/","og_locale":"it_IT","og_type":"article","og_title":"Soluzioni di cablaggio strutturato per Data Center","og_description":"Soluzioni di cablaggio strutturato avanzate per data center: scopri i nostri sistemi in rame e fibra ottica che garantiscono performance e stabilit\u00e0 per la tua infrastruttura di rete.","og_url":"https:\/\/www.zeliatech.eu\/it\/soluzioni-data-center\/cablaggio-strutturato\/","og_site_name":"Zeliatech-IT","article_modified_time":"2025-12-24T11:48:06+00:00","og_image":[{"url":"https:\/\/static.zeliatech.eu\/uploads\/rack-banner.jpg","type":"","width":"","height":""}],"twitter_card":"summary_large_image","twitter_misc":{"Tempo di lettura stimato":"4 minuti"},"schema":{"@context":"https:\/\/schema.org","@graph":[{"@type":"WebPage","@id":"https:\/\/www.zeliatech.eu\/it\/soluzioni-data-center\/cablaggio-strutturato\/","url":"https:\/\/www.zeliatech.eu\/it\/soluzioni-data-center\/cablaggio-strutturato\/","name":"Soluzioni di cablaggio strutturato per Data Center","isPartOf":{"@id":"https:\/\/www.zeliatech.eu\/it\/#website"},"primaryImageOfPage":{"@id":"https:\/\/www.zeliatech.eu\/it\/soluzioni-data-center\/cablaggio-strutturato\/#primaryimage"},"image":{"@id":"https:\/\/www.zeliatech.eu\/it\/soluzioni-data-center\/cablaggio-strutturato\/#primaryimage"},"thumbnailUrl":"https:\/\/static.zeliatech.eu\/uploads\/rack-banner.jpg","datePublished":"2023-12-05T13:35:13+00:00","dateModified":"2025-12-24T11:48:06+00:00","description":"Soluzioni di cablaggio strutturato avanzate per data center: scopri i nostri sistemi in rame e fibra ottica che garantiscono performance e stabilit\u00e0 per la tua infrastruttura di rete.","breadcrumb":{"@id":"https:\/\/www.zeliatech.eu\/it\/soluzioni-data-center\/cablaggio-strutturato\/#breadcrumb"},"inLanguage":"it-IT","potentialAction":[{"@type":"ReadAction","target":["https:\/\/www.zeliatech.eu\/it\/soluzioni-data-center\/cablaggio-strutturato\/"]}]},{"@type":"ImageObject","inLanguage":"it-IT","@id":"https:\/\/www.zeliatech.eu\/it\/soluzioni-data-center\/cablaggio-strutturato\/#primaryimage","url":"https:\/\/static.zeliatech.eu\/uploads\/rack-banner.jpg","contentUrl":"https:\/\/static.zeliatech.eu\/uploads\/rack-banner.jpg"},{"@type":"BreadcrumbList","@id":"https:\/\/www.zeliatech.eu\/it\/soluzioni-data-center\/cablaggio-strutturato\/#breadcrumb","itemListElement":[{"@type":"ListItem","position":1,"name":"Home","item":"https:\/\/www.zeliatech.eu\/it\/"},{"@type":"ListItem","position":2,"name":"Data Center Facility","item":"https:\/\/www.zeliatech.eu\/it\/soluzioni-data-center\/"},{"@type":"ListItem","position":3,"name":"Cablaggio Strutturato"}]},{"@type":"WebSite","@id":"https:\/\/www.zeliatech.eu\/it\/#website","url":"https:\/\/www.zeliatech.eu\/it\/","name":"Zeliatech-IT","description":"","publisher":{"@id":"https:\/\/www.zeliatech.eu\/it\/#organization"},"potentialAction":[{"@type":"SearchAction","target":{"@type":"EntryPoint","urlTemplate":"https:\/\/www.zeliatech.eu\/it\/?s={search_term_string}"},"query-input":{"@type":"PropertyValueSpecification","valueRequired":true,"valueName":"search_term_string"}}],"inLanguage":"it-IT"},{"@type":"Organization","@id":"https:\/\/www.zeliatech.eu\/it\/#organization","name":"Zeliatech S.r.l.","url":"https:\/\/www.zeliatech.eu\/it\/","logo":{"@type":"ImageObject","inLanguage":"it-IT","@id":"https:\/\/www.zeliatech.eu\/it\/#\/schema\/logo\/image\/","url":"https:\/\/www.zeliatech.eu\/wp-content\/uploads\/Zeliatech-logo-1.png","contentUrl":"https:\/\/www.zeliatech.eu\/wp-content\/uploads\/Zeliatech-logo-1.png","width":319,"height":72,"caption":"Zeliatech S.r.l."},"image":{"@id":"https:\/\/www.zeliatech.eu\/it\/#\/schema\/logo\/image\/"},"sameAs":["https:\/\/www.linkedin.com\/company\/zeliatech-tech\/"]}]}},"_links":{"self":[{"href":"https:\/\/www.zeliatech.eu\/it\/wp-json\/wp\/v2\/pages\/753","targetHints":{"allow":["GET"]}}],"collection":[{"href":"https:\/\/www.zeliatech.eu\/it\/wp-json\/wp\/v2\/pages"}],"about":[{"href":"https:\/\/www.zeliatech.eu\/it\/wp-json\/wp\/v2\/types\/page"}],"author":[{"embeddable":true,"href":"https:\/\/www.zeliatech.eu\/it\/wp-json\/wp\/v2\/users\/1"}],"replies":[{"embeddable":true,"href":"https:\/\/www.zeliatech.eu\/it\/wp-json\/wp\/v2\/comments?post=753"}],"version-history":[{"count":5,"href":"https:\/\/www.zeliatech.eu\/it\/wp-json\/wp\/v2\/pages\/753\/revisions"}],"predecessor-version":[{"id":3190,"href":"https:\/\/www.zeliatech.eu\/it\/wp-json\/wp\/v2\/pages\/753\/revisions\/3190"}],"up":[{"embeddable":true,"href":"https:\/\/www.zeliatech.eu\/it\/wp-json\/wp\/v2\/pages\/558"}],"wp:attachment":[{"href":"https:\/\/www.zeliatech.eu\/it\/wp-json\/wp\/v2\/media?parent=753"}],"curies":[{"name":"wp","href":"https:\/\/api.w.org\/{rel}","templated":true}]}}