{"id":810,"date":"2023-12-05T16:45:18","date_gmt":"2023-12-05T16:45:18","guid":{"rendered":"https:\/\/staging.zeliatech.com\/?page_id=810"},"modified":"2025-12-24T13:38:48","modified_gmt":"2025-12-24T13:38:48","slug":"perche-zeliatech","status":"publish","type":"page","link":"https:\/\/www.zeliatech.eu\/it\/perche-zeliatech\/","title":{"rendered":"Perch\u00e9 Zeliatech"},"content":{"rendered":"\n\n\t<center><\/center>\n<h1>\n\t\t\tPerch\u00e9 zeliatech\t<\/h1>\n\t<h2>Distribuiamo <strong>tecnologie green<\/strong> per un domani pi\u00f9<br \/>\nsostenibile<\/h2>\n\t\t\t\t<img decoding=\"async\" src=\"https:\/\/static.zeliatech.eu\/uploads\/icone-perche-Zeliatech_competenza.png\" alt=\"Competenza orange\" itemprop=\"image\" title=\"Competenza orange image\" onerror=\"this.style.display='none'\" loading=\"lazy\" \/>\n<h3>\n\t\t\tCompetenza\t<\/h3>\n\t\t\t\t<img decoding=\"async\" src=\"https:\/\/static.zeliatech.eu\/uploads\/icone-perche-Zeliatech_velocita.png\" alt=\"Velocit\u00e0 orange\" itemprop=\"image\" title=\"Velocit\u00e0 orange image\" onerror=\"this.style.display='none'\" loading=\"lazy\" \/>\n<h3>\n\t\t\tVelocit\u00e0\t<\/h3>\n\t\t\t\t<img decoding=\"async\" src=\"https:\/\/static.zeliatech.eu\/uploads\/icone-perche-Zeliatech_focalizzazione.png\" alt=\"focalizzazione orange\" itemprop=\"image\" title=\"focalizzazione orange image\" onerror=\"this.style.display='none'\" loading=\"lazy\" \/>\n<h3>\n\t\t\tFocalizzazione\t<\/h3>\n\t\t\t\t<img decoding=\"async\" src=\"https:\/\/static.zeliatech.eu\/uploads\/icone-perche-Zeliatech_servizi.png\" alt=\"servizi orange\" itemprop=\"image\" title=\"servizi orange image\" onerror=\"this.style.display='none'\" loading=\"lazy\" \/>\n<h3>\n\t\t\tServizi\t<\/h3>\n\t<p>Punto di riferimento per la diffusione delle <strong>tecnologie green<\/strong><\/p>\n\t<p>Vogliamo essere protagonisti della <strong>transizione ecologica ed energetica<\/strong> verso la <strong>sostenibilit\u00e0 ambientale<\/strong>.<\/p>\n<p>Siamo consci che questa \u00e8 la sfida pi\u00f9 importante e complessa per l&#8217;umanit\u00e0.<\/p>\n\t<p>We are Zeliatech<\/p>\n<h2>\n\t\t\tSei un rivenditore?\t<\/h2>\n\t<p>Mettici alla prova! Potrai contare su un ampio portfolio prodotti, su numerosi servizi e sulle competenze dei nostri professionisti.<\/p>\n\t\t\t<a href=\"https:\/\/www.zeliatech.eu\/it\/richiedi-informazioni-zeliatech\/\" target=\"_self\">\n\t\t\t\t\t\t\tRichiedi Info\n\t\t\t\t\t<\/a>\n\t<p>We are Zeliatech<\/p>\n<h2>\n\t\t\tSei un vendor?\t<\/h2>\n\t<p>Mettiamo a tua disposizione un numero rilevante di rivenditori ed installatori fidelizzati, che serviamo quotidianamente attraverso la nostra <strong>struttura tecnico<\/strong> <strong>commerciale<\/strong>.<\/p>\n<p>Sito eCommerce B2B, organizzazione eventi on site e on line, supporto per la formazione e certificazione dei vostri partners, sono solo alcuni dei numerosi valori aggiunti che possiamo garantire ai vendor con cui collaboriamo<\/p>\n\t\t\t<a href=\"https:\/\/www.zeliatech.eu\/it\/diventa-fornitore\/\" target=\"_self\">\n\t\t\t\t\t\t\tRichiedi Info\n\t\t\t\t\t<\/a>\n\t<p>We are Zeliatech<\/p>\n<h2>\n\t\t\tSei un utente finale?\t<\/h2>\n\t<p>Chiedi consiglio alla nostra struttura tecnica, che ti indirizzer\u00e0 verso la <strong>migliore soluzione tecnologica<\/strong> mettendoti in contatto con il rivenditore autorizzato pi\u00f9 adatto.<\/p>\n\t\t\t<a href=\"https:\/\/www.zeliatech.eu\/it\/richiedi-informazioni-zeliatech\/\" target=\"_self\">\n\t\t\t\t\t\t\tRichiedi Info\n\t\t\t\t\t<\/a>\n<h2>\n\t\t\tIl Gruppo Esprinet\t<\/h2>\n\t<p>Rendiamo la vita di persone e organizzazioni pi\u00f9 semplice attraverso l&#8217;uso intelligente della tecnologia. Lavoriamo costantemente per facilitare l&#8217;accesso e migliorare la diffusione di soluzioni tecnologiche, con l&#8217;obiettivo di arricchire la vita di ognuno nelle attivit\u00e0 quotidiane.<\/p>\n\t\t\t<a href=\"https:\/\/www.zeliatech.eu\/it\/gruppo\/\" target=\"_self\">\n\t\t\t\t\t\t\tscopri il gruppo\n\t\t\t\t\t<\/a>\n<h2>\n\t\t\tTutte le nostre soluzioni\t<\/h2>\n\t<p>Esplora l&#8217;eccellenza dei prodotti Tech nel mercato della sostenibilit\u00e0, riuniti in un unico luogo per te.<\/p>\n\t\t\t<a href=\"https:\/\/www.zeliatech.eu\/it\" target=\"_self\">\n\t\t\t\t\t\t\tscopri le nostre soluzioni\n\t\t\t\t\t<\/a>\n\t\t\t\t<img decoding=\"async\" src=\"https:\/\/static.zeliatech.eu\/uploads\/Ai-Technology-Spark-1.png\" alt=\"Ai-Technology-Spark\" itemprop=\"image\" title=\"Ai-Technology-Spark image\" onerror=\"this.style.display='none'\" loading=\"lazy\" \/>\n<h3>\n\t\t\tVuoi diventare nostro cliente?\t<\/h3>\n\t<p>Se sei un rivenditore o ti occupi di assistenza e installazione, affidati all&#8217;esperienza di Zeliatech per offrire <strong>soluzioni energetiche innovative e personalizzate<\/strong>.<\/p>\n\t\t\t<a href=\"https:\/\/register.zeliatech.com\/it\" target=\"_self\">\n\t\t\t\t\t\t\tDiventa cliente\n\t\t\t\t\t<\/a>\n\t\t\t\t<img decoding=\"async\" src=\"https:\/\/static.zeliatech.eu\/uploads\/Business-Handshake.png\" alt=\"Business-Handshake\" itemprop=\"image\" title=\"Business-Handshake image\" onerror=\"this.style.display='none'\" loading=\"lazy\" \/>\n<h3>\n\t\t\tVuoi diventare nostro fornitore?\t<\/h3>\n\t<p>Se sei un vendor e offri prodotti e servizi nei nostri mercati di riferimento, unisciti a Zeliatech.<\/p>\n\t\t\t<a href=\"https:\/\/www.zeliatech.eu\/it\/diventa-fornitore\/\" target=\"_self\">\n\t\t\t\t\t\t\tDiventa fornitore\n\t\t\t\t\t<\/a>\n\n","protected":false},"excerpt":{"rendered":"<p>Perch\u00e9 zeliatech Distribuiamo tecnologie green per un domani pi\u00f9 sostenibile Competenza Velocit\u00e0 Focalizzazione Servizi Punto di riferimento per la diffusione delle tecnologie green Vogliamo essere protagonisti della transizione ecologica ed energetica verso la sostenibilit\u00e0 ambientale. Siamo consci che questa \u00e8 la sfida pi\u00f9 importante e complessa per l&#8217;umanit\u00e0. We are Zeliatech Sei un rivenditore? Mettici&hellip;<\/p>\n","protected":false},"author":1,"featured_media":0,"parent":0,"menu_order":23,"comment_status":"closed","ping_status":"closed","template":"","meta":{"_acf_changed":false,"footnotes":""},"class_list":["post-810","page","type-page","status-publish","hentry"],"acf":{"translations_hreflang":[{"language_code":"en","translation_url":"https:\/\/www.zeliatech.eu\/en\/why-zeliatech\/"}]},"yoast_head":"<!-- This site is optimized with the Yoast SEO plugin v27.2 - https:\/\/yoast.com\/product\/yoast-seo-wordpress\/ -->\n<title>Perch\u00e9 scegliere Zeliatech: leader in tecnologie green e sostenibilit\u00e0 ambientale<\/title>\n<meta name=\"description\" content=\"Zeliatech, distributore e partner ideale nel campo delle tecnologie green. Distribuiamo soluzioni innovative per rivenditori, installatori e utenti finali, verso un un futuro sostenibile.\" \/>\n<meta name=\"robots\" content=\"index, follow, max-snippet:-1, max-image-preview:large, max-video-preview:-1\" \/>\n<link rel=\"canonical\" href=\"https:\/\/www.zeliatech.eu\/it\/perche-zeliatech\/\" \/>\n<meta property=\"og:locale\" content=\"it_IT\" \/>\n<meta property=\"og:type\" content=\"article\" \/>\n<meta property=\"og:title\" content=\"Perch\u00e9 scegliere Zeliatech: leader in tecnologie green e sostenibilit\u00e0 ambientale\" \/>\n<meta property=\"og:description\" content=\"Zeliatech, distributore e partner ideale nel campo delle tecnologie green. Distribuiamo soluzioni innovative per rivenditori, installatori e utenti finali, verso un un futuro sostenibile.\" \/>\n<meta property=\"og:url\" content=\"https:\/\/www.zeliatech.eu\/it\/perche-zeliatech\/\" \/>\n<meta property=\"og:site_name\" content=\"Zeliatech-IT\" \/>\n<meta property=\"article:modified_time\" content=\"2025-12-24T13:38:48+00:00\" \/>\n<meta property=\"og:image\" content=\"https:\/\/static.zeliatech.eu\/uploads\/icone-perche-Zeliatech_competenza.png\" \/>\n<meta name=\"twitter:card\" content=\"summary_large_image\" \/>\n<meta name=\"twitter:label1\" content=\"Tempo di lettura stimato\" \/>\n\t<meta name=\"twitter:data1\" content=\"4 minuti\" \/>\n<script type=\"application\/ld+json\" class=\"yoast-schema-graph\">{\"@context\":\"https:\/\/schema.org\",\"@graph\":[{\"@type\":\"WebPage\",\"@id\":\"https:\/\/www.zeliatech.eu\/it\/perche-zeliatech\/\",\"url\":\"https:\/\/www.zeliatech.eu\/it\/perche-zeliatech\/\",\"name\":\"Perch\u00e9 scegliere Zeliatech: leader in tecnologie green e sostenibilit\u00e0 ambientale\",\"isPartOf\":{\"@id\":\"https:\/\/www.zeliatech.eu\/it\/#website\"},\"primaryImageOfPage\":{\"@id\":\"https:\/\/www.zeliatech.eu\/it\/perche-zeliatech\/#primaryimage\"},\"image\":{\"@id\":\"https:\/\/www.zeliatech.eu\/it\/perche-zeliatech\/#primaryimage\"},\"thumbnailUrl\":\"https:\/\/static.zeliatech.eu\/uploads\/icone-perche-Zeliatech_competenza.png\",\"datePublished\":\"2023-12-05T16:45:18+00:00\",\"dateModified\":\"2025-12-24T13:38:48+00:00\",\"description\":\"Zeliatech, distributore e partner ideale nel campo delle tecnologie green. Distribuiamo soluzioni innovative per rivenditori, installatori e utenti finali, verso un un futuro sostenibile.\",\"breadcrumb\":{\"@id\":\"https:\/\/www.zeliatech.eu\/it\/perche-zeliatech\/#breadcrumb\"},\"inLanguage\":\"it-IT\",\"potentialAction\":[{\"@type\":\"ReadAction\",\"target\":[\"https:\/\/www.zeliatech.eu\/it\/perche-zeliatech\/\"]}]},{\"@type\":\"ImageObject\",\"inLanguage\":\"it-IT\",\"@id\":\"https:\/\/www.zeliatech.eu\/it\/perche-zeliatech\/#primaryimage\",\"url\":\"https:\/\/static.zeliatech.eu\/uploads\/icone-perche-Zeliatech_competenza.png\",\"contentUrl\":\"https:\/\/static.zeliatech.eu\/uploads\/icone-perche-Zeliatech_competenza.png\"},{\"@type\":\"BreadcrumbList\",\"@id\":\"https:\/\/www.zeliatech.eu\/it\/perche-zeliatech\/#breadcrumb\",\"itemListElement\":[{\"@type\":\"ListItem\",\"position\":1,\"name\":\"Home\",\"item\":\"https:\/\/www.zeliatech.eu\/it\/\"},{\"@type\":\"ListItem\",\"position\":2,\"name\":\"Perch\u00e9 Zeliatech\"}]},{\"@type\":\"WebSite\",\"@id\":\"https:\/\/www.zeliatech.eu\/it\/#website\",\"url\":\"https:\/\/www.zeliatech.eu\/it\/\",\"name\":\"Zeliatech-IT\",\"description\":\"\",\"publisher\":{\"@id\":\"https:\/\/www.zeliatech.eu\/it\/#organization\"},\"potentialAction\":[{\"@type\":\"SearchAction\",\"target\":{\"@type\":\"EntryPoint\",\"urlTemplate\":\"https:\/\/www.zeliatech.eu\/it\/?s={search_term_string}\"},\"query-input\":{\"@type\":\"PropertyValueSpecification\",\"valueRequired\":true,\"valueName\":\"search_term_string\"}}],\"inLanguage\":\"it-IT\"},{\"@type\":\"Organization\",\"@id\":\"https:\/\/www.zeliatech.eu\/it\/#organization\",\"name\":\"Zeliatech S.r.l.\",\"url\":\"https:\/\/www.zeliatech.eu\/it\/\",\"logo\":{\"@type\":\"ImageObject\",\"inLanguage\":\"it-IT\",\"@id\":\"https:\/\/www.zeliatech.eu\/it\/#\/schema\/logo\/image\/\",\"url\":\"https:\/\/www.zeliatech.eu\/wp-content\/uploads\/Zeliatech-logo-1.png\",\"contentUrl\":\"https:\/\/www.zeliatech.eu\/wp-content\/uploads\/Zeliatech-logo-1.png\",\"width\":319,\"height\":72,\"caption\":\"Zeliatech S.r.l.\"},\"image\":{\"@id\":\"https:\/\/www.zeliatech.eu\/it\/#\/schema\/logo\/image\/\"},\"sameAs\":[\"https:\/\/www.linkedin.com\/company\/zeliatech-tech\/\"]}]}<\/script>\n<!-- \/ Yoast SEO plugin. -->","yoast_head_json":{"title":"Perch\u00e9 scegliere Zeliatech: leader in tecnologie green e sostenibilit\u00e0 ambientale","description":"Zeliatech, distributore e partner ideale nel campo delle tecnologie green. Distribuiamo soluzioni innovative per rivenditori, installatori e utenti finali, verso un un futuro sostenibile.","robots":{"index":"index","follow":"follow","max-snippet":"max-snippet:-1","max-image-preview":"max-image-preview:large","max-video-preview":"max-video-preview:-1"},"canonical":"https:\/\/www.zeliatech.eu\/it\/perche-zeliatech\/","og_locale":"it_IT","og_type":"article","og_title":"Perch\u00e9 scegliere Zeliatech: leader in tecnologie green e sostenibilit\u00e0 ambientale","og_description":"Zeliatech, distributore e partner ideale nel campo delle tecnologie green. Distribuiamo soluzioni innovative per rivenditori, installatori e utenti finali, verso un un futuro sostenibile.","og_url":"https:\/\/www.zeliatech.eu\/it\/perche-zeliatech\/","og_site_name":"Zeliatech-IT","article_modified_time":"2025-12-24T13:38:48+00:00","og_image":[{"url":"https:\/\/static.zeliatech.eu\/uploads\/icone-perche-Zeliatech_competenza.png","type":"","width":"","height":""}],"twitter_card":"summary_large_image","twitter_misc":{"Tempo di lettura stimato":"4 minuti"},"schema":{"@context":"https:\/\/schema.org","@graph":[{"@type":"WebPage","@id":"https:\/\/www.zeliatech.eu\/it\/perche-zeliatech\/","url":"https:\/\/www.zeliatech.eu\/it\/perche-zeliatech\/","name":"Perch\u00e9 scegliere Zeliatech: leader in tecnologie green e sostenibilit\u00e0 ambientale","isPartOf":{"@id":"https:\/\/www.zeliatech.eu\/it\/#website"},"primaryImageOfPage":{"@id":"https:\/\/www.zeliatech.eu\/it\/perche-zeliatech\/#primaryimage"},"image":{"@id":"https:\/\/www.zeliatech.eu\/it\/perche-zeliatech\/#primaryimage"},"thumbnailUrl":"https:\/\/static.zeliatech.eu\/uploads\/icone-perche-Zeliatech_competenza.png","datePublished":"2023-12-05T16:45:18+00:00","dateModified":"2025-12-24T13:38:48+00:00","description":"Zeliatech, distributore e partner ideale nel campo delle tecnologie green. Distribuiamo soluzioni innovative per rivenditori, installatori e utenti finali, verso un un futuro sostenibile.","breadcrumb":{"@id":"https:\/\/www.zeliatech.eu\/it\/perche-zeliatech\/#breadcrumb"},"inLanguage":"it-IT","potentialAction":[{"@type":"ReadAction","target":["https:\/\/www.zeliatech.eu\/it\/perche-zeliatech\/"]}]},{"@type":"ImageObject","inLanguage":"it-IT","@id":"https:\/\/www.zeliatech.eu\/it\/perche-zeliatech\/#primaryimage","url":"https:\/\/static.zeliatech.eu\/uploads\/icone-perche-Zeliatech_competenza.png","contentUrl":"https:\/\/static.zeliatech.eu\/uploads\/icone-perche-Zeliatech_competenza.png"},{"@type":"BreadcrumbList","@id":"https:\/\/www.zeliatech.eu\/it\/perche-zeliatech\/#breadcrumb","itemListElement":[{"@type":"ListItem","position":1,"name":"Home","item":"https:\/\/www.zeliatech.eu\/it\/"},{"@type":"ListItem","position":2,"name":"Perch\u00e9 Zeliatech"}]},{"@type":"WebSite","@id":"https:\/\/www.zeliatech.eu\/it\/#website","url":"https:\/\/www.zeliatech.eu\/it\/","name":"Zeliatech-IT","description":"","publisher":{"@id":"https:\/\/www.zeliatech.eu\/it\/#organization"},"potentialAction":[{"@type":"SearchAction","target":{"@type":"EntryPoint","urlTemplate":"https:\/\/www.zeliatech.eu\/it\/?s={search_term_string}"},"query-input":{"@type":"PropertyValueSpecification","valueRequired":true,"valueName":"search_term_string"}}],"inLanguage":"it-IT"},{"@type":"Organization","@id":"https:\/\/www.zeliatech.eu\/it\/#organization","name":"Zeliatech S.r.l.","url":"https:\/\/www.zeliatech.eu\/it\/","logo":{"@type":"ImageObject","inLanguage":"it-IT","@id":"https:\/\/www.zeliatech.eu\/it\/#\/schema\/logo\/image\/","url":"https:\/\/www.zeliatech.eu\/wp-content\/uploads\/Zeliatech-logo-1.png","contentUrl":"https:\/\/www.zeliatech.eu\/wp-content\/uploads\/Zeliatech-logo-1.png","width":319,"height":72,"caption":"Zeliatech S.r.l."},"image":{"@id":"https:\/\/www.zeliatech.eu\/it\/#\/schema\/logo\/image\/"},"sameAs":["https:\/\/www.linkedin.com\/company\/zeliatech-tech\/"]}]}},"_links":{"self":[{"href":"https:\/\/www.zeliatech.eu\/it\/wp-json\/wp\/v2\/pages\/810","targetHints":{"allow":["GET"]}}],"collection":[{"href":"https:\/\/www.zeliatech.eu\/it\/wp-json\/wp\/v2\/pages"}],"about":[{"href":"https:\/\/www.zeliatech.eu\/it\/wp-json\/wp\/v2\/types\/page"}],"author":[{"embeddable":true,"href":"https:\/\/www.zeliatech.eu\/it\/wp-json\/wp\/v2\/users\/1"}],"replies":[{"embeddable":true,"href":"https:\/\/www.zeliatech.eu\/it\/wp-json\/wp\/v2\/comments?post=810"}],"version-history":[{"count":5,"href":"https:\/\/www.zeliatech.eu\/it\/wp-json\/wp\/v2\/pages\/810\/revisions"}],"predecessor-version":[{"id":3137,"href":"https:\/\/www.zeliatech.eu\/it\/wp-json\/wp\/v2\/pages\/810\/revisions\/3137"}],"wp:attachment":[{"href":"https:\/\/www.zeliatech.eu\/it\/wp-json\/wp\/v2\/media?parent=810"}],"curies":[{"name":"wp","href":"https:\/\/api.w.org\/{rel}","templated":true}]}}